{"id":9855,"date":"2023-02-19T20:59:57","date_gmt":"2023-02-19T17:59:57","guid":{"rendered":"https:\/\/billas.com.tr\/%d0%bf%d0%be%d0%bb%d0%b8%d1%82%d0%b8%d0%ba%d0%b0-%d0%b2%d0%be%d0%b7%d0%b2%d1%80%d0%b0%d1%82%d0%b0-%d0%b8-%d0%b2%d0%be%d0%b7%d0%bc%d0%b5%d1%89%d0%b5%d0%bd%d0%b8%d1%8f\/"},"modified":"2023-11-26T17:51:35","modified_gmt":"2023-11-26T14:51:35","slug":"%d0%bf%d0%be%d0%bb%d0%b8%d1%82%d0%b8%d0%ba%d0%b0-%d0%b2%d0%be%d0%b7%d0%b2%d1%80%d0%b0%d1%82%d0%b0-%d0%b8-%d0%b2%d0%be%d0%b7%d0%bc%d0%b5%d1%89%d0%b5%d0%bd%d0%b8%d1%8f","status":"publish","type":"page","link":"https:\/\/billas.com.tr\/ru\/%d0%bf%d0%be%d0%bb%d0%b8%d1%82%d0%b8%d0%ba%d0%b0-%d0%b2%d0%be%d0%b7%d0%b2%d1%80%d0%b0%d1%82%d0%b0-%d0%b8-%d0%b2%d0%be%d0%b7%d0%bc%d0%b5%d1%89%d0%b5%d0%bd%d0%b8%d1%8f\/","title":{"rendered":"\u041f\u041e\u041b\u0418\u0422\u0418\u041a\u0410 \u0412 \u041e\u0422\u041d\u041e\u0428\u0415\u041d\u0418\u0418 \u0424\u0410\u0419\u041b\u041e\u0412 COOKIE"},"content":{"rendered":"<p>[vc_row disable_background_image=&#187;&#187; css=&#187;.vc_custom_1701010202501{padding-left: 50px !important;}&#187;][vc_column][vc_custom_heading text=&#187;\u041f\u041e\u041b\u0418\u0422\u0418\u041a\u0410 \u0418\u0421\u041f\u041e\u041b\u042c\u0417\u041e\u0412\u0410\u041d\u0418\u042f \u0424\u0410\u0419\u041b\u041e\u0412 COOKIE \u041a\u041e\u041c\u041f\u0410\u041d\u0418\u0418 BI\u0307LLAS TYRE A.\u015e.&#187;][\/vc_column][\/vc_row][vc_row disable_background_image=&#187;&#187; css=&#187;.vc_custom_1701010271241{padding-right: 50px !important;padding-left: 50px !important;}&#187;][vc_column][vc_column_text]<span style=\"color: #000000;\">\u0412 \u0440\u0430\u043c\u043a\u0430\u0445 \u0434\u0430\u043d\u043d\u043e\u0439 \u043f\u043e\u043b\u0438\u0442\u0438\u043a\u0438 \u0442\u0435\u0440\u043c\u0438\u043d &#171;Cookie&#187; \u043e\u0442\u043d\u043e\u0441\u0438\u0442\u0441\u044f \u043a \u0444\u0430\u0439\u043b\u0430\u043c cookie \u0438 \u043f\u0440\u043e\u0434\u0443\u043a\u0442\u0430\u043c, \u043a\u043e\u0442\u043e\u0440\u044b\u0435 \u0441\u043b\u0443\u0436\u0430\u0442 \u0430\u043d\u0430\u043b\u043e\u0433\u0438\u0447\u043d\u043e\u0439 \u0446\u0435\u043b\u0438.<\/span><\/p>\n<p><span style=\"color: #000000;\"><strong>\u0427\u0442\u043e \u0442\u0430\u043a\u043e\u0435 \u043f\u0435\u0447\u0435\u043d\u044c\u0435?<\/strong><\/span><\/p>\n<p><span style=\"color: #000000;\">Cookie &#8212; \u044d\u0442\u043e \u043d\u0435\u0431\u043e\u043b\u044c\u0448\u043e\u0439 \u0442\u0435\u043a\u0441\u0442\u043e\u0432\u044b\u0439 \u0444\u0430\u0439\u043b, \u043a\u043e\u0442\u043e\u0440\u044b\u0439 \u0441\u0430\u0439\u0442 \u0441\u043e\u0445\u0440\u0430\u043d\u044f\u0435\u0442 \u043d\u0430 \u0432\u0430\u0448\u0435\u043c \u043a\u043e\u043c\u043f\u044c\u044e\u0442\u0435\u0440\u0435 \u0438\u043b\u0438 \u043c\u043e\u0431\u0438\u043b\u044c\u043d\u043e\u043c \u0443\u0441\u0442\u0440\u043e\u0439\u0441\u0442\u0432\u0435 \u043f\u0440\u0438 \u043f\u043e\u0441\u0435\u0449\u0435\u043d\u0438\u0438 \u0441\u0430\u0439\u0442\u0430. \u0424\u0430\u0439\u043b\u044b cookie \u0448\u0438\u0440\u043e\u043a\u043e \u0438\u0441\u043f\u043e\u043b\u044c\u0437\u0443\u044e\u0442\u0441\u044f \u0434\u043b\u044f \u043e\u0431\u0435\u0441\u043f\u0435\u0447\u0435\u043d\u0438\u044f \u0440\u0430\u0431\u043e\u0442\u044b \u0432\u0435\u0431-\u0441\u0430\u0439\u0442\u0430, \u0435\u0433\u043e \u0431\u043e\u043b\u0435\u0435 \u044d\u0444\u0444\u0435\u043a\u0442\u0438\u0432\u043d\u043e\u0439 \u0440\u0430\u0431\u043e\u0442\u044b \u0438\u043b\u0438 \u043f\u0440\u0435\u0434\u043e\u0441\u0442\u0430\u0432\u043b\u0435\u043d\u0438\u044f \u0438\u043d\u0444\u043e\u0440\u043c\u0430\u0446\u0438\u0438 \u0432\u043b\u0430\u0434\u0435\u043b\u044c\u0446\u0430\u043c \u0432\u0435\u0431-\u0441\u0430\u0439\u0442\u0430.<\/span><\/p>\n<p><span style=\"color: #000000;\"><strong>\u0414\u043b\u044f \u0447\u0435\u0433\u043e \u043e\u043d \u0438\u0441\u043f\u043e\u043b\u044c\u0437\u0443\u0435\u0442\u0441\u044f?<\/strong><\/span><\/p>\n<p><span style=\"color: #000000;\">Cookies \u0438\u0441\u043f\u043e\u043b\u044c\u0437\u0443\u044e\u0442\u0441\u044f \u043d\u0430 \u043a\u043e\u043c\u043f\u044c\u044e\u0442\u0435\u0440\u0430\u0445, \u0442\u0435\u043b\u0435\u0444\u043e\u043d\u0430\u0445 \u0438 \u0434\u0440\u0443\u0433\u0438\u0445 \u0443\u0441\u0442\u0440\u043e\u0439\u0441\u0442\u0432\u0430\u0445 \u0434\u043b\u044f \u0441\u0431\u043e\u0440\u0430 \u0438 \u0445\u0440\u0430\u043d\u0435\u043d\u0438\u044f \u0438\u043d\u0444\u043e\u0440\u043c\u0430\u0446\u0438\u0438, \u0438\u0434\u0435\u043d\u0442\u0438\u0444\u0438\u0446\u0438\u0440\u0443\u044e\u0449\u0435\u0439 \u0432\u0430\u0441 \u0438 \u0432\u0430\u0448\u0438 \u043f\u0435\u0440\u0435\u043c\u0435\u0449\u0435\u043d\u0438\u044f \u0432\u043e \u0432\u0440\u0435\u043c\u044f \u0440\u0430\u0431\u043e\u0442\u044b \u0441 \u0441\u0430\u0439\u0442\u043e\u043c, \u0432\u0430\u0448\u0438 \u043f\u0440\u0438\u0432\u044b\u0447\u043a\u0438 \u0438\u0441\u043f\u043e\u043b\u044c\u0437\u043e\u0432\u0430\u043d\u0438\u044f, \u0430 \u0442\u0430\u043a\u0436\u0435 \u0434\u043b\u044f \u0443\u043b\u0443\u0447\u0448\u0435\u043d\u0438\u044f \u0438 \u043f\u0435\u0440\u0441\u043e\u043d\u0430\u043b\u0438\u0437\u0430\u0446\u0438\u0438 \u043d\u0430\u0448\u0435\u0433\u043e \u0441\u0430\u0439\u0442\u0430 \u0434\u043b\u044f \u0432\u0430\u0441.<\/span><\/p>\n<p><span style=\"color: #000000;\">\u0418 \u043c\u044b <strong><br \/>\n  <em>BI\u0307LLAS TYRE A.\u015e. <\/em><br \/>\n<\/strong>\u043c\u044b \u0438\u0441\u043f\u043e\u043b\u044c\u0437\u0443\u0435\u043c \u0440\u0430\u0437\u043b\u0438\u0447\u043d\u044b\u0435 \u0444\u0430\u0439\u043b\u044b cookie \u043d\u0430 \u0441\u0430\u0439\u0442\u0435 <em>www.billas.com.tr <\/em>, \u0447\u0442\u043e\u0431\u044b \u043e\u043f\u0440\u0435\u0434\u0435\u043b\u0438\u0442\u044c, \u043a\u0430\u043a \u0432\u044b \u0432\u0437\u0430\u0438\u043c\u043e\u0434\u0435\u0439\u0441\u0442\u0432\u0443\u0435\u0442\u0435 \u0441 \u0441\u043e\u0434\u0435\u0440\u0436\u0438\u043c\u044b\u043c \u0441\u0430\u0439\u0442\u0430, \u0438 \u0443\u043b\u0443\u0447\u0448\u0438\u0442\u044c \u0432\u0430\u0448 \u043f\u043e\u043b\u044c\u0437\u043e\u0432\u0430\u0442\u0435\u043b\u044c\u0441\u043a\u0438\u0439 \u043e\u043f\u044b\u0442.<\/span><\/p>\n<p><span style=\"color: #000000;\"><strong>\u0424\u0430\u0439\u043b\u044b cookie \u043f\u0435\u0440\u0432\u043e\u0439 \u0438 \u0442\u0440\u0435\u0442\u044c\u0435\u0439 \u0441\u0442\u043e\u0440\u043e\u043d\u044b<\/strong><\/span><\/p>\n<p><span style=\"color: #000000;\">\u041d\u0430 \u0441\u0430\u0439\u0442\u0435 <em>www.billas.com.tr \u043a\u043e\u043c\u043f\u0430\u043d\u0438\u0438 B\u0130LLAS LAST\u0130K A.\u015e. <\/em>\u0438\u0441\u043f\u043e\u043b\u044c\u0437\u0443\u044e\u0442\u0441\u044f \u043a\u0430\u043a \u0444\u0430\u0439\u043b\u044b cookie \u043f\u0435\u0440\u0432\u043e\u0439, \u0442\u0430\u043a \u0438 \u0442\u0440\u0435\u0442\u044c\u0435\u0439 \u0441\u0442\u043e\u0440\u043e\u043d\u044b.<\/span><\/p>\n<p><span style=\"color: #000000;\">\u0424\u0430\u0439\u043b\u044b cookie \u043f\u0435\u0440\u0432\u043e\u0439 \u0441\u0442\u043e\u0440\u043e\u043d\u044b &#8212; \u044d\u0442\u043e \u0444\u0430\u0439\u043b\u044b cookie, \u0440\u0430\u0437\u043c\u0435\u0449\u0435\u043d\u043d\u044b\u0435 \u043d\u0430\u0448\u0435\u0439 \u043a\u043e\u043c\u043f\u0430\u043d\u0438\u0435\u0439 \u043d\u0430 \u0434\u043e\u043c\u0435\u043d\u0435 kahvedunyasi.com, \u043a\u043e\u0442\u043e\u0440\u044b\u0435 \u043c\u043e\u0433\u0443\u0442 \u0431\u044b\u0442\u044c \u043f\u0440\u043e\u0447\u0438\u0442\u0430\u043d\u044b \u0442\u043e\u043b\u044c\u043a\u043e \u043a\u043e\u043c\u043f\u0430\u043d\u0438\u0435\u0439 B\u0130LLAS LAST\u0130K A.\u015e. \u042d\u0442\u0438 \u0444\u0430\u0439\u043b\u044b cookie \u0438\u0441\u043f\u043e\u043b\u044c\u0437\u0443\u044e\u0442\u0441\u044f \u0434\u043b\u044f \u0443\u043b\u0443\u0447\u0448\u0435\u043d\u0438\u044f \u043f\u043e\u043b\u044c\u0437\u043e\u0432\u0430\u0442\u0435\u043b\u044c\u0441\u043a\u043e\u0433\u043e \u043e\u043f\u044b\u0442\u0430 \u0432 \u043f\u0440\u043e\u0446\u0435\u0441\u0441\u0435 \u0432\u044b\u043f\u043e\u043b\u043d\u0435\u043d\u0438\u044f \u043e\u0441\u043d\u043e\u0432\u043d\u044b\u0445 \u0444\u0443\u043d\u043a\u0446\u0438\u0439 \u0441\u0430\u0439\u0442\u0430, \u0442\u0430\u043a\u0438\u0445 \u043a\u0430\u043a \u043f\u0440\u0435\u0434\u043f\u043e\u0447\u0442\u0435\u043d\u0438\u0435 \u044f\u0437\u044b\u043a\u0430 \u0438 \u043c\u0435\u0441\u0442\u043e\u043f\u043e\u043b\u043e\u0436\u0435\u043d\u0438\u044f \u043f\u043e\u043b\u044c\u0437\u043e\u0432\u0430\u0442\u0435\u043b\u044f.<\/span><\/p>\n<p><span style=\"color: #000000;\">\u0424\u0430\u0439\u043b\u044b cookie \u0442\u0440\u0435\u0442\u044c\u0438\u0445 \u043b\u0438\u0446 &#8212; \u044d\u0442\u043e \u0444\u0430\u0439\u043b\u044b cookie, \u043f\u0440\u0438\u043d\u0430\u0434\u043b\u0435\u0436\u0430\u0449\u0438\u0435 \u0438 \u0438\u0441\u043f\u043e\u043b\u043d\u044f\u0435\u043c\u044b\u0435 \u0442\u0440\u0435\u0442\u044c\u0438\u043c\u0438 \u043b\u0438\u0446\u0430\u043c\u0438, \u043d\u0430\u043f\u0440\u0438\u043c\u0435\u0440, \u0434\u0435\u043b\u043e\u0432\u044b\u043c\u0438 \u043f\u0430\u0440\u0442\u043d\u0435\u0440\u0430\u043c\u0438 \u0438\u043b\u0438 \u043f\u043e\u0441\u0442\u0430\u0432\u0449\u0438\u043a\u0430\u043c\u0438 \u0443\u0441\u043b\u0443\u0433 \u043a\u043e\u043c\u043f\u0430\u043d\u0438\u0438<em> B\u0130LLAS LAST\u0130K A.\u015e<\/em>.<\/span><\/p>\n<p><span style=\"color: #000000;\"><strong>\u0424\u0430\u0439\u043b\u044b cookie, \u0438\u0441\u043f\u043e\u043b\u044c\u0437\u0443\u0435\u043c\u044b\u0435 \u043d\u0430 \u043d\u0430\u0448\u0435\u043c \u0441\u0430\u0439\u0442\u0435<\/strong><\/span><\/p>\n<p><span style=\"color: #000000;\"><strong>Cookies \u0434\u043b\u044f \u0430\u0443\u0442\u0435\u043d\u0442\u0438\u0444\u0438\u043a\u0430\u0446\u0438\u0438:<\/strong> \u042d\u0442\u0438 \u0444\u0430\u0439\u043b\u044b cookie \u0438\u0441\u043f\u043e\u043b\u044c\u0437\u0443\u044e\u0442\u0441\u044f \u0434\u043b\u044f \u0442\u043e\u0433\u043e, \u0447\u0442\u043e\u0431\u044b \u043d\u0430\u0448\u0438 \u043f\u043e\u043b\u044c\u0437\u043e\u0432\u0430\u0442\u0435\u043b\u0438 \u043d\u0435 \u0432\u0432\u043e\u0434\u0438\u043b\u0438 \u0441\u0432\u043e\u0438 \u043f\u0430\u0440\u043e\u043b\u0438 \u043f\u043e\u0432\u0442\u043e\u0440\u043d\u043e \u043d\u0430 \u043a\u0430\u0436\u0434\u043e\u0439 \u0441\u0442\u0440\u0430\u043d\u0438\u0446\u0435. \u0410\u043d\u0430\u043b\u043e\u0433\u0438\u0447\u043d\u044b\u0435 \u0444\u0430\u0439\u043b\u044b cookie \u0442\u0430\u043a\u0436\u0435 \u0438\u0441\u043f\u043e\u043b\u044c\u0437\u0443\u044e\u0442\u0441\u044f \u0434\u043b\u044f \u0432\u0445\u043e\u0434\u0430 \u0432 \u0441\u0438\u0441\u0442\u0435\u043c\u0443 Facebook connect.<\/span><\/p>\n<p><span style=\"color: #000000;\"><strong>\u0420\u0435\u043a\u043b\u0430\u043c\u043d\u044b\u0435 \u0444\u0430\u0439\u043b\u044b cookie:<\/strong> \u042d\u0442\u043e \u0444\u0430\u0439\u043b\u044b cookie, \u0438\u0441\u043f\u043e\u043b\u044c\u0437\u0443\u0435\u043c\u044b\u0435 \u0434\u043b\u044f \u043f\u043e\u043a\u0430\u0437\u0430 \u043f\u043e\u0441\u0435\u0442\u0438\u0442\u0435\u043b\u044f\u043c \u043f\u043e\u0432\u0435\u0434\u0435\u043d\u0447\u0435\u0441\u043a\u043e\u0439 \u0438 \u0446\u0435\u043b\u0435\u0432\u043e\u0439 \u0440\u0435\u043a\u043b\u0430\u043c\u044b.<\/span><\/p>\n<p><span style=\"color: #000000;\"><strong>\u0410\u043d\u0430\u043b\u0438\u0442\u0438\u0447\u0435\u0441\u043a\u0438\u0435 \u0444\u0430\u0439\u043b\u044b cookie:<\/strong> \u042d\u0442\u043e \u0444\u0430\u0439\u043b\u044b cookie, \u0438\u0441\u043f\u043e\u043b\u044c\u0437\u0443\u0435\u043c\u044b\u0435 \u0434\u043b\u044f \u0430\u043d\u0430\u043b\u0438\u0437\u0430 \u043f\u0440\u0438\u0432\u044b\u0447\u0435\u043a \u043d\u0430\u0448\u0438\u0445 \u043f\u043e\u043b\u044c\u0437\u043e\u0432\u0430\u0442\u0435\u043b\u0435\u0439\/\u043f\u043e\u0441\u0435\u0442\u0438\u0442\u0435\u043b\u0435\u0439 \u0438 \u043e\u043f\u0440\u0435\u0434\u0435\u043b\u0435\u043d\u0438\u044f \u0441\u0442\u0430\u0442\u0438\u0441\u0442\u0438\u043a\u0438 \u0440\u0430\u0431\u043e\u0442\u044b \u043f\u0440\u0438\u043b\u043e\u0436\u0435\u043d\u0438\u044f. (\u041d\u0430\u043f\u0440\u0438\u043c\u0435\u0440: \u0421\u043a\u043e\u043b\u044c\u043a\u043e \u0440\u0430\u0437 \u043e\u0442\u043a\u0440\u044b\u0432\u0430\u0435\u0442\u0441\u044f \u043d\u0430\u0448 \u0441\u0430\u0439\u0442, \u0432 \u043a\u0430\u043a\u043e\u0435 \u0432\u0440\u0435\u043c\u044f \u0438\u0441\u043f\u043e\u043b\u044c\u0437\u0443\u0435\u0442\u0441\u044f \u043d\u0430\u0448 \u0441\u0430\u0439\u0442, \u043a\u0430\u043a\u0438\u0435 \u0440\u0430\u0437\u0434\u0435\u043b\u044b \u0441\u0430\u0439\u0442\u0430 \u043d\u0430\u0438\u0431\u043e\u043b\u0435\u0435 \u0447\u0430\u0441\u0442\u043e \u0438\u0441\u043f\u043e\u043b\u044c\u0437\u0443\u044e\u0442\u0441\u044f)<\/span><\/p>\n<p><span style=\"color: #000000;\"><strong>\u0422\u0435\u0445\u043d\u0438\u0447\u0435\u0441\u043a\u0438\u0435 \u0444\u0430\u0439\u043b\u044b cookie:<\/strong> \u042d\u0442\u043e \u0444\u0430\u0439\u043b\u044b cookie, \u0438\u0441\u043f\u043e\u043b\u044c\u0437\u0443\u0435\u043c\u044b\u0435 \u0434\u043b\u044f \u043a\u043e\u043d\u0442\u0440\u043e\u043b\u044f \u0437\u0430 \u043f\u0440\u0430\u0432\u0438\u043b\u044c\u043d\u044b\u043c \u0444\u0443\u043d\u043a\u0446\u0438\u043e\u043d\u0438\u0440\u043e\u0432\u0430\u043d\u0438\u0435\u043c \u0432\u0435\u0431-\u0441\u0430\u0439\u0442\u0430.<\/span><\/p>\n<p><span style=\"color: #000000;\"><strong>Cookies \u0434\u043b\u044f \u043f\u0435\u0440\u0441\u043e\u043d\u0430\u043b\u0438\u0437\u0430\u0446\u0438\u0438:<\/strong> \u0424\u0430\u0439\u043b\u044b cookie, \u0438\u0441\u043f\u043e\u043b\u044c\u0437\u0443\u0435\u043c\u044b\u0435 \u0434\u043b\u044f \u043f\u0440\u0435\u0434\u043e\u0441\u0442\u0430\u0432\u043b\u0435\u043d\u0438\u044f \u043f\u0435\u0440\u0441\u043e\u043d\u0430\u043b\u0438\u0437\u0438\u0440\u043e\u0432\u0430\u043d\u043d\u043e\u0433\u043e \u043a\u043e\u043d\u0442\u0435\u043d\u0442\u0430 \u0438 \u043e\u043f\u044b\u0442\u0430 \u0432 \u0441\u043e\u043e\u0442\u0432\u0435\u0442\u0441\u0442\u0432\u0438\u0438 \u0441 \u043f\u043e\u0432\u0435\u0434\u0435\u043d\u0438\u0435\u043c \u0438 \u043f\u0440\u0435\u0434\u043f\u043e\u0447\u0442\u0435\u043d\u0438\u044f\u043c\u0438 \u043f\u043e\u043b\u044c\u0437\u043e\u0432\u0430\u0442\u0435\u043b\u044f.<\/span><\/p>\n<p><span style=\"color: #000000;\"><strong>\u041a\u0430\u043a \u044f \u043c\u043e\u0433\u0443 \u0443\u0434\u0430\u043b\u0438\u0442\u044c \u0438\u043b\u0438 \u043e\u0442\u043a\u0430\u0437\u0430\u0442\u044c\u0441\u044f \u043e\u0442 cookies?<\/strong><\/span><\/p>\n<p><span style=\"color: #000000;\"><strong><br \/>\n  <em>www.billas.com.tr<\/em><br \/>\n<\/strong> \u0414\u043b\u044f \u0430\u043a\u0442\u0438\u0432\u043d\u043e\u0439 \u0438 \u044d\u0444\u0444\u0435\u043a\u0442\u0438\u0432\u043d\u043e\u0439 \u0440\u0430\u0431\u043e\u0442\u044b \u043d\u0430\u0448\u0435\u0433\u043e \u0441\u0430\u0439\u0442\u0430 \u0438\u0441\u043f\u043e\u043b\u044c\u0437\u0443\u0435\u0442\u0441\u044f \u0440\u044f\u0434 \u043e\u0431\u044f\u0437\u0430\u0442\u0435\u043b\u044c\u043d\u044b\u0445 \u0444\u0430\u0439\u043b\u043e\u0432 cookie. \u042d\u0442\u0438 \u0444\u0430\u0439\u043b\u044b cookie \u043d\u0435\u043b\u044c\u0437\u044f \u043e\u0442\u043a\u043b\u044e\u0447\u0438\u0442\u044c \u0441 \u043f\u043e\u043c\u043e\u0449\u044c\u044e \u043f\u0430\u043d\u0435\u043b\u0438 \u043f\u0440\u0435\u0434\u043f\u043e\u0447\u0442\u0435\u043d\u0438\u0439 \u043a\u043e\u043d\u0444\u0438\u0434\u0435\u043d\u0446\u0438\u0430\u043b\u044c\u043d\u043e\u0441\u0442\u0438. \u0412\u044b \u043c\u043e\u0436\u0435\u0442\u0435 \u0438\u0441\u043f\u043e\u043b\u044c\u0437\u043e\u0432\u0430\u0442\u044c &#171;\u041f\u0430\u043d\u0435\u043b\u044c \u043f\u0440\u0435\u0434\u043f\u043e\u0447\u0442\u0435\u043d\u0438\u0439 \u043a\u043e\u043d\u0444\u0438\u0434\u0435\u043d\u0446\u0438\u0430\u043b\u044c\u043d\u043e\u0441\u0442\u0438&#187; \u0434\u043b\u044f \u043e\u0431\u044f\u0437\u0430\u0442\u0435\u043b\u044c\u043d\u044b\u0445 \u0444\u0430\u0439\u043b\u043e\u0432 cookie, \u0438\u0441\u043f\u043e\u043b\u044c\u0437\u0443\u0435\u043c\u044b\u0445 \u043d\u0430 \u043d\u0430\u0448\u0435\u043c \u0441\u0430\u0439\u0442\u0435.<\/span><\/p>\n<p><span style=\"color: #000000;\">\u0421 \u0434\u0440\u0443\u0433\u043e\u0439 \u0441\u0442\u043e\u0440\u043e\u043d\u044b, \u0432\u0441\u0435 \u0433\u0440\u0443\u043f\u043f\u044b cookie, \u043a\u0440\u043e\u043c\u0435 \u043e\u0431\u044f\u0437\u0430\u0442\u0435\u043b\u044c\u043d\u044b\u0445, \u0430\u0432\u0442\u043e\u043c\u0430\u0442\u0438\u0447\u0435\u0441\u043a\u0438 &#171;\u041e\u0442\u043a\u043b\u044e\u0447\u0435\u043d\u044b&#187;. \u041d\u0430\u0448\u0438 \u043f\u043e\u043b\u044c\u0437\u043e\u0432\u0430\u0442\u0435\u043b\u0438 \u043c\u043e\u0433\u0443\u0442 \u043f\u043e\u0432\u0442\u043e\u0440\u043d\u043e \u0430\u043a\u0442\u0438\u0432\u0438\u0440\u043e\u0432\u0430\u0442\u044c \u044d\u0442\u0438 \u0444\u0430\u0439\u043b\u044b cookie \u0432 \u0441\u043e\u043e\u0442\u0432\u0435\u0442\u0441\u0442\u0432\u0438\u0438 \u0441\u043e \u0441\u0432\u043e\u0438\u043c\u0438 \u043f\u043e\u0436\u0435\u043b\u0430\u043d\u0438\u044f\u043c\u0438 \u0438\u043b\u0438 \u0434\u0435\u0430\u043a\u0442\u0438\u0432\u0438\u0440\u043e\u0432\u0430\u0442\u044c \u0430\u043a\u0442\u0438\u0432\u0438\u0440\u043e\u0432\u0430\u043d\u043d\u044b\u0435 \u0444\u0430\u0439\u043b\u044b cookie \u043f\u043e\u0437\u0434\u043d\u0435\u0435. \u041e\u0434\u043d\u0430\u043a\u043e \u0441\u043b\u0435\u0434\u0443\u0435\u0442 \u0438\u043c\u0435\u0442\u044c \u0432 \u0432\u0438\u0434\u0443, \u0447\u0442\u043e \u0434\u0435\u0430\u043a\u0442\u0438\u0432\u0430\u0446\u0438\u044f\/\u0443\u0434\u0430\u043b\u0435\u043d\u0438\u0435 \u0438\u0441\u043f\u043e\u043b\u044c\u0437\u0443\u0435\u043c\u044b\u0445 \u043d\u0430\u043c\u0438 \u0444\u0430\u0439\u043b\u043e\u0432 cookie \u043c\u043e\u0436\u0435\u0442 \u043f\u043e\u0432\u043b\u0438\u044f\u0442\u044c \u043d\u0430 \u0432\u0430\u0448\u0438 \u043f\u043e\u043b\u044c\u0437\u043e\u0432\u0430\u0442\u0435\u043b\u044c\u0441\u043a\u0438\u0435 \u0432\u043e\u0437\u043c\u043e\u0436\u043d\u043e\u0441\u0442\u0438 \u043d\u0430 \u0441\u0430\u0439\u0442\u0435 www.billas.com.tr. \u0415\u0441\u043b\u0438 \u043d\u0435\u0430\u043a\u0442\u0443\u0430\u043b\u044c\u043d\u044b\u0435 \u0444\u0430\u0439\u043b\u044b cookie \u043d\u0435 \u0430\u043a\u0442\u0438\u0432\u0438\u0440\u043e\u0432\u0430\u043d\u044b, \u0432\u044b \u043c\u043e\u0436\u0435\u0442\u0435 \u043f\u0440\u043e\u0434\u043e\u043b\u0436\u0430\u0442\u044c \u043f\u043e\u043b\u044c\u0437\u043e\u0432\u0430\u0442\u044c\u0441\u044f \u043f\u0440\u0438\u043b\u043e\u0436\u0435\u043d\u0438\u0435\u043c \u0438\/\u0438\u043b\u0438 \u0432\u0435\u0431-\u0441\u0430\u0439\u0442\u043e\u043c, \u043d\u043e \u043f\u0440\u0438 \u044d\u0442\u043e\u043c \u0432\u0430\u043c \u043c\u043e\u0433\u0443\u0442 \u0431\u044b\u0442\u044c \u043d\u0435\u0434\u043e\u0441\u0442\u0443\u043f\u043d\u044b \u0432\u0441\u0435 \u0444\u0443\u043d\u043a\u0446\u0438\u0438 \u043f\u0440\u0438\u043b\u043e\u0436\u0435\u043d\u0438\u044f \u0438\/\u0438\u043b\u0438 \u0432\u0435\u0431-\u0441\u0430\u0439\u0442\u0430 \u0438\u043b\u0438 \u0434\u043e\u0441\u0442\u0443\u043f \u043a \u043d\u0438\u043c \u043c\u043e\u0436\u0435\u0442 \u0431\u044b\u0442\u044c \u043e\u0433\u0440\u0430\u043d\u0438\u0447\u0435\u043d. \u0414\u043b\u044f \u0442\u043e\u0433\u043e \u0447\u0442\u043e\u0431\u044b \u0432 \u043f\u043e\u043b\u043d\u043e\u0439 \u043c\u0435\u0440\u0435 \u0438\u0441\u043f\u043e\u043b\u044c\u0437\u043e\u0432\u0430\u0442\u044c \u043f\u0440\u0438\u043b\u043e\u0436\u0435\u043d\u0438\u0435 \u0438\/\u0438\u043b\u0438 \u0432\u0435\u0431-\u0441\u0430\u0439\u0442, \u043c\u044b \u0440\u0435\u043a\u043e\u043c\u0435\u043d\u0434\u0443\u0435\u043c \u0440\u0430\u0437\u0440\u0435\u0448\u0438\u0442\u044c \u0438\u0441\u043f\u043e\u043b\u044c\u0437\u043e\u0432\u0430\u043d\u0438\u0435 \u0444\u0430\u0439\u043b\u043e\u0432 cookie.<\/span><\/p>\n<p><span style=\"color: #000000;\"><strong>\u0423\u043f\u0440\u0430\u0432\u043b\u0435\u043d\u0438\u0435 \u0444\u0430\u0439\u043b\u0430\u043c\u0438 cookie \u0437\u0430 \u043f\u0440\u0435\u0434\u0435\u043b\u0430\u043c\u0438 &#171;\u041f\u0430\u043d\u0435\u043b\u0438 \u043f\u0440\u0435\u0434\u043f\u043e\u0447\u0442\u0435\u043d\u0438\u0439 \u043a\u043e\u043d\u0444\u0438\u0434\u0435\u043d\u0446\u0438\u0430\u043b\u044c\u043d\u043e\u0441\u0442\u0438&#187;:<\/strong><\/span><\/p>\n<p><span style=\"color: #000000;\">\u041d\u0430\u0438\u0431\u043e\u043b\u0435\u0435 \u044d\u0444\u0444\u0435\u043a\u0442\u0438\u0432\u043d\u043e\u0435 \u0443\u043f\u0440\u0430\u0432\u043b\u0435\u043d\u0438\u0435 \u0444\u0430\u0439\u043b\u0430\u043c\u0438 cookie, \u0438\u0441\u043f\u043e\u043b\u044c\u0437\u0443\u0435\u043c\u044b\u043c\u0438 \u043d\u0430 \u043d\u0430\u0448\u0435\u043c \u0441\u0430\u0439\u0442\u0435, \u043e\u0441\u0443\u0449\u0435\u0441\u0442\u0432\u043b\u044f\u0435\u0442\u0441\u044f \u0447\u0435\u0440\u0435\u0437 &#171;\u041f\u0430\u043d\u0435\u043b\u044c \u043f\u0440\u0435\u0434\u043f\u043e\u0447\u0442\u0435\u043d\u0438\u0439 \u043a\u043e\u043d\u0444\u0438\u0434\u0435\u043d\u0446\u0438\u0430\u043b\u044c\u043d\u043e\u0441\u0442\u0438&#187;. \u041e\u0434\u043d\u0430\u043a\u043e \u0432\u044b, \u043d\u0430\u0448\u0438 \u0446\u0435\u043d\u043d\u044b\u0435 \u043f\u043e\u043b\u044c\u0437\u043e\u0432\u0430\u0442\u0435\u043b\u0438, \u043c\u043e\u0436\u0435\u0442\u0435 \u0442\u0430\u043a\u0436\u0435 \u043f\u0440\u0435\u0434\u043f\u043e\u0447\u0435\u0441\u0442\u044c \u0441\u043b\u0435\u0434\u0443\u044e\u0449\u0438\u0435 \u0441\u043f\u043e\u0441\u043e\u0431\u044b \u0443\u043f\u0440\u0430\u0432\u043b\u0435\u043d\u0438\u044f \u0444\u0430\u0439\u043b\u0430\u043c\u0438 cookie \u0432 \u0437\u0430\u0432\u0438\u0441\u0438\u043c\u043e\u0441\u0442\u0438 \u043e\u0442 \u0432\u0430\u0448\u0435\u0433\u043e \u0431\u0440\u0430\u0443\u0437\u0435\u0440\u0430:<\/span><\/p>\n<p><span style=\"color: #000000;\"><strong>Safari:<\/strong> \u0412\u044b \u043c\u043e\u0436\u0435\u0442\u0435 \u0432\u044b\u0431\u0440\u0430\u0442\u044c \u0432\u043a\u043b\u0430\u0434\u043a\u0443 &#171;Safari&#187; \u0432 \u0440\u0430\u0437\u0434\u0435\u043b\u0435 &#171;\u041d\u0430\u0441\u0442\u0440\u043e\u0439\u043a\u0438&#187; \u0441\u0432\u043e\u0435\u0433\u043e \u0442\u0435\u043b\u0435\u0444\u043e\u043d\u0430 \u0438 \u043e\u0431\u0435\u0441\u043f\u0435\u0447\u0438\u0442\u044c \u0443\u043f\u0440\u0430\u0432\u043b\u0435\u043d\u0438\u0435 \u0432\u0441\u0435\u043c\u0438 \u0444\u0430\u0439\u043b\u0430\u043c\u0438 cookie \u0432 \u0440\u0430\u0437\u0434\u0435\u043b\u0435 &#171;\u041a\u043e\u043d\u0444\u0438\u0434\u0435\u043d\u0446\u0438\u0430\u043b\u044c\u043d\u043e\u0441\u0442\u044c \u0438 \u0431\u0435\u0437\u043e\u043f\u0430\u0441\u043d\u043e\u0441\u0442\u044c&#187;.<\/span><\/p>\n<p><span style=\"color: #000000;\"><strong>\u0414\u0440\u0443\u0433\u0438\u0435 \u0431\u0440\u0430\u0443\u0437\u0435\u0440\u044b:<\/strong> \u0412\u044b \u043c\u043e\u0436\u0435\u0442\u0435 \u043e\u0431\u0440\u0430\u0442\u0438\u0442\u044c\u0441\u044f \u043a \u0441\u0442\u0440\u0430\u043d\u0438\u0446\u0430\u043c \u0441\u043f\u0440\u0430\u0432\u043a\u0438 \u0438\u043b\u0438 \u043f\u043e\u0434\u0434\u0435\u0440\u0436\u043a\u0438 \u0441\u043e\u043e\u0442\u0432\u0435\u0442\u0441\u0442\u0432\u0443\u044e\u0449\u0435\u0433\u043e \u0431\u0440\u0430\u0443\u0437\u0435\u0440\u0430 \u0438\u043b\u0438<\/span><\/p>\n<p><span style=\"color: #000000;\">\u041f\u043e\u0434\u0440\u043e\u0431\u043d\u0443\u044e \u0438\u043d\u0444\u043e\u0440\u043c\u0430\u0446\u0438\u044e \u043c\u043e\u0436\u043d\u043e \u043f\u043e\u043b\u0443\u0447\u0438\u0442\u044c \u043d\u0430 \u0441\u0430\u0439\u0442\u0435 <a style=\"color: #000000;\" href=\"https:\/\/www.youronlinechoices.com\/tr\/\">www.youronlinechoices.eu\/tr\/<\/a>.<\/span><\/p>\n<p><span style=\"color: #000000;\">\u0427\u0442\u043e\u0431\u044b \u0443\u0437\u043d\u0430\u0442\u044c, \u0441\u043a\u043e\u043b\u044c\u043a\u043e \u0444\u0430\u0439\u043b\u043e\u0432 cookie \u043e\u0442\u0441\u043b\u0435\u0436\u0438\u0432\u0430\u0435\u0442\u0441\u044f \u043c\u0433\u043d\u043e\u0432\u0435\u043d\u043d\u043e <a style=\"color: #000000;\" href=\"https:\/\/www.ghostery.com\/\"><br \/>\n  <strong><br \/>\n    <em>Ghostery<\/em><br \/>\n  <\/strong><br \/>\n<\/a> \u043f\u0440\u0438\u043b\u043e\u0436\u0435\u043d\u0438\u0435 \u0438\u043b\u0438 \u043d\u0435\u043f\u043e\u0441\u0440\u0435\u0434\u0441\u0442\u0432\u0435\u043d\u043d\u043e \u0432 \u0431\u0440\u0430\u0443\u0437\u0435\u0440\u0435 <a style=\"color: #000000;\" href=\"https:\/\/brave.com\/\"><br \/>\n  <strong><br \/>\n    <em>Brave<\/em><br \/>\n  <\/strong><br \/>\n<\/a> \u0412\u044b \u043c\u043e\u0436\u0435\u0442\u0435 \u0438\u0441\u043f\u043e\u043b\u044c\u0437\u043e\u0432\u0430\u0442\u044c.<\/span><\/p>\n<p>[\/vc_column_text][\/vc_column][\/vc_row]<\/p>\n","protected":false},"excerpt":{"rendered":"<p>[vc_row disable_background_image=&#187;&#187; css=&#187;.vc_custom_1701010202501{padding-left: 50px !important;}&#187;][vc_column][vc_custom_heading text=&#187;\u041f\u041e\u041b\u0418\u0422\u0418\u041a\u0410 \u0418\u0421\u041f\u041e\u041b\u042c\u0417\u041e\u0412\u0410\u041d\u0418\u042f \u0424\u0410\u0419\u041b\u041e\u0412 COOKIE \u041a\u041e\u041c\u041f\u0410\u041d\u0418\u0418 BI\u0307LLAS TYRE A.\u015e.&#187;][\/vc_column][\/vc_row][vc_row disable_background_image=&#187;&#187; css=&#187;.vc_custom_1701010271241{padding-right: 50px !important;padding-left: 50px !important;}&#187;][vc_column][vc_column_text]\u0412 \u0440\u0430\u043c\u043a\u0430\u0445 \u0434\u0430\u043d\u043d\u043e\u0439 \u043f\u043e\u043b\u0438\u0442\u0438\u043a\u0438 \u0442\u0435\u0440\u043c\u0438\u043d &#171;Cookie&#187; \u043e\u0442\u043d\u043e\u0441\u0438\u0442\u0441\u044f \u043a \u0444\u0430\u0439\u043b\u0430\u043c cookie \u0438 \u043f\u0440\u043e\u0434\u0443\u043a\u0442\u0430\u043c, \u043a\u043e\u0442\u043e\u0440\u044b\u0435 \u0441\u043b\u0443\u0436\u0430\u0442 \u0430\u043d\u0430\u043b\u043e\u0433\u0438\u0447\u043d\u043e\u0439 \u0446\u0435\u043b\u0438. \u0427\u0442\u043e \u0442\u0430\u043a\u043e\u0435 \u043f\u0435\u0447\u0435\u043d\u044c\u0435? Cookie &#8212; \u044d\u0442\u043e [&hellip;]<\/p>\n","protected":false},"author":1,"featured_media":0,"parent":0,"menu_order":0,"comment_status":"closed","ping_status":"closed","template":"","meta":{"footnotes":""},"aioseo_notices":[],"_links":{"self":[{"href":"https:\/\/billas.com.tr\/ru\/wp-json\/wp\/v2\/pages\/9855"}],"collection":[{"href":"https:\/\/billas.com.tr\/ru\/wp-json\/wp\/v2\/pages"}],"about":[{"href":"https:\/\/billas.com.tr\/ru\/wp-json\/wp\/v2\/types\/page"}],"author":[{"embeddable":true,"href":"https:\/\/billas.com.tr\/ru\/wp-json\/wp\/v2\/users\/1"}],"replies":[{"embeddable":true,"href":"https:\/\/billas.com.tr\/ru\/wp-json\/wp\/v2\/comments?post=9855"}],"version-history":[{"count":5,"href":"https:\/\/billas.com.tr\/ru\/wp-json\/wp\/v2\/pages\/9855\/revisions"}],"predecessor-version":[{"id":14216,"href":"https:\/\/billas.com.tr\/ru\/wp-json\/wp\/v2\/pages\/9855\/revisions\/14216"}],"wp:attachment":[{"href":"https:\/\/billas.com.tr\/ru\/wp-json\/wp\/v2\/media?parent=9855"}],"curies":[{"name":"wp","href":"https:\/\/api.w.org\/{rel}","templated":true}]}}