{"id":10318,"date":"2019-09-05T12:02:59","date_gmt":"2019-09-05T09:02:59","guid":{"rendered":"https:\/\/billas.com.tr\/%d0%b1%d0%b8%d0%bb%d0%bb%d0%b0%d1%81-%d1%82%d0%b0%d0%b9%d1%80-%d0%b8%d0%bd%d0%ba\/"},"modified":"2026-05-06T16:43:39","modified_gmt":"2026-05-06T13:43:39","slug":"%d0%b1%d0%b8%d0%bb%d0%bb%d0%b0%d1%81-%d1%82%d0%b0%d0%b9%d1%80-%d0%b8%d0%bd%d0%ba","status":"publish","type":"page","link":"https:\/\/billas.com.tr\/ru\/","title":{"rendered":"\u0411\u0438\u043b\u043b\u0430\u0441 \u0422\u0430\u0439\u0440 \u0418\u043d\u043a."},"content":{"rendered":"<p>[vc_row gap=&#187;3&#8243; row_content_width=&#187;grid&#187; disable_background_image=&#187;1024&#8243; animated_text_position=&#187;right&#187; animated_text_vertical_position=&#187;middle&#187; disable_animated_text=&#187;&#187; animated_text=&#187;B\u0130LLAS&#187; animated_text_color=&#187;#f5f5f5&#8243; css=&#187;.vc_custom_1776149642645{padding-top: 95px !important;padding-bottom: 68px !important;}&#187; animated_text_overlay_image=&#187;2059&#8243; simple_background_color=&#187;#eaeaea&#187;][vc_column css=&#187;.vc_custom_1569490126087{padding-top: 0px !important;padding-bottom: 36px !important;}&#187;]<div class=\"mkdf-dual-image-carousel swiper-container full-page\"  >\n    <div class=\"swiper-wrapper\">\n                    <div class=\"swiper-slide\" data-swiper-title='B\u0130LLAS \u0130LE \u00d6ZG\u00dcRL\u00dcK'>\n                                    <div class=\"mkdf-slide-background-image-holder\">\n                        <div class=\"mkdf-slide-background-image\">\n                            <img loading=\"lazy\" decoding=\"async\" width=\"1080\" height=\"600\" src=\"https:\/\/billas.com.tr\/wp-content\/uploads\/2022\/11\/5back_ozgurluk_4.jpg\" class=\"attachment-full size-full\" alt=\"\" srcset=\"https:\/\/billas.com.tr\/wp-content\/uploads\/2022\/11\/5back_ozgurluk_4.jpg 1080w, https:\/\/billas.com.tr\/wp-content\/uploads\/2022\/11\/5back_ozgurluk_4-300x167.jpg 300w, https:\/\/billas.com.tr\/wp-content\/uploads\/2022\/11\/5back_ozgurluk_4-1024x569.jpg 1024w, https:\/\/billas.com.tr\/wp-content\/uploads\/2022\/11\/5back_ozgurluk_4-768x427.jpg 768w\" sizes=\"auto, (max-width: 1080px) 100vw, 1080px\" \/>\t                        <div class=\"mkdf-slide-info-holder\">\n\t\t                        \t\t                            <span class=\"mkdf-slide-custom-mark\"><span class=\"mkdf-split-character\">B<\/span> <span class=\"mkdf-split-character\">2<\/span> <span class=\"mkdf-split-character\">5<\/span><\/span>\n\t\t                        \t\t                        <div class=\"mkdf-slide-info\">\n\t\t\t                        \t\t                            <h4 class=\"mkdf-slide-title\">\n\t\t\t                            <a href=\"https:\/\/billas.com.tr\/lastikler\/motosiklet-lastikleri\/\" target=\"_self\">\n\t\t\t\t                            \t\t\t                                    B\u0130LLAS \u0130LE \u00d6ZG\u00dcRL\u00dcK\t\t\t\t                            \t\t\t                            <\/a>\n\t\t                            <\/h4>\n\t\t\t                        <a itemprop=\"url\" href=\"https:\/\/billas.com.tr\/lastikler\/motosiklet-lastikleri\/\" target=\"_self\"  class=\"mkdf-btn mkdf-btn-medium mkdf-btn-simple-predefined\"  >            <span class=\"mkdf-btn-predefined-line-holder\">            <span class=\"mkdf-btn-line-hidden\"><\/span>            <span class=\"mkdf-btn-text\">Motosiklet Lastikleri<\/span>\t        <span class=\"mkdf-btn-line\"><\/span>            <i class=\"mkdf-btn-predefined-icon mkdf-icon-ion-icon ion-ios-play \"><\/i>        <\/span>    <\/a>\t\t                        <\/div>\n\t                        <\/div>\n                        <\/div>\n                    <\/div>\n                                            <\/div>\n                    <div class=\"swiper-slide\" data-swiper-title='HER KO\u015eULDA G\u00dcVEN'>\n                                    <div class=\"mkdf-slide-background-image-holder\">\n                        <div class=\"mkdf-slide-background-image\">\n                            <img loading=\"lazy\" decoding=\"async\" width=\"1080\" height=\"600\" src=\"https:\/\/billas.com.tr\/wp-content\/uploads\/2022\/11\/back_ozgurluk.jpg\" class=\"attachment-full size-full\" alt=\"\" srcset=\"https:\/\/billas.com.tr\/wp-content\/uploads\/2022\/11\/back_ozgurluk.jpg 1080w, https:\/\/billas.com.tr\/wp-content\/uploads\/2022\/11\/back_ozgurluk-300x167.jpg 300w, https:\/\/billas.com.tr\/wp-content\/uploads\/2022\/11\/back_ozgurluk-1024x569.jpg 1024w, https:\/\/billas.com.tr\/wp-content\/uploads\/2022\/11\/back_ozgurluk-768x427.jpg 768w\" sizes=\"auto, (max-width: 1080px) 100vw, 1080px\" \/>\t                        <div class=\"mkdf-slide-info-holder\">\n\t\t                        \t\t                            <span class=\"mkdf-slide-custom-mark\"><span class=\"mkdf-split-character\">B<\/span> <span class=\"mkdf-split-character\">L<\/span> <span class=\"mkdf-split-character\">7<\/span> <span class=\"mkdf-split-character\">5<\/span><\/span>\n\t\t                        \t\t                        <div class=\"mkdf-slide-info\">\n\t\t\t                        \t\t                            <h4 class=\"mkdf-slide-title\">\n\t\t\t                            <a href=\"https:\/\/billas.com.tr\/lastikler\/motosiklet-lastikleri\/\" target=\"_self\">\n\t\t\t\t                            \t\t\t                                    HER KO\u015eULDA G\u00dcVEN\t\t\t\t                            \t\t\t                            <\/a>\n\t\t                            <\/h4>\n\t\t\t                        <a itemprop=\"url\" href=\"https:\/\/billas.com.tr\/lastikler\/motosiklet-lastikleri\/\" target=\"_self\"  class=\"mkdf-btn mkdf-btn-medium mkdf-btn-simple-predefined\"  >            <span class=\"mkdf-btn-predefined-line-holder\">            <span class=\"mkdf-btn-line-hidden\"><\/span>            <span class=\"mkdf-btn-text\">ATV ve Golf Lastikleri<\/span>\t        <span class=\"mkdf-btn-line\"><\/span>            <i class=\"mkdf-btn-predefined-icon mkdf-icon-ion-icon ion-ios-play \"><\/i>        <\/span>    <\/a>\t\t                        <\/div>\n\t                        <\/div>\n                        <\/div>\n                    <\/div>\n                                            <\/div>\n                    <div class=\"swiper-slide\" data-swiper-title='\u015eEH\u0130R \u0130\u00c7\u0130NDE \u00d6ZG\u00dcRL\u00dcK'>\n                                    <div class=\"mkdf-slide-background-image-holder\">\n                        <div class=\"mkdf-slide-background-image\">\n                            <img loading=\"lazy\" decoding=\"async\" width=\"1080\" height=\"600\" src=\"https:\/\/billas.com.tr\/wp-content\/uploads\/2022\/11\/back_scooter_3.jpg\" class=\"attachment-full size-full\" alt=\"\" srcset=\"https:\/\/billas.com.tr\/wp-content\/uploads\/2022\/11\/back_scooter_3.jpg 1080w, https:\/\/billas.com.tr\/wp-content\/uploads\/2022\/11\/back_scooter_3-300x167.jpg 300w, https:\/\/billas.com.tr\/wp-content\/uploads\/2022\/11\/back_scooter_3-1024x569.jpg 1024w, https:\/\/billas.com.tr\/wp-content\/uploads\/2022\/11\/back_scooter_3-768x427.jpg 768w\" sizes=\"auto, (max-width: 1080px) 100vw, 1080px\" \/>\t                        <div class=\"mkdf-slide-info-holder\">\n\t\t                        \t\t                            <span class=\"mkdf-slide-custom-mark\"><span class=\"mkdf-split-character\">B<\/span> <span class=\"mkdf-split-character\">L<\/span> <span class=\"mkdf-split-character\">5<\/span> <span class=\"mkdf-split-character\">0<\/span><\/span>\n\t\t                        \t\t                        <div class=\"mkdf-slide-info\">\n\t\t\t                        \t\t                            <h4 class=\"mkdf-slide-title\">\n\t\t\t                            <a href=\"https:\/\/billas.com.tr\/lastikler\/scooter-lastikleri\/\" target=\"_self\">\n\t\t\t\t                            \t\t\t                                    \u015eEH\u0130R \u0130\u00c7\u0130NDE \u00d6ZG\u00dcRL\u00dcK\t\t\t\t                            \t\t\t                            <\/a>\n\t\t                            <\/h4>\n\t\t\t                        <a itemprop=\"url\" href=\"https:\/\/billas.com.tr\/lastikler\/scooter-lastikleri\/\" target=\"_self\"  class=\"mkdf-btn mkdf-btn-medium mkdf-btn-simple-predefined\"  >            <span class=\"mkdf-btn-predefined-line-holder\">            <span class=\"mkdf-btn-line-hidden\"><\/span>            <span class=\"mkdf-btn-text\">Scooter Lastikleri<\/span>\t        <span class=\"mkdf-btn-line\"><\/span>            <i class=\"mkdf-btn-predefined-icon mkdf-icon-ion-icon ion-ios-play \"><\/i>        <\/span>    <\/a>\t\t                        <\/div>\n\t                        <\/div>\n                        <\/div>\n                    <\/div>\n                                            <\/div>\n            <\/div>\n\t<div class=\"mkdf-custom-pagination\">\n\t\t<div class=\"swiper-pagination\"><\/div>\n\t\t<div class=\"mkdf-pagination-line-holder\">\n\t\t\t<span class=\"mkdf-pagination-line\"><\/span>\n\t\t<\/div>\n\t<\/div>\n<\/div>[\/vc_column][\/vc_row][vc_row gap=&#187;3&#8243; row_content_width=&#187;grid&#187; disable_background_image=&#187;1024&#8243; animated_text_position=&#187;right&#187; animated_text_vertical_position=&#187;middle&#187; disable_animated_text=&#187;&#187; animated_text=&#187;B\u0130LLAS&#187; animated_text_color=&#187;#f5f5f5&#8243; css=&#187;.vc_custom_1776149633305{padding-top: 95px !important;padding-bottom: 68px !important;}&#187; animated_text_overlay_image=&#187;2059&#8243; simple_background_color=&#187;#eaeaea&#187;][vc_column css=&#187;.vc_custom_1569490126087{padding-top: 0px !important;padding-bottom: 36px !important;}&#187;]<div class=\"mkdf-item-showcase-specific-holder  mkdf-iss-text-left  mkdf-has-appear-animation\">\n\t<div class=\"mkdf-iss-content\">\n\t\t<div class=\"mkdf-iss-info-section\">\n\t\t\t\t\t\t\t<span class=\"mkdf-iss-tagline\" >Billas A.\u015e.<\/span>\n\t\t\t\t\t\t\t\t\t\t<h2 class=\"mkdf-iss-title\" >\n\t\t\t\t\t\u041e \u041d\u0410\u0421\t\t\t\t<\/h2>\n\t\t\t\t\t\t\t\t\t\t<p class=\"mkdf-is-text\" style=\"color: #1e1e1e\">\u041a\u043e\u043c\u043f\u0430\u043d\u0438\u044f Billas, \u043a\u043e\u0442\u043e\u0440\u0430\u044f \u0431\u044b\u043b\u0430 \u043e\u0441\u043d\u043e\u0432\u0430\u043d\u0430 \u0441 \u0433\u043b\u0443\u0431\u043e\u043a\u0438\u043c\u0438 \u0437\u043d\u0430\u043d\u0438\u044f\u043c\u0438 \u0438 \u043e\u043f\u044b\u0442\u043e\u043c \u0432 \u0448\u0438\u043d\u043d\u043e\u043c \u0441\u0435\u043a\u0442\u043e\u0440\u0435 \u0441 1976 \u0433\u043e\u0434\u0430, \u043d\u0430\u0447\u0430\u043b\u0430 \u043f\u0440\u043e\u0438\u0437\u0432\u043e\u0434\u0441\u0442\u0432\u043e \u043d\u0430 \u0441\u0432\u043e\u0435\u043c \u0437\u0430\u0432\u043e\u0434\u0435 \u0432 1-\u0439 \u043e\u0440\u0433\u0430\u043d\u0438\u0437\u043e\u0432\u0430\u043d\u043d\u043e\u0439 \u043f\u0440\u043e\u043c\u044b\u0448\u043b\u0435\u043d\u043d\u043e\u0439 \u0437\u043e\u043d\u0435 \u0411\u0438\u043b\u0435\u0447\u0438\u043a \u0432 2011 \u0433\u043e\u0434\u0443.<\/p>\n\t\t\t\t\t\t\t\t\t\t<div class=\"mkdf-iss-button\">\n\t\t\t\t\t<a itemprop=\"url\" href=\"https:\/\/billas.com.tr\/hakkimizda\/\" target=\"_self\"  class=\"mkdf-btn mkdf-btn-medium mkdf-btn-simple-predefined\"  >            <span class=\"mkdf-btn-predefined-line-holder\">            <span class=\"mkdf-btn-line-hidden\"><\/span>            <span class=\"mkdf-btn-text\">KURUMSAL<\/span>\t        <span class=\"mkdf-btn-line\"><\/span>            <i class=\"mkdf-btn-predefined-icon mkdf-icon-ion-icon ion-ios-play \"><\/i>        <\/span>    <\/a>\t\t\t\t<\/div>\n\t\t\t\t\t\t\t<\/div>\n\t\t<div class=\"mkdf-iss-media-section\">\n\t\t\t<div class=\"mkdf-iss-al-and-si-holder\">\n\t\t\t\t<div class=\"mkdf-iss-additional-link-holder\">\n\t\t\t\t\t\t\t\t\t\t\t<a class=\"mkdf-iss-additional-link\" href=\"#\" target=\"_self\">BL 075\t\t\t\t\t\t\t<span class=\"ion-ios-play\"><\/span>\n\t\t\t\t\t\t<\/a>\n\t\t\t\t\t\t\t\t\t<\/div>\n\t\t\t\t<div class=\"mkdf-iss-second-image-holder\">\n\t\t\t\t\t\t\t\t\t\t\t<div class=\"mkdf-iss-second-image\" style=\"top: -83px\">\n\t\t\t\t\t\t\t<img loading=\"lazy\" decoding=\"async\" width=\"822\" height=\"686\" src=\"https:\/\/billas.com.tr\/wp-content\/uploads\/2022\/11\/BL-075.png\" class=\"attachment-full size-full\" alt=\"\" srcset=\"https:\/\/billas.com.tr\/wp-content\/uploads\/2022\/11\/BL-075.png 822w, https:\/\/billas.com.tr\/wp-content\/uploads\/2022\/11\/BL-075-600x501.png 600w, https:\/\/billas.com.tr\/wp-content\/uploads\/2022\/11\/BL-075-300x250.png 300w, https:\/\/billas.com.tr\/wp-content\/uploads\/2022\/11\/BL-075-768x641.png 768w\" sizes=\"auto, (max-width: 822px) 100vw, 822px\" \/>\t\t\t\t\t\t\t<span class=\"mkdf-angle one\"><\/span>\n\t\t\t\t\t\t\t<span class=\"mkdf-angle two\"><\/span>\n\t\t\t\t\t\t\t<span class=\"mkdf-angle three\"><\/span>\n\t\t\t\t\t\t\t<span class=\"mkdf-angle four\"><\/span>\n\t\t\t\t\t\t<\/div>\n\t\t\t\t\t\t\t\t\t<\/div>\n\t\t\t<\/div>\n\t\t\t<div class=\"mkdf-iss-main-image-holder\">\n\t\t\t\t<img loading=\"lazy\" decoding=\"async\" width=\"1000\" height=\"667\" src=\"https:\/\/billas.com.tr\/wp-content\/uploads\/2022\/11\/billas_foto_1.jpg\" class=\"attachment-full size-full\" alt=\"\" style=\"transform: scale(1.08)\" srcset=\"https:\/\/billas.com.tr\/wp-content\/uploads\/2022\/11\/billas_foto_1.jpg 1000w, https:\/\/billas.com.tr\/wp-content\/uploads\/2022\/11\/billas_foto_1-600x400.jpg 600w, https:\/\/billas.com.tr\/wp-content\/uploads\/2022\/11\/billas_foto_1-300x200.jpg 300w, https:\/\/billas.com.tr\/wp-content\/uploads\/2022\/11\/billas_foto_1-768x512.jpg 768w\" sizes=\"auto, (max-width: 1000px) 100vw, 1000px\" \/>\t\t\t<\/div>\n\t\t\t<div class=\"mkdf-iss-icon-holder\">\n\t\t\t\t\t\t\t<\/div>\n\t\t<\/div>\n\t<\/div>\n<\/div>[\/vc_column][\/vc_row]<\/p>\n","protected":false},"excerpt":{"rendered":"<p>[vc_row gap=&#187;3&#8243; row_content_width=&#187;grid&#187; disable_background_image=&#187;1024&#8243; animated_text_position=&#187;right&#187; animated_text_vertical_position=&#187;middle&#187; disable_animated_text=&#187;&#187; animated_text=&#187;B\u0130LLAS&#187; animated_text_color=&#187;#f5f5f5&#8243; css=&#187;.vc_custom_1776149642645{padding-top: 95px !important;padding-bottom: 68px !important;}&#187; animated_text_overlay_image=&#187;2059&#8243; simple_background_color=&#187;#eaeaea&#187;][vc_column css=&#187;.vc_custom_1569490126087{padding-top: 0px !important;padding-bottom: 36px !important;}&#187;][\/vc_column][\/vc_row][vc_row gap=&#187;3&#8243; row_content_width=&#187;grid&#187; disable_background_image=&#187;1024&#8243; animated_text_position=&#187;right&#187; animated_text_vertical_position=&#187;middle&#187; disable_animated_text=&#187;&#187; animated_text=&#187;B\u0130LLAS&#187; animated_text_color=&#187;#f5f5f5&#8243; css=&#187;.vc_custom_1776149633305{padding-top: 95px !important;padding-bottom: 68px !important;}&#187; animated_text_overlay_image=&#187;2059&#8243; simple_background_color=&#187;#eaeaea&#187;][vc_column css=&#187;.vc_custom_1569490126087{padding-top: 0px !important;padding-bottom: 36px [&hellip;]<\/p>\n","protected":false},"author":1,"featured_media":0,"parent":0,"menu_order":0,"comment_status":"closed","ping_status":"closed","template":"full-width.php","meta":{"footnotes":""},"class_list":["post-10318","page","type-page","status-publish","hentry"],"aioseo_notices":[],"_links":{"self":[{"href":"https:\/\/billas.com.tr\/ru\/wp-json\/wp\/v2\/pages\/10318","targetHints":{"allow":["GET"]}}],"collection":[{"href":"https:\/\/billas.com.tr\/ru\/wp-json\/wp\/v2\/pages"}],"about":[{"href":"https:\/\/billas.com.tr\/ru\/wp-json\/wp\/v2\/types\/page"}],"author":[{"embeddable":true,"href":"https:\/\/billas.com.tr\/ru\/wp-json\/wp\/v2\/users\/1"}],"replies":[{"embeddable":true,"href":"https:\/\/billas.com.tr\/ru\/wp-json\/wp\/v2\/comments?post=10318"}],"version-history":[{"count":40,"href":"https:\/\/billas.com.tr\/ru\/wp-json\/wp\/v2\/pages\/10318\/revisions"}],"predecessor-version":[{"id":15049,"href":"https:\/\/billas.com.tr\/ru\/wp-json\/wp\/v2\/pages\/10318\/revisions\/15049"}],"wp:attachment":[{"href":"https:\/\/billas.com.tr\/ru\/wp-json\/wp\/v2\/media?parent=10318"}],"curies":[{"name":"wp","href":"https:\/\/api.w.org\/{rel}","templated":true}]}}