{"id":9977,"date":"2022-12-16T01:49:31","date_gmt":"2022-12-15T22:49:31","guid":{"rendered":"https:\/\/billas.com.tr\/pneus\/pneus-de-chariot-elevateur\/"},"modified":"2024-05-17T16:29:43","modified_gmt":"2024-05-17T13:29:43","slug":"pneus-de-chariot-elevateur","status":"publish","type":"page","link":"https:\/\/billas.com.tr\/fr\/pneus\/pneus-de-chariot-elevateur\/","title":{"rendered":"PNEUS DE CHARIOT \u00c9L\u00c9VATEUR"},"content":{"rendered":"<p>[vc_row full_width=\u00a0\u00bbstretch_row\u00a0\u00bb disable_background_image=\u00a0\u00bb\u00a0\u00bb simple_background_color=\u00a0\u00bb#e5e5e5&Prime;][vc_column][vc_row_inner row_content_width=\u00a0\u00bbgrid\u00a0\u00bb][vc_column_inner offset=\u00a0\u00bbvc_hidden-sm vc_hidden-xs\u00a0\u00bb][rev_slider slidertitle=\u00a0\u00bbForklift\u00a0\u00bb alias=\u00a0\u00bbForklift\u00a0\u00bb][\/vc_column_inner][\/vc_row_inner][vc_row_inner row_content_width=\u00a0\u00bbgrid\u00a0\u00bb][vc_column_inner][vc_empty_space][vc_empty_space][vc_empty_space][vc_custom_heading text=\u00a0\u00bbPNEUS DE CHARIOT \u00c9L\u00c9VATEUR\u00a0\u00bb font_container=\u00a0\u00bbtag:h2|text_align:left|color:%23161616&Prime; use_theme_fonts=\u00a0\u00bbyes\u00a0\u00bb][vc_empty_space][\/vc_column_inner][\/vc_row_inner]<div class=\"mkdf-pl-holder mkdf-grid-list mkdf-disable-bottom-space mkdf-standard-layout mkdf-three-columns mkdf-normal-space mkdf-info-below-image \">\n\t<div class=\"mkdf-pl-outer mkdf-outer-space\">\n\t\t<div class=\"mkdf-pli mkdf-item-space \">\n\t<div class=\"mkdf-pli-inner\">\n\t\t<div class=\"mkdf-pli-image\">\n\t\t\t\n<img loading=\"lazy\" decoding=\"async\" width=\"600\" height=\"394\" src=\"https:\/\/billas.com.tr\/wp-content\/uploads\/2022\/12\/BL-700_5@2x-100-600x394.jpg\" class=\"attachment-woocommerce_single size-woocommerce_single wp-post-image\" alt=\"\" srcset=\"https:\/\/billas.com.tr\/wp-content\/uploads\/2022\/12\/BL-700_5@2x-100-600x394.jpg 600w, https:\/\/billas.com.tr\/wp-content\/uploads\/2022\/12\/BL-700_5@2x-100-300x197.jpg 300w, https:\/\/billas.com.tr\/wp-content\/uploads\/2022\/12\/BL-700_5@2x-100-1024x672.jpg 1024w, https:\/\/billas.com.tr\/wp-content\/uploads\/2022\/12\/BL-700_5@2x-100-768x504.jpg 768w, https:\/\/billas.com.tr\/wp-content\/uploads\/2022\/12\/BL-700_5@2x-100.jpg 1280w\" sizes=\"auto, (max-width: 600px) 100vw, 600px\" \/>\t\t<\/div>\n\t\t<div class=\"mkdf-pli-text\" >\n\t\t\t<div class=\"mkdf-pli-text-outer\">\n\t\t\t\t<div class=\"mkdf-pli-text-inner\">\n\t\t\t\t\t\t\n\t<div class=\"mkdf-pli-add-to-cart mkdf-default-skin\">\n\t\t<a rel=\"nofollow\" href=\"https:\/\/billas.com.tr\/fr\/lastikler\/pneus-pour-chariots-elevateurs-a-fourche\/bl-700\/\" data-quantity=\"1\" data-product_id=\"10186\" data-product_sku=\"\" class=\"button add_to_cart_button ajax_add_to_cart mkdf-button\">Read More<\/a>\t<\/div>\n\t\t\t\t<\/div>\n\t\t\t<\/div>\n\t\t<\/div>\n\t\t<a class=\"mkdf-pli-link\" itemprop=\"url\" href=\"https:\/\/billas.com.tr\/fr\/lastikler\/pneus-pour-chariots-elevateurs-a-fourche\/bl-700\/\" title=\"BL 700\"><\/a>\n\t<\/div>\n\t<div class=\"mkdf-pli-text-wrapper\" style=\"margin-bottom: 46px\">\n\t\t<div class=\"mkdf-pli-text-wrapper-inner\">\n\t\t\t\t\t<p class=\"mkdf-pli-category\"><a href=\"https:\/\/billas.com.tr\/fr\/product-category\/pneus-pour-chariots-elevateurs-a-fourche\/\" rel=\"tag\">Pneus pour chariots \u00e9l\u00e9vateurs \u00e0 fourche<\/a><\/p>\n\t\t\t\t\t\t<\/div>\n\t\t\t\t\t\t\t<\/div>\n<\/div><div class=\"mkdf-pli mkdf-item-space \">\n\t<div class=\"mkdf-pli-inner\">\n\t\t<div class=\"mkdf-pli-image\">\n\t\t\t\n<img loading=\"lazy\" decoding=\"async\" width=\"600\" height=\"394\" src=\"https:\/\/billas.com.tr\/wp-content\/uploads\/2022\/12\/BL-702_5@2x-100-600x394.jpg\" class=\"attachment-woocommerce_single size-woocommerce_single wp-post-image\" alt=\"\" srcset=\"https:\/\/billas.com.tr\/wp-content\/uploads\/2022\/12\/BL-702_5@2x-100-600x394.jpg 600w, https:\/\/billas.com.tr\/wp-content\/uploads\/2022\/12\/BL-702_5@2x-100-300x197.jpg 300w, https:\/\/billas.com.tr\/wp-content\/uploads\/2022\/12\/BL-702_5@2x-100-1024x672.jpg 1024w, https:\/\/billas.com.tr\/wp-content\/uploads\/2022\/12\/BL-702_5@2x-100-768x504.jpg 768w, https:\/\/billas.com.tr\/wp-content\/uploads\/2022\/12\/BL-702_5@2x-100.jpg 1280w\" sizes=\"auto, (max-width: 600px) 100vw, 600px\" \/>\t\t<\/div>\n\t\t<div class=\"mkdf-pli-text\" >\n\t\t\t<div class=\"mkdf-pli-text-outer\">\n\t\t\t\t<div class=\"mkdf-pli-text-inner\">\n\t\t\t\t\t\t\n\t<div class=\"mkdf-pli-add-to-cart mkdf-default-skin\">\n\t\t<a rel=\"nofollow\" href=\"https:\/\/billas.com.tr\/fr\/lastikler\/pneus-pour-chariots-elevateurs-a-fourche\/bl-702\/\" data-quantity=\"1\" data-product_id=\"10203\" data-product_sku=\"\" class=\"button add_to_cart_button ajax_add_to_cart mkdf-button\">Read More<\/a>\t<\/div>\n\t\t\t\t<\/div>\n\t\t\t<\/div>\n\t\t<\/div>\n\t\t<a class=\"mkdf-pli-link\" itemprop=\"url\" href=\"https:\/\/billas.com.tr\/fr\/lastikler\/pneus-pour-chariots-elevateurs-a-fourche\/bl-702\/\" title=\"BL 702\"><\/a>\n\t<\/div>\n\t<div class=\"mkdf-pli-text-wrapper\" style=\"margin-bottom: 46px\">\n\t\t<div class=\"mkdf-pli-text-wrapper-inner\">\n\t\t\t\t\t<p class=\"mkdf-pli-category\"><a href=\"https:\/\/billas.com.tr\/fr\/product-category\/pneus-pour-chariots-elevateurs-a-fourche\/\" rel=\"tag\">Pneus pour chariots \u00e9l\u00e9vateurs \u00e0 fourche<\/a><\/p>\n\t\t\t\t\t\t<\/div>\n\t\t\t\t\t\t\t<\/div>\n<\/div><div class=\"mkdf-pli mkdf-item-space \">\n\t<div class=\"mkdf-pli-inner\">\n\t\t<div class=\"mkdf-pli-image\">\n\t\t\t\n<img loading=\"lazy\" decoding=\"async\" width=\"600\" height=\"394\" src=\"https:\/\/billas.com.tr\/wp-content\/uploads\/2022\/12\/BL-712-SUMO_5@2x-100-600x394.jpg\" class=\"attachment-woocommerce_single size-woocommerce_single wp-post-image\" alt=\"\" srcset=\"https:\/\/billas.com.tr\/wp-content\/uploads\/2022\/12\/BL-712-SUMO_5@2x-100-600x394.jpg 600w, https:\/\/billas.com.tr\/wp-content\/uploads\/2022\/12\/BL-712-SUMO_5@2x-100-300x197.jpg 300w, https:\/\/billas.com.tr\/wp-content\/uploads\/2022\/12\/BL-712-SUMO_5@2x-100-1024x672.jpg 1024w, https:\/\/billas.com.tr\/wp-content\/uploads\/2022\/12\/BL-712-SUMO_5@2x-100-768x504.jpg 768w, https:\/\/billas.com.tr\/wp-content\/uploads\/2022\/12\/BL-712-SUMO_5@2x-100.jpg 1280w\" sizes=\"auto, (max-width: 600px) 100vw, 600px\" \/>\t\t<\/div>\n\t\t<div class=\"mkdf-pli-text\" >\n\t\t\t<div class=\"mkdf-pli-text-outer\">\n\t\t\t\t<div class=\"mkdf-pli-text-inner\">\n\t\t\t\t\t\t\n\t<div class=\"mkdf-pli-add-to-cart mkdf-default-skin\">\n\t\t<a rel=\"nofollow\" href=\"https:\/\/billas.com.tr\/fr\/lastikler\/pneus-pour-chariots-elevateurs-a-fourche\/bl-712\/\" data-quantity=\"1\" data-product_id=\"10191\" data-product_sku=\"\" class=\"button add_to_cart_button ajax_add_to_cart mkdf-button\">Read More<\/a>\t<\/div>\n\t\t\t\t<\/div>\n\t\t\t<\/div>\n\t\t<\/div>\n\t\t<a class=\"mkdf-pli-link\" itemprop=\"url\" href=\"https:\/\/billas.com.tr\/fr\/lastikler\/pneus-pour-chariots-elevateurs-a-fourche\/bl-712\/\" title=\"BL 712 SUMO\"><\/a>\n\t<\/div>\n\t<div class=\"mkdf-pli-text-wrapper\" style=\"margin-bottom: 46px\">\n\t\t<div class=\"mkdf-pli-text-wrapper-inner\">\n\t\t\t\t\t<p class=\"mkdf-pli-category\"><a href=\"https:\/\/billas.com.tr\/fr\/product-category\/pneus-pour-chariots-elevateurs-a-fourche\/\" rel=\"tag\">Pneus pour chariots \u00e9l\u00e9vateurs \u00e0 fourche<\/a><\/p>\n\t\t\t\t\t\t<\/div>\n\t\t\t\t\t\t\t<\/div>\n<\/div><div class=\"mkdf-pli mkdf-item-space \">\n\t<div class=\"mkdf-pli-inner\">\n\t\t<div class=\"mkdf-pli-image\">\n\t\t\t\n<img loading=\"lazy\" decoding=\"async\" width=\"600\" height=\"394\" src=\"https:\/\/billas.com.tr\/wp-content\/uploads\/2022\/12\/BL-733_5@2x-100-600x394.jpg\" class=\"attachment-woocommerce_single size-woocommerce_single wp-post-image\" alt=\"\" srcset=\"https:\/\/billas.com.tr\/wp-content\/uploads\/2022\/12\/BL-733_5@2x-100-600x394.jpg 600w, https:\/\/billas.com.tr\/wp-content\/uploads\/2022\/12\/BL-733_5@2x-100-300x197.jpg 300w, https:\/\/billas.com.tr\/wp-content\/uploads\/2022\/12\/BL-733_5@2x-100-1024x672.jpg 1024w, https:\/\/billas.com.tr\/wp-content\/uploads\/2022\/12\/BL-733_5@2x-100-768x504.jpg 768w, https:\/\/billas.com.tr\/wp-content\/uploads\/2022\/12\/BL-733_5@2x-100.jpg 1280w\" sizes=\"auto, (max-width: 600px) 100vw, 600px\" \/>\t\t<\/div>\n\t\t<div class=\"mkdf-pli-text\" >\n\t\t\t<div class=\"mkdf-pli-text-outer\">\n\t\t\t\t<div class=\"mkdf-pli-text-inner\">\n\t\t\t\t\t\t\n\t<div class=\"mkdf-pli-add-to-cart mkdf-default-skin\">\n\t\t<a rel=\"nofollow\" href=\"https:\/\/billas.com.tr\/fr\/lastikler\/pneus-pour-chariots-elevateurs-a-fourche\/bl-733\/\" data-quantity=\"1\" data-product_id=\"11092\" data-product_sku=\"\" class=\"button add_to_cart_button ajax_add_to_cart mkdf-button\">Read More<\/a>\t<\/div>\n\t\t\t\t<\/div>\n\t\t\t<\/div>\n\t\t<\/div>\n\t\t<a class=\"mkdf-pli-link\" itemprop=\"url\" href=\"https:\/\/billas.com.tr\/fr\/lastikler\/pneus-pour-chariots-elevateurs-a-fourche\/bl-733\/\" title=\"BL 733\"><\/a>\n\t<\/div>\n\t<div class=\"mkdf-pli-text-wrapper\" style=\"margin-bottom: 46px\">\n\t\t<div class=\"mkdf-pli-text-wrapper-inner\">\n\t\t\t\t\t<p class=\"mkdf-pli-category\"><a href=\"https:\/\/billas.com.tr\/fr\/product-category\/pneus-pour-chariots-elevateurs-a-fourche\/\" rel=\"tag\">Pneus pour chariots \u00e9l\u00e9vateurs \u00e0 fourche<\/a><\/p>\n\t\t\t\t\t\t<\/div>\n\t\t\t\t\t\t\t<\/div>\n<\/div><div class=\"mkdf-pli mkdf-item-space \">\n\t<div class=\"mkdf-pli-inner\">\n\t\t<div class=\"mkdf-pli-image\">\n\t\t\t\n<img loading=\"lazy\" decoding=\"async\" width=\"600\" height=\"394\" src=\"https:\/\/billas.com.tr\/wp-content\/uploads\/2024\/05\/BL714-600x394.jpg\" class=\"attachment-woocommerce_single size-woocommerce_single wp-post-image\" alt=\"\" srcset=\"https:\/\/billas.com.tr\/wp-content\/uploads\/2024\/05\/BL714-600x394.jpg 600w, https:\/\/billas.com.tr\/wp-content\/uploads\/2024\/05\/BL714-300x197.jpg 300w, https:\/\/billas.com.tr\/wp-content\/uploads\/2024\/05\/BL714-1024x672.jpg 1024w, https:\/\/billas.com.tr\/wp-content\/uploads\/2024\/05\/BL714-768x504.jpg 768w, https:\/\/billas.com.tr\/wp-content\/uploads\/2024\/05\/BL714-1536x1008.jpg 1536w\" sizes=\"auto, (max-width: 600px) 100vw, 600px\" \/>\t\t<\/div>\n\t\t<div class=\"mkdf-pli-text\" >\n\t\t\t<div class=\"mkdf-pli-text-outer\">\n\t\t\t\t<div class=\"mkdf-pli-text-inner\">\n\t\t\t\t\t\t\n\t<div class=\"mkdf-pli-add-to-cart mkdf-default-skin\">\n\t\t<a rel=\"nofollow\" href=\"https:\/\/billas.com.tr\/fr\/lastikler\/forklift-lastikleri\/bl-714\/\" data-quantity=\"1\" data-product_id=\"14502\" data-product_sku=\"\" class=\"button add_to_cart_button ajax_add_to_cart mkdf-button\">Read More<\/a>\t<\/div>\n\t\t\t\t<\/div>\n\t\t\t<\/div>\n\t\t<\/div>\n\t\t<a class=\"mkdf-pli-link\" itemprop=\"url\" href=\"https:\/\/billas.com.tr\/fr\/lastikler\/forklift-lastikleri\/bl-714\/\" title=\"BL 714\"><\/a>\n\t<\/div>\n\t<div class=\"mkdf-pli-text-wrapper\" style=\"margin-bottom: 46px\">\n\t\t<div class=\"mkdf-pli-text-wrapper-inner\">\n\t\t\t\t\t<p class=\"mkdf-pli-category\"><a href=\"https:\/\/billas.com.tr\/product-category\/forklift-lastikleri\/\" rel=\"tag\">Forklift Lastikleri<\/a><\/p>\n\t\t\t\t\t\t<\/div>\n\t\t\t\t\t\t\t<\/div>\n<\/div>\t<\/div>\n<\/div>[\/vc_column][\/vc_row][vc_row full_width=\u00a0\u00bbstretch_row\u00a0\u00bb disable_background_image=\u00a0\u00bb\u00a0\u00bb simple_background_color=\u00a0\u00bb#f1f1f1&Prime; css=\u00a0\u00bb.vc_custom_1670812083173{padding-bottom: 130px !important;}\u00a0\u00bb][vc_column][vc_empty_space][vc_custom_heading text=\u00a0\u00bbTOUS LES TYPES DE PNEUS\u00a0\u00bb font_container=\u00a0\u00bbtag:h2|text_align:left|color:%23161616&Prime; use_theme_fonts=\u00a0\u00bbyes\u00a0\u00bb][rev_slider slidertitle=\u00a0\u00bblastik-kapaklar\u00a0\u00bb alias=\u00a0\u00bblastik-kapaklar\u00a0\u00bb][\/vc_column][\/vc_row]<\/p>\n","protected":false},"excerpt":{"rendered":"<p>[vc_row full_width=\u00a0\u00bbstretch_row\u00a0\u00bb disable_background_image=\u00a0\u00bb\u00a0\u00bb simple_background_color=\u00a0\u00bb#e5e5e5&Prime;][vc_column][vc_row_inner row_content_width=\u00a0\u00bbgrid\u00a0\u00bb][vc_column_inner offset=\u00a0\u00bbvc_hidden-sm vc_hidden-xs\u00a0\u00bb][rev_slider slidertitle=\u00a0\u00bbForklift\u00a0\u00bb alias=\u00a0\u00bbForklift\u00a0\u00bb][\/vc_column_inner][\/vc_row_inner][vc_row_inner row_content_width=\u00a0\u00bbgrid\u00a0\u00bb][vc_column_inner][vc_empty_space][vc_empty_space][vc_empty_space][vc_custom_heading text=\u00a0\u00bbPNEUS DE CHARIOT \u00c9L\u00c9VATEUR\u00a0\u00bb font_container=\u00a0\u00bbtag:h2|text_align:left|color:%23161616&Prime; use_theme_fonts=\u00a0\u00bbyes\u00a0\u00bb][vc_empty_space][\/vc_column_inner][\/vc_row_inner][\/vc_column][\/vc_row][vc_row full_width=\u00a0\u00bbstretch_row\u00a0\u00bb disable_background_image=\u00a0\u00bb\u00a0\u00bb simple_background_color=\u00a0\u00bb#f1f1f1&Prime; css=\u00a0\u00bb.vc_custom_1670812083173{padding-bottom: 130px !important;}\u00a0\u00bb][vc_column][vc_empty_space][vc_custom_heading text=\u00a0\u00bbTOUS LES TYPES DE PNEUS\u00a0\u00bb font_container=\u00a0\u00bbtag:h2|text_align:left|color:%23161616&Prime; use_theme_fonts=\u00a0\u00bbyes\u00a0\u00bb][rev_slider slidertitle=\u00a0\u00bblastik-kapaklar\u00a0\u00bb alias=\u00a0\u00bblastik-kapaklar\u00a0\u00bb][\/vc_column][\/vc_row]<\/p>\n","protected":false},"author":1,"featured_media":0,"parent":9887,"menu_order":0,"comment_status":"closed","ping_status":"closed","template":"","meta":{"footnotes":""},"class_list":["post-9977","page","type-page","status-publish","hentry"],"aioseo_notices":[],"_links":{"self":[{"href":"https:\/\/billas.com.tr\/fr\/wp-json\/wp\/v2\/pages\/9977","targetHints":{"allow":["GET"]}}],"collection":[{"href":"https:\/\/billas.com.tr\/fr\/wp-json\/wp\/v2\/pages"}],"about":[{"href":"https:\/\/billas.com.tr\/fr\/wp-json\/wp\/v2\/types\/page"}],"author":[{"embeddable":true,"href":"https:\/\/billas.com.tr\/fr\/wp-json\/wp\/v2\/users\/1"}],"replies":[{"embeddable":true,"href":"https:\/\/billas.com.tr\/fr\/wp-json\/wp\/v2\/comments?post=9977"}],"version-history":[{"count":2,"href":"https:\/\/billas.com.tr\/fr\/wp-json\/wp\/v2\/pages\/9977\/revisions"}],"predecessor-version":[{"id":14510,"href":"https:\/\/billas.com.tr\/fr\/wp-json\/wp\/v2\/pages\/9977\/revisions\/14510"}],"up":[{"embeddable":true,"href":"https:\/\/billas.com.tr\/fr\/wp-json\/wp\/v2\/pages\/9887"}],"wp:attachment":[{"href":"https:\/\/billas.com.tr\/fr\/wp-json\/wp\/v2\/media?parent=9977"}],"curies":[{"name":"wp","href":"https:\/\/api.w.org\/{rel}","templated":true}]}}