{"id":9877,"date":"2023-02-19T20:59:57","date_gmt":"2023-02-19T17:59:57","guid":{"rendered":"https:\/\/billas.com.tr\/politique-de-remboursement-et-de-retour\/"},"modified":"2023-11-26T17:51:34","modified_gmt":"2023-11-26T14:51:34","slug":"politique-de-remboursement-et-de-retour","status":"publish","type":"page","link":"https:\/\/billas.com.tr\/fr\/politique-de-remboursement-et-de-retour\/","title":{"rendered":"POLITIQUE EN MATI\u00c8RE DE COOKIES"},"content":{"rendered":"<p>[vc_row disable_background_image=\u00a0\u00bb\u00a0\u00bb css=\u00a0\u00bb.vc_custom_1701010202501{padding-left: 50px !important;}\u00a0\u00bb][vc_column][vc_custom_heading text=\u00a0\u00bbBI\u0307LLAS TYRE A.\u015e. POLITIQUE EN MATI\u00c8RE DE COOKIES\u00a0\u00bb][\/vc_column][\/vc_row][vc_row disable_background_image=\u00a0\u00bb\u00a0\u00bb css=\u00a0\u00bb.vc_custom_1701010271241{padding-right: 50px !important;padding-left: 50px !important;}\u00a0\u00bb][vc_column][vc_column_text]<span style=\"color: #000000;\">Dans le cadre de cette politique, le terme \u00ab\u00a0cookie\u00a0\u00bb fait r\u00e9f\u00e9rence aux cookies et aux produits qui ont un objectif similaire.<\/span><\/p>\n<p><span style=\"color: #000000;\"><strong>Qu&rsquo;est-ce qu&rsquo;un cookie ?<\/strong><\/span><\/p>\n<p><span style=\"color: #000000;\">Un cookie est un petit fichier texte que le site enregistre sur votre ordinateur ou votre appareil mobile lorsque vous visitez un site. Les cookies sont largement utilis\u00e9s pour faire fonctionner un site web, le rendre plus efficace ou fournir des informations \u00e0 ses propri\u00e9taires.<\/span><\/p>\n<p><span style=\"color: #000000;\"><strong>\u00c0 quoi sert-il ?<\/strong><\/span><\/p>\n<p><span style=\"color: #000000;\">Les cookies sont utilis\u00e9s sur les ordinateurs, les t\u00e9l\u00e9phones et d&rsquo;autres appareils pour collecter et stocker des informations qui vous identifient et vos mouvements lors de l&rsquo;utilisation du site, vos habitudes d&rsquo;utilisation, et pour am\u00e9liorer et personnaliser notre site web pour vous.<\/span><\/p>\n<p><span style=\"color: #000000;\">Et nous sommes <strong><br \/>\n  <em>BI\u0307LLAS TYRE A.\u015e. <\/em><br \/>\n<\/strong>nous utilisons diff\u00e9rents cookies sur le site <em>www.billas.com.tr <\/em> pour d\u00e9terminer comment vous interagissez avec le contenu du site et pour am\u00e9liorer votre exp\u00e9rience d&rsquo;utilisateur.<\/span><\/p>\n<p><span style=\"color: #000000;\"><strong>Cookies de premi\u00e8re et de tierce parties<\/strong><\/span><\/p>\n<p><span style=\"color: #000000;\">Des cookies de premi\u00e8re partie et de tierce partie sont utilis\u00e9s sur le site <em>www.billas.com.tr <\/em>de <em>B\u0130LLAS LAST\u0130K A.\u015e.. <\/em><\/span><\/p>\n<p><span style=\"color: #000000;\">Les cookies de premi\u00e8re partie sont des cookies plac\u00e9s par notre soci\u00e9t\u00e9 sur le domaine kahvedunyasi.com et ne peuvent \u00eatre lus que par B\u0130LLAS LAST\u0130K A.\u015e. Ces cookies sont utilis\u00e9s pour am\u00e9liorer votre exp\u00e9rience utilisateur dans le processus d&rsquo;ex\u00e9cution des fonctions de base du site, telles que la langue et la pr\u00e9f\u00e9rence de localisation de l&rsquo;utilisateur.<\/span><\/p>\n<p><span style=\"color: #000000;\">Les cookies de tiers sont des cookies appartenant \u00e0 et ex\u00e9cut\u00e9s par des tiers tels que des partenaires commerciaux ou des fournisseurs de services de<em> B\u0130LLAS LAST\u0130K A.\u015e.<\/em> <\/span><\/p>\n<p><span style=\"color: #000000;\"><strong>Cookies utilis\u00e9s sur notre site web<\/strong><\/span><\/p>\n<p><span style=\"color: #000000;\"><strong>Cookies d&rsquo;authentification :<\/strong> Il s&rsquo;agit de cookies utilis\u00e9s pour emp\u00eacher nos membres de saisir \u00e0 nouveau leur mot de passe sur chaque page. Des cookies similaires sont \u00e9galement utilis\u00e9s pour les connexions \u00e0 Facebook.<\/span><\/p>\n<p><span style=\"color: #000000;\"><strong>Cookies publicitaires :<\/strong> Il s&rsquo;agit de cookies utilis\u00e9s pour afficher des publicit\u00e9s comportementales et cibl\u00e9es aux visiteurs.<\/span><\/p>\n<p><span style=\"color: #000000;\"><strong>Cookies analytiques :<\/strong> Il s&rsquo;agit de cookies utilis\u00e9s pour analyser les habitudes d&rsquo;utilisation de nos membres\/visiteurs et pour d\u00e9terminer les statistiques de l&rsquo;application. (Par exemple, combien de fois notre site est-il ouvert ? combien de fois notre site est ouvert, \u00e0 quelles heures notre site est utilis\u00e9, quelles sont les sections les plus utilis\u00e9es de notre site).<\/span><\/p>\n<p><span style=\"color: #000000;\"><strong>Cookies techniques :<\/strong> Il s&rsquo;agit de cookies utilis\u00e9s pour contr\u00f4ler le bon fonctionnement du site web.<\/span><\/p>\n<p><span style=\"color: #000000;\"><strong>Cookies de personnalisation :<\/strong> Cookies utilis\u00e9s pour fournir un contenu et une exp\u00e9rience personnalis\u00e9s en fonction du comportement et des pr\u00e9f\u00e9rences de l&rsquo;utilisateur.<\/span><\/p>\n<p><span style=\"color: #000000;\"><strong>Comment puis-je supprimer ou refuser les cookies ?<\/strong><\/span><\/p>\n<p><span style=\"color: #000000;\"><strong><br \/>\n  <em>www.billas.com.tr<\/em><br \/>\n<\/strong> un certain nombre de cookies obligatoires sont utilis\u00e9s pour le fonctionnement actif et efficace de notre site web. Ces cookies ne peuvent pas \u00eatre d\u00e9sactiv\u00e9s via le panneau de pr\u00e9f\u00e9rences de confidentialit\u00e9. Vous pouvez utiliser le \u00ab\u00a0Privacy Preference Panel\u00a0\u00bb pour les cookies obligatoires utilis\u00e9s sur notre site.<\/span><\/p>\n<p><span style=\"color: #000000;\">En revanche, tous les groupes de cookies autres que les cookies obligatoires sont automatiquement \u00ab\u00a0d\u00e9sactiv\u00e9s\u00a0\u00bb. Nos utilisateurs peuvent r\u00e9activer ces cookies selon leurs souhaits ou d\u00e9sactiver les cookies activ\u00e9s ult\u00e9rieurement. Toutefois, il convient de noter que la d\u00e9sactivation\/suppression des cookies que nous utilisons peut affecter votre exp\u00e9rience d&rsquo;utilisateur sur le site web www.billas.com.tr. Si les cookies non essentiels ne sont pas activ\u00e9s, vous pouvez continuer \u00e0 utiliser l&rsquo;application et\/ou le site web, mais il se peut que vous ne puissiez pas acc\u00e9der \u00e0 toutes les fonctions de l&rsquo;application et\/ou du site web ou que l&rsquo;acc\u00e8s soit limit\u00e9. Afin d&rsquo;utiliser pleinement l&rsquo;application et\/ou le site web, nous vous recommandons d&rsquo;autoriser les cookies.<\/span><\/p>\n<p><span style=\"color: #000000;\"><strong>Gestion des cookies en dehors du \u00ab\u00a0panneau de pr\u00e9f\u00e9rences de confidentialit\u00e9\u00a0\u00bb :<\/strong><\/span><\/p>\n<p><span style=\"color: #000000;\">La gestion la plus efficace des cookies utilis\u00e9s sur notre site est assur\u00e9e par le \u00ab\u00a0Privacy Preference Panel\u00a0\u00bb. Cependant, vous, nos pr\u00e9cieux utilisateurs, pouvez \u00e9galement pr\u00e9f\u00e9rer les m\u00e9thodes suivantes, en fonction de votre navigateur, pour g\u00e9rer les cookies :<\/span><\/p>\n<p><span style=\"color: #000000;\"><strong>Safari :<\/strong> Vous pouvez s\u00e9lectionner l&rsquo;onglet \u00ab\u00a0safari\u00a0\u00bb dans la section \u00ab\u00a0Param\u00e8tres\u00a0\u00bb de votre t\u00e9l\u00e9phone et fournir toute votre gestion des cookies dans la section \u00ab\u00a0Confidentialit\u00e9 et s\u00e9curit\u00e9\u00a0\u00bb.<\/span><\/p>\n<p><span style=\"color: #000000;\"><strong>Autres navigateurs :<\/strong> Vous pouvez consulter les pages d&rsquo;aide ou d&rsquo;assistance du navigateur concern\u00e9 ou<\/span><\/p>\n<p><span style=\"color: #000000;\">Vous pouvez obtenir des informations d\u00e9taill\u00e9es en visitant le site <a style=\"color: #000000;\" href=\"https:\/\/www.youronlinechoices.com\/tr\/\">www.youronlinechoices.eu\/tr\/<\/a>.<\/span><\/p>\n<p><span style=\"color: #000000;\">Pour conna\u00eetre le nombre de cookies qui vous suivent instantan\u00e9ment <a style=\"color: #000000;\" href=\"https:\/\/www.ghostery.com\/\"><br \/>\n  <strong><br \/>\n    <em>Ghostery<\/em><br \/>\n  <\/strong><br \/>\n<\/a> ou directement dans le navigateur <a style=\"color: #000000;\" href=\"https:\/\/brave.com\/\"><br \/>\n  <strong><br \/>\n    <em>Brave<\/em><br \/>\n  <\/strong><br \/>\n<\/a> Vous pouvez l&rsquo;utiliser.<\/span><\/p>\n<p>[\/vc_column_text][\/vc_column][\/vc_row]<\/p>\n","protected":false},"excerpt":{"rendered":"<p>[vc_row disable_background_image=\u00a0\u00bb\u00a0\u00bb css=\u00a0\u00bb.vc_custom_1701010202501{padding-left: 50px !important;}\u00a0\u00bb][vc_column][vc_custom_heading text=\u00a0\u00bbBI\u0307LLAS TYRE A.\u015e. POLITIQUE EN MATI\u00c8RE DE COOKIES\u00a0\u00bb][\/vc_column][\/vc_row][vc_row disable_background_image=\u00a0\u00bb\u00a0\u00bb css=\u00a0\u00bb.vc_custom_1701010271241{padding-right: 50px !important;padding-left: 50px !important;}\u00a0\u00bb][vc_column][vc_column_text]Dans le cadre de cette politique, le terme \u00ab\u00a0cookie\u00a0\u00bb fait r\u00e9f\u00e9rence aux cookies et aux produits qui ont un objectif similaire. Qu&rsquo;est-ce [&hellip;]<\/p>\n","protected":false},"author":1,"featured_media":0,"parent":0,"menu_order":0,"comment_status":"closed","ping_status":"closed","template":"","meta":{"footnotes":""},"aioseo_notices":[],"_links":{"self":[{"href":"https:\/\/billas.com.tr\/fr\/wp-json\/wp\/v2\/pages\/9877"}],"collection":[{"href":"https:\/\/billas.com.tr\/fr\/wp-json\/wp\/v2\/pages"}],"about":[{"href":"https:\/\/billas.com.tr\/fr\/wp-json\/wp\/v2\/types\/page"}],"author":[{"embeddable":true,"href":"https:\/\/billas.com.tr\/fr\/wp-json\/wp\/v2\/users\/1"}],"replies":[{"embeddable":true,"href":"https:\/\/billas.com.tr\/fr\/wp-json\/wp\/v2\/comments?post=9877"}],"version-history":[{"count":5,"href":"https:\/\/billas.com.tr\/fr\/wp-json\/wp\/v2\/pages\/9877\/revisions"}],"predecessor-version":[{"id":14214,"href":"https:\/\/billas.com.tr\/fr\/wp-json\/wp\/v2\/pages\/9877\/revisions\/14214"}],"wp:attachment":[{"href":"https:\/\/billas.com.tr\/fr\/wp-json\/wp\/v2\/media?parent=9877"}],"curies":[{"name":"wp","href":"https:\/\/api.w.org\/{rel}","templated":true}]}}