{"id":9873,"date":"2022-11-11T04:03:14","date_gmt":"2022-11-11T01:03:14","guid":{"rendered":"https:\/\/billas.com.tr\/politique-de-confidentialite-du-site-web\/"},"modified":"2023-02-19T21:27:51","modified_gmt":"2023-02-19T18:27:51","slug":"politique-de-confidentialite-du-site-web","status":"publish","type":"page","link":"https:\/\/billas.com.tr\/fr\/politique-de-confidentialite-du-site-web\/","title":{"rendered":"POLITIQUE DE CONFIDENTIALIT\u00c9 DU SITE WEB"},"content":{"rendered":"<p>[vc_row row_content_width=\u00a0\u00bbgrid\u00a0\u00bb disable_background_image=\u00a0\u00bb\u00a0\u00bb css=\u00a0\u00bb.vc_custom_1668128545693{padding-top: 130px !important;padding-bottom: 130px !important;}\u00a0\u00bb][vc_column width=\u00a0\u00bb1\/6&Prime;][\/vc_column][vc_column width=\u00a0\u00bb2\/3&Prime;][vc_column_text]<span style=\"color: #000000;\"><strong><em>Politique de confidentialit\u00e9 du site web<\/em><\/strong><\/span><\/p>\n<p><span style=\"color: #000000;\">Derni\u00e8re mise \u00e0 jour : 11\/11\/2022<\/span><\/p>\n<p><span style=\"color: #000000;\"><strong><em>Qui sommes-nous ?<\/em><\/strong><\/span><\/p>\n<p><span style=\"color: #000000;\"><a style=\"color: #000000;\" href=\"https:\/\/billas.com.tr\/fr\/\">www.billas.com.tr<\/a>      <\/span><\/p>\n<p><span style=\"color: #000000;\"><strong><em>Commentaires<\/em><\/strong><\/span><\/p>\n<p><span style=\"color: #000000;\">Lorsque les visiteurs laissent des commentaires sur le site, nous recueillons les donn\u00e9es indiqu\u00e9es dans le formulaire de commentaire, ainsi que l&rsquo;adresse IP du visiteur et le texte d&rsquo;information du navigateur pour aider \u00e0 d\u00e9tecter les commentaires ind\u00e9sirables.<\/span><\/p>\n<p><span style=\"color: #000000;\"><strong><em>Environnement<\/em><\/strong><\/span><\/p>\n<p><span style=\"color: #000000;\">Si vous t\u00e9l\u00e9chargez des images sur le site web, vous devez \u00e9viter de le faire avec des donn\u00e9es de localisation int\u00e9gr\u00e9es (GPS EXIF). Les visiteurs du site web peuvent t\u00e9l\u00e9charger et extraire toute information de localisation \u00e0 partir des images du site.<\/span><\/p>\n<p><span style=\"color: #000000;\"><strong><em>Cookies<\/em><\/strong><\/span><\/p>\n<p><span style=\"color: #000000;\">Si vous laissez un commentaire sur notre site, vous pouvez choisir d&rsquo;enregistrer votre nom, votre adresse \u00e9lectronique et votre site web dans les cookies. Elles sont destin\u00e9es \u00e0 vous faciliter la t\u00e2che, afin que vous n&rsquo;ayez pas \u00e0 remplir \u00e0 nouveau vos coordonn\u00e9es lorsque vous laissez un autre commentaire. Ces cookies sont conserv\u00e9s pendant un an.<\/span><\/p>\n<p><span style=\"color: #000000;\">Si vous visitez notre page d&rsquo;accueil, nous installerons un cookie temporaire pour d\u00e9terminer si votre navigateur accepte les cookies. Ce cookie ne contient aucune donn\u00e9e personnelle et est supprim\u00e9 lorsque vous fermez votre navigateur.<\/span><\/p>\n<p><span style=\"color: #000000;\">Lorsque vous vous connectez, nous enregistrons plusieurs cookies pour sauvegarder vos donn\u00e9es de connexion et votre s\u00e9lection d&rsquo;affichage d&rsquo;\u00e9cran. Les cookies de connexion restent pendant deux jours et les cookies d&rsquo;options d&rsquo;\u00e9cran pendant un an. Si vous s\u00e9lectionnez l&rsquo;option \u00ab\u00a0Se souvenir de moi\u00a0\u00bb, votre connexion durera deux semaines. Si vous vous d\u00e9connectez de votre compte, les cookies de connexion seront supprim\u00e9s.<\/span><\/p>\n<p><span style=\"color: #000000;\">Si vous modifiez ou publiez un article, un cookie suppl\u00e9mentaire est enregistr\u00e9 dans votre navigateur. Ce cookie ne contient aucune donn\u00e9e personnelle et indique uniquement l&rsquo;identifiant de l&rsquo;article que vous \u00eates en train de modifier. Expire apr\u00e8s 1 jour.<\/span><\/p>\n<p><span style=\"color: #000000;\"><strong><em>Contenu int\u00e9gr\u00e9 d&rsquo;autres sites<\/em><\/strong><\/span><\/p>\n<p><span style=\"color: #000000;\">Les articles de ce site peuvent contenir du contenu int\u00e9gr\u00e9 (par exemple des vid\u00e9os, des images, des articles, etc.). Le contenu int\u00e9gr\u00e9 \u00e0 partir d&rsquo;autres sites web se comporte exactement de la m\u00eame mani\u00e8re que si le visiteur avait visit\u00e9 l&rsquo;autre site web.<\/span><\/p>\n<p><span style=\"color: #000000;\">Ces sites web peuvent recueillir des donn\u00e9es vous concernant, utiliser des cookies, suivre le contenu int\u00e9gr\u00e9 par un tiers et suivre votre interaction avec ce contenu int\u00e9gr\u00e9, y compris le suivi de votre interaction avec le contenu int\u00e9gr\u00e9 si vous avez un compte et \u00eates connect\u00e9 \u00e0 ce site web.<\/span><\/p>\n<p><span style=\"color: #000000;\"><strong><em>Avec qui partageons-nous vos donn\u00e9es ?<\/em><\/strong><\/span><\/p>\n<p><span style=\"color: #000000;\">Lorsque vous demandez une r\u00e9initialisation du mot de passe, votre adresse IP est incluse dans l&rsquo;e-mail de r\u00e9initialisation.<\/span><\/p>\n<p><span style=\"color: #000000;\"><strong><em>Combien de temps conservons-nous vos donn\u00e9es ?<\/em><\/strong><\/span><\/p>\n<p><span style=\"color: #000000;\">Si vous laissez un commentaire, celui-ci et ses m\u00e9tadonn\u00e9es sont conserv\u00e9s ind\u00e9finiment. Ainsi, nous pouvons automatiquement reconna\u00eetre et approuver vos commentaires de suivi au lieu de les garder dans la file d&rsquo;attente de mod\u00e9ration.<\/span><\/p>\n<p><span style=\"color: #000000;\">Pour les utilisateurs qui s&rsquo;inscrivent sur notre site web, nous stockons \u00e9galement (le cas \u00e9ch\u00e9ant) les informations personnelles qu&rsquo;ils fournissent dans leur profil d&rsquo;utilisateur. Tous les utilisateurs peuvent consulter, modifier ou supprimer leurs informations personnelles \u00e0 tout moment (\u00e0 l&rsquo;exception du changement de nom d&rsquo;utilisateur). Les administrateurs du site web peuvent \u00e9galement consulter et modifier ces informations.<\/span><\/p>\n<p><span style=\"color: #000000;\"><strong><em>Quels sont vos droits sur vos donn\u00e9es ?<\/em><\/strong><\/span><\/p>\n<p><span style=\"color: #000000;\">Si vous avez un compte ou des commentaires sur ce site, vous pouvez demander \u00e0 recevoir un fichier export\u00e9 des donn\u00e9es personnelles que nous d\u00e9tenons \u00e0 votre sujet, y compris les donn\u00e9es que vous nous avez fournies. Vous pouvez \u00e9galement nous demander de supprimer toutes les donn\u00e9es personnelles que nous d\u00e9tenons \u00e0 votre sujet. Cela ne comprend pas les donn\u00e9es que nous sommes oblig\u00e9s de respecter \u00e0 des fins administratives, juridiques ou de s\u00e9curit\u00e9.<\/span><\/p>\n<p><span style=\"color: #000000;\"><strong><em>O\u00f9 envoyons-nous vos donn\u00e9es ?<\/em><\/strong><\/span><\/p>\n<p><span style=\"color: #000000;\">Les commentaires des visiteurs peuvent \u00eatre v\u00e9rifi\u00e9s par un service de d\u00e9tection automatique des spams.<\/span>[\/vc_column_text][\/vc_column][vc_column width=\u00a0\u00bb1\/6&Prime;][\/vc_column][\/vc_row]<\/p>\n","protected":false},"excerpt":{"rendered":"<p>[vc_row row_content_width=\u00a0\u00bbgrid\u00a0\u00bb disable_background_image=\u00a0\u00bb\u00a0\u00bb css=\u00a0\u00bb.vc_custom_1668128545693{padding-top: 130px !important;padding-bottom: 130px !important;}\u00a0\u00bb][vc_column width=\u00a0\u00bb1\/6&Prime;][\/vc_column][vc_column width=\u00a0\u00bb2\/3&Prime;][vc_column_text]Politique de confidentialit\u00e9 du site web Derni\u00e8re mise \u00e0 jour : 11\/11\/2022 Qui sommes-nous ? www.billas.com.tr Commentaires Lorsque les visiteurs laissent des commentaires sur le site, nous recueillons les donn\u00e9es indiqu\u00e9es [&hellip;]<\/p>\n","protected":false},"author":1,"featured_media":0,"parent":0,"menu_order":0,"comment_status":"closed","ping_status":"closed","template":"full-width.php","meta":{"footnotes":""},"aioseo_notices":[],"_links":{"self":[{"href":"https:\/\/billas.com.tr\/fr\/wp-json\/wp\/v2\/pages\/9873"}],"collection":[{"href":"https:\/\/billas.com.tr\/fr\/wp-json\/wp\/v2\/pages"}],"about":[{"href":"https:\/\/billas.com.tr\/fr\/wp-json\/wp\/v2\/types\/page"}],"author":[{"embeddable":true,"href":"https:\/\/billas.com.tr\/fr\/wp-json\/wp\/v2\/users\/1"}],"replies":[{"embeddable":true,"href":"https:\/\/billas.com.tr\/fr\/wp-json\/wp\/v2\/comments?post=9873"}],"version-history":[{"count":0,"href":"https:\/\/billas.com.tr\/fr\/wp-json\/wp\/v2\/pages\/9873\/revisions"}],"wp:attachment":[{"href":"https:\/\/billas.com.tr\/fr\/wp-json\/wp\/v2\/media?parent=9873"}],"curies":[{"name":"wp","href":"https:\/\/api.w.org\/{rel}","templated":true}]}}