{"id":14234,"date":"2023-11-26T17:54:49","date_gmt":"2023-11-26T14:54:49","guid":{"rendered":"https:\/\/billas.com.tr\/kvkk-texte-de-clarification\/"},"modified":"2023-11-26T17:55:05","modified_gmt":"2023-11-26T14:55:05","slug":"kvkk-texte-de-clarification","status":"publish","type":"page","link":"https:\/\/billas.com.tr\/fr\/kvkk-texte-de-clarification\/","title":{"rendered":"KVKK TEXTE DE CLARIFICATION"},"content":{"rendered":"<p>[vc_row disable_background_image=\u00a0\u00bb\u00a0\u00bb css=\u00a0\u00bb.vc_custom_1701010202501{padding-left: 50px !important;}\u00a0\u00bb][vc_column][vc_custom_heading text=\u00a0\u00bbTEXTE DE CLARIFICATION SUR LA LOI SUR LA PROTECTION DES DONN\u00c9ES PERSONNELLES\u00a0\u00bb][\/vc_column][\/vc_row][vc_row disable_background_image=\u00a0\u00bb\u00a0\u00bb css=\u00a0\u00bb.vc_custom_1701010271241{padding-right: 50px !important;padding-left: 50px !important;}\u00a0\u00bb][vc_column][vc_column_text]<span style=\"color: #000000;\"><strong>B\u0130LLAS LAST\u0130K A.\u015e. p<\/strong> rend les mesures de s\u00e9curit\u00e9 les plus \u00e9lev\u00e9es possibles pour s&rsquo;assurer que vos donn\u00e9es personnelles sont collect\u00e9es, stock\u00e9es et partag\u00e9es conform\u00e9ment \u00e0 la loi et pour prot\u00e9ger votre vie priv\u00e9e.<\/span><\/p>\n<p><span style=\"color: #000000;\">Notre objectif est de nous conformer aux dispositions de l&rsquo;article 10 de la loi n\u00b0 6698 sur la protection des donn\u00e9es personnelles. Conform\u00e9ment \u00e0 l&rsquo;article et \u00e0 votre satisfaction, il s&rsquo;agit de vous informer de la mani\u00e8re la plus transparente possible sur les modalit\u00e9s de collecte de vos donn\u00e9es personnelles, les finalit\u00e9s du traitement, les personnes partag\u00e9es, les raisons juridiques et vos droits.<\/span><\/p>\n<ol>\n<li><span style=\"color: #000000;\"><strong>a) Contr\u00f4leur des donn\u00e9es  <\/strong><\/span><\/li>\n<\/ol>\n<p><span style=\"color: #000000;\">Conform\u00e9ment \u00e0 la loi n\u00b0 6698 sur la protection des donn\u00e9es personnelles (\u00ab\u00a0loi n\u00b0 6698\u00a0\u00bb), vos donn\u00e9es personnelles sont collect\u00e9es et trait\u00e9es par B\u0130LLAS LAST\u0130K A.\u015e. (\u00ab\u00a0SOCI\u00c9T\u00c9\u00a0\u00bb) en tant que responsable du traitement des donn\u00e9es dans le cadre d\u00e9crit ci-dessous.<\/span><\/p>\n<ol>\n<li><span style=\"color: #000000;\"><strong>b) Finalit\u00e9 du traitement des donn\u00e9es \u00e0 caract\u00e8re personnel<\/strong><\/span><\/li>\n<\/ol>\n<p><span style=\"color: #000000;\">Par l&rsquo;entreprise, ses clients, ses employ\u00e9s, ses clients potentiels, les candidats \u00e0 l&#8217;emploi, les repr\u00e9sentants et les employ\u00e9s des institutions officielles, les partenaires commerciaux et les fournisseurs ;<\/span><\/p>\n<p><span style=\"color: #000000;\">Des cat\u00e9gories particuli\u00e8res de donn\u00e9es \u00e0 caract\u00e8re personnel et des donn\u00e9es \u00e0 caract\u00e8re personnel (d\u00e9sign\u00e9es ensemble par le terme \u00ab\u00a0donn\u00e9es \u00e0 caract\u00e8re personnel\u00a0\u00bb) sont collect\u00e9es dans les cat\u00e9gories suivantes : informations sur l&rsquo;identit\u00e9, informations sur les contacts, informations sur les clients, informations sur les transactions avec les clients, informations sur les performances, exp\u00e9rience professionnelle, informations sur la s\u00e9curit\u00e9 des transactions, informations financi\u00e8res, informations sur la s\u00e9curit\u00e9 des espaces physiques, informations sur les transactions juridiques et la conformit\u00e9, informations sur le marketing et les ventes, informations sur la sant\u00e9.<\/span><\/p>\n<p><span style=\"color: #000000;\">Vos donn\u00e9es personnelles collect\u00e9es ;<\/span><\/p>\n<p><span style=\"color: #000000;\">&#8211; Pour vous fournir les produits et services de l&rsquo;entreprise, pour remplir nos obligations envers vous, pour pr\u00e9parer des dossiers et des documents, pour se conformer aux obligations de conservation des informations, de d\u00e9claration, d&rsquo;information, de fiscalit\u00e9 et autres stipul\u00e9es par la l\u00e9gislation locale et internationale,<\/span><\/p>\n<p><span style=\"color: #000000;\">&#8211; Pour vous proposer des publicit\u00e9s, des campagnes, des avantages et des b\u00e9n\u00e9fices sp\u00e9ciaux dans le cadre d&rsquo;activit\u00e9s de vente et de marketing visant \u00e0 am\u00e9liorer la qualit\u00e9 des services et des produits,<\/span><\/p>\n<p><span style=\"color: #000000;\">Pour que vous puissiez b\u00e9n\u00e9ficier de campagnes et d&rsquo;avantages si vous vous abonnez \u00e0 la lettre d&rsquo;information,<\/span><\/p>\n<p><span style=\"color: #000000;\">&#8211; Communiquer afin de mener \u00e0 bien les processus de s\u00e9curit\u00e9 de l&rsquo;information, les exigences en mati\u00e8re de traitement de l&rsquo;information, la structure syst\u00e9mique, la n\u00e9cessit\u00e9 des services de soutien au traitement de l&rsquo;information re\u00e7us, et vous fournir les informations n\u00e9cessaires concernant ces services et produits,<\/span><\/p>\n<p><span style=\"color: #000000;\">&#8211; Pour participer aux jeux-concours organis\u00e9s sur les comptes de m\u00e9dias sociaux de notre soci\u00e9t\u00e9, pour mener \u00e0 bien le processus de jeu-concours et pour vous contacter au cas o\u00f9 vous gagneriez un cadeau \u00e0 la suite du jeu-concours,<\/span><\/p>\n<p><span style=\"color: #000000;\">&#8211; Effectuer des mesures de trafic, des analyses statistiques, des segmentations\/profilages et des \u00e9tudes CRM pour les activit\u00e9s de vente et de marketing,<\/span><\/p>\n<p><span style=\"color: #000000;\">&#8211; Cr\u00e9ation de mots de passe dans le cadre de l&rsquo;ex\u00e9cution des processus d&rsquo;adh\u00e9sion, application de la politique en mati\u00e8re de mots de passe dans le cadre de la modification des mots de passe, garantie de la s\u00e9curit\u00e9 et de la confidentialit\u00e9 de vos mots de passe,<\/span><\/p>\n<p><span style=\"color: #000000;\">&#8211; R\u00e9alisation de transactions d&rsquo;achat par le biais du site web\/des applications mobiles de notre soci\u00e9t\u00e9 et confirmation des informations d&rsquo;identit\u00e9 de la personne effectuant la transaction, en assurant la s\u00e9curit\u00e9 du site web et des applications mobiles,<\/span><\/p>\n<p><span style=\"color: #000000;\">&#8211; Contr\u00f4ler et \u00e9tablir la s\u00e9curit\u00e9, la sant\u00e9 et la s\u00e9curit\u00e9 au travail dans le si\u00e8ge social, les usines, les entrep\u00f4ts et les magasins de notre soci\u00e9t\u00e9, assurer le suivi des visiteurs, am\u00e9liorer l&rsquo;exp\u00e9rience des visiteurs et la qualit\u00e9 du service,<\/span><\/p>\n<p><span style=\"color: #000000;\">&#8211; Mesurer et accro\u00eetre la satisfaction des clients, g\u00e9rer les r\u00e9clamations, recevoir vos avis et suggestions sur de nouveaux services et produits, recevoir vos notifications de probl\u00e8mes et d&rsquo;erreurs, vous informer sur les produits et services, les r\u00e9clamations et les demandes, veiller \u00e0 ce que les processus de d\u00e9veloppement commercial et de satisfaction des clients soient men\u00e9s \u00e0 bien en recevant vos demandes et r\u00e9clamations dans le cadre de processus d&rsquo;assistance en direct,<\/span><\/p>\n<p><span style=\"color: #000000;\">&#8211; Ex\u00e9cution des processus relatifs aux cadeaux d&rsquo;entreprise et aux cadeaux, pr\u00e9paration des commandes, r\u00e9ception de vos demandes et r\u00e9clamations concernant les produits et services connexes,<\/span><\/p>\n<p><span style=\"color: #000000;\">&#8211; Vous contacter, prendre vos commandes, effectuer vos op\u00e9rations de paiement, 3. Assurer la coop\u00e9ration logistique avec les personnes et garantir la livraison des produits, identifier les produits et services susceptibles de vous int\u00e9resser et vous faire des suggestions dans ce sens, vous envoyer des promotions et des cadeaux, vous montrer des publicit\u00e9s sp\u00e9ciales en analysant votre comportement en ligne, mesurer et am\u00e9liorer la qualit\u00e9 du service que nous vous fournissons, g\u00e9rer notre portefeuille de clients \u00e0 profiler et \u00e0 noter en fonction des segments que nous d\u00e9terminons,<\/span><\/p>\n<p><span style=\"color: #000000;\">&#8211; Pour \u00eatre utilis\u00e9 dans toutes sortes de produits et services \u00e0 vous offrir dans le cadre de la loi et de la l\u00e9gislation pertinente r\u00e9glementant les travaux \u00e9crits dans les statuts de la SOCI\u00c9T\u00c9 sous r\u00e9serve de votre divulgation de vos donn\u00e9es personnelles \u00e0 la SOCI\u00c9T\u00c9, offre comparative de produits et\/ou de services, mod\u00e9lisation, \u00e9tudes et\/ou d\u00e9veloppements de produits existants ou nouveaux,<\/span><\/p>\n<p><span style=\"color: #000000;\">&#8211; Pour se conformer aux obligations de stockage, de rapport et d&rsquo;information stipul\u00e9es par les institutions officielles, pour satisfaire aux exigences des contrats et pour remplir les obligations l\u00e9gales auxquelles la SOCI\u00c9T\u00c9 est soumise en ce qui concerne l&rsquo;utilisation de ces services,<\/span><\/p>\n<p><span style=\"color: #000000;\">&#8211; Conform\u00e9ment \u00e0 l&rsquo;objectif de d\u00e9terminer et de mettre en \u0153uvre les strat\u00e9gies commerciales et d&rsquo;entreprise de l&rsquo;ENTREPRISE ; g\u00e9rer les op\u00e9rations financi\u00e8res, la communication, les \u00e9tudes de march\u00e9 et les activit\u00e9s de responsabilit\u00e9 sociale, les op\u00e9rations d&rsquo;achat (demande, proposition, \u00e9valuation, commande, budg\u00e9tisation, contrat), les op\u00e9rations de gestion des syst\u00e8mes internes et des applications, les op\u00e9rations juridiques effectu\u00e9es par l&rsquo;ENTREPRISE.<\/span><\/p>\n<p><span style=\"color: #000000;\">&#8211; Examiner, \u00e9valuer et r\u00e9pondre aux demandes des autorit\u00e9s officielles ou aux v\u00f4tres,<\/span><\/p>\n<p><span style=\"color: #000000;\">des objectifs.<\/span><\/p>\n<ol>\n<li><span style=\"color: #000000;\"><strong>c) \u00e0 qui et dans quel but les donn\u00e9es \u00e0 caract\u00e8re personnel trait\u00e9es peuvent \u00eatre transf\u00e9r\u00e9es<\/strong><\/span><\/li>\n<\/ol>\n<p><span style=\"color: #000000;\">Vos donn\u00e9es personnelles collect\u00e9es sont limit\u00e9es \u00e0 la r\u00e9alisation des finalit\u00e9s de traitement sp\u00e9cifi\u00e9es \u00e0 la section b) ci-dessus et sont valables pour l&rsquo;ensemble de ces finalit\u00e9s ;<\/span><\/p>\n<p><span style=\"color: #000000;\">&#8211; Partenaires commerciaux, actionnaires, affili\u00e9s de l&rsquo;ENTREPRISE,<\/span><\/p>\n<p><span style=\"color: #000000;\">&#8211; Personnes ou organisations autoris\u00e9es par la loi sur la proc\u00e9dure fiscale, la l\u00e9gislation sur les institutions de s\u00e9curit\u00e9 sociale, la Cour des comptes, la loi sur la pr\u00e9vention du blanchiment des produits du crime, la loi sur la pr\u00e9vention du blanchiment d&rsquo;argent, le code de commerce turc, le code des obligations,<\/span><\/p>\n<p><span style=\"color: #000000;\">&#8211; Les institutions et organisations publiques l\u00e9galement autoris\u00e9es, les autorit\u00e9s administratives et les autorit\u00e9s judiciaires,<\/span><\/p>\n<p><span style=\"color: #000000;\">&#8211; Les fournisseurs de services de syst\u00e8mes en nuage dont les serveurs sont situ\u00e9s \u00e0 l&rsquo;\u00e9tranger,<\/span><\/p>\n<p><span style=\"color: #000000;\">&#8211; Comparaison de produits et de services, analyse, \u00e9valuation, publicit\u00e9 et personnes physiques ou morales dont nous recevons des services dans le cadre de la r\u00e9alisation des objectifs susmentionn\u00e9s, institutions et organisations partenaires du programme, institutions que nous avons charg\u00e9es d&rsquo;envoyer les messages que nous envoyons \u00e0 nos clients, soci\u00e9t\u00e9s de transport qui vous livrent les commandes.<\/span><\/p>\n<p><span style=\"color: #000000;\"><strong>\u00e7) M\u00e9thode et fondements juridiques de la collecte de donn\u00e9es \u00e0 caract\u00e8re personnel<\/strong><\/span><\/p>\n<p><span style=\"color: #000000;\">Vos donn\u00e9es personnelles peuvent \u00eatre trait\u00e9es en tout ou en partie par des moyens automatis\u00e9s et par des m\u00e9thodes qui font partie du syst\u00e8me d&rsquo;enregistrement des donn\u00e9es mais qui ne sont pas automatis\u00e9es ;<\/span><\/p>\n<p><span style=\"color: #000000;\">Directement par vous ou par des personnes autoris\u00e9es \u00e0 agir en votre nom ; les demandes faites par le biais de sites Web contract\u00e9s, le personnel du si\u00e8ge du magasin et de la SOCI\u00c9T\u00c9, les institutions que nous fournissons \/ recevons des services de soutien, les entit\u00e9s r\u00e9elles et \/ ou juridiques avec lesquelles les transactions sont effectu\u00e9es dans le cadre de toute l\u00e9gislation ou contrat, et les syst\u00e8mes automatis\u00e9s directs (notre site Web et l&rsquo;application mobile, les centres d&rsquo;appels, les comptes de m\u00e9dias sociaux) et les m\u00e9dias verbaux, \u00e9crits ou \u00e9lectroniques ;<\/span><\/p>\n<p><span style=\"color: #000000;\">de la loi 5. et Article 6 de la Convention ;<\/span><\/p>\n<ul>\n<li><span style=\"color: #000000;\">C&rsquo;est clairement stipul\u00e9 dans les lois,<\/span><\/li>\n<li><span style=\"color: #000000;\">Il est obligatoire pour notre entreprise de remplir l&rsquo;obligation l\u00e9gale,<\/span><\/li>\n<li><span style=\"color: #000000;\">Elles sont directement li\u00e9es \u00e0 la conclusion ou \u00e0 l&rsquo;ex\u00e9cution du contrat et leur traitement est n\u00e9cessaire,<\/span><\/li>\n<li><span style=\"color: #000000;\">Le traitement est obligatoire pour l&rsquo;int\u00e9r\u00eat l\u00e9gitime de notre soci\u00e9t\u00e9, \u00e0 condition qu&rsquo;il ne porte pas atteinte \u00e0 vos droits et libert\u00e9s fondamentaux,<\/span><\/li>\n<li><span style=\"color: #000000;\">Le fait que vous l&rsquo;ayez rendu public,<\/span><\/li>\n<li><span style=\"color: #000000;\">Le traitement est obligatoire pour la constatation, l&rsquo;exercice ou la protection d&rsquo;un droit,<\/span><\/li>\n<li><span style=\"color: #000000;\">Consentement explicite<\/span><\/li>\n<\/ul>\n<p><span style=\"color: #000000;\">Elle collecte des donn\u00e9es sur la base de fondements juridiques tels que<\/span><\/p>\n<ol>\n<li><span style=\"color: #000000;\"><strong>d) Le propri\u00e9taire des donn\u00e9es personnelles est tenu de se conformer \u00e0 l&rsquo;article 11 de la loi n\u00b0 6698. Droits \u00e9num\u00e9r\u00e9s dans l&rsquo;article<\/strong><\/span><\/li>\n<\/ol>\n<p><span style=\"color: #000000;\">En tant que propri\u00e9taires de donn\u00e9es personnelles, si vous soumettez vos demandes concernant vos droits par les m\u00e9thodes d\u00e9crites ci-dessous, l&rsquo;ENTREPRISE finalisera la demande d\u00e8s que possible et au plus tard dans les trente jours, en fonction de la nature de la demande. Aucun frais ne sera factur\u00e9 pour un maximum de dix pages dans la r\u00e9ponse. Des frais de transaction de 1 livre turque seront factur\u00e9s pour chaque page au-del\u00e0 de dix pages. Si la r\u00e9ponse \u00e0 la demande est donn\u00e9e sur un support d&rsquo;enregistrement tel qu&rsquo;un CD ou une m\u00e9moire flash, la redevance qui peut \u00eatre demand\u00e9e par notre soci\u00e9t\u00e9 ne d\u00e9passera pas le co\u00fbt du support d&rsquo;enregistrement.<\/span><\/p>\n<p><span style=\"color: #000000;\">Dans ce contexte, les propri\u00e9taires de donn\u00e9es personnelles ;<\/span><\/p>\n<ul>\n<li><span style=\"color: #000000;\">Pour savoir si des donn\u00e9es \u00e0 caract\u00e8re personnel sont trait\u00e9es,<\/span><\/li>\n<li><span style=\"color: #000000;\">Demander des informations si des donn\u00e9es personnelles ont \u00e9t\u00e9 trait\u00e9es,<\/span><\/li>\n<li><span style=\"color: #000000;\">Conna\u00eetre la finalit\u00e9 du traitement des donn\u00e9es personnelles et savoir si elles sont utilis\u00e9es conform\u00e9ment \u00e0 leur finalit\u00e9,<\/span><\/li>\n<li><span style=\"color: #000000;\">Conna\u00eetre les tiers auxquels les donn\u00e9es personnelles sont transf\u00e9r\u00e9es au niveau national ou \u00e0 l&rsquo;\u00e9tranger,<\/span><\/li>\n<li><span style=\"color: #000000;\">Demander la correction des donn\u00e9es personnelles en cas de traitement incomplet ou incorrect et demander la notification de la transaction effectu\u00e9e dans le cadre de ce champ d&rsquo;application aux tiers auxquels les donn\u00e9es personnelles sont transf\u00e9r\u00e9es,<\/span><\/li>\n<li><span style=\"color: #000000;\">Bien qu&rsquo;elles aient \u00e9t\u00e9 trait\u00e9es conform\u00e9ment aux dispositions de la loi n\u00b0 6698 et d&rsquo;autres lois pertinentes, de demander l&rsquo;effacement ou la destruction des donn\u00e9es personnelles au cas o\u00f9 les raisons justifiant leur traitement dispara\u00eetraient et de demander la notification de la transaction effectu\u00e9e dans le cadre de ce champ d&rsquo;application aux tiers auxquels les donn\u00e9es personnelles sont transf\u00e9r\u00e9es,<\/span><\/li>\n<li><span style=\"color: #000000;\">S&rsquo;opposer \u00e0 ce que l&rsquo;analyse des donn\u00e9es trait\u00e9es, effectu\u00e9e exclusivement \u00e0 l&rsquo;aide de syst\u00e8mes automatis\u00e9s, aboutisse \u00e0 un r\u00e9sultat pr\u00e9judiciable \u00e0 la personne elle-m\u00eame,<\/span><\/li>\n<li><span style=\"color: #000000;\">En cas de pr\u00e9judice d\u00fb \u00e0 un traitement illicite de donn\u00e9es \u00e0 caract\u00e8re personnel, il a le droit d&rsquo;exiger la r\u00e9paration du pr\u00e9judice.<\/span><\/li>\n<\/ul>\n<p><span style=\"color: #000000;\">Vous pouvez soumettre votre demande d&rsquo;exercice des droits susmentionn\u00e9s conform\u00e9ment \u00e0 l&rsquo;article 13 de la loi n\u00b0 6698. point 1. paragraphe et conform\u00e9ment au Communiqu\u00e9 sur les proc\u00e9dures et principes d&rsquo;application au contr\u00f4leur des donn\u00e9es num\u00e9rot\u00e9 30356 et dat\u00e9 du 10.03.2018, en turc et par \u00e9crit ou en utilisant l&rsquo;adresse \u00e9lectronique enregistr\u00e9e (KEP), la signature \u00e9lectronique s\u00e9curis\u00e9e, la signature mobile ou l&rsquo;adresse \u00e9lectronique pr\u00e9c\u00e9demment notifi\u00e9e \u00e0 la SOCI\u00c9T\u00c9 et enregistr\u00e9e dans notre syst\u00e8me. Dans les demandes, seules des informations concernant le demandeur seront fournies et il ne sera pas possible d&rsquo;obtenir des informations sur d&rsquo;autres membres de la famille et sur des tiers. L&rsquo;ENTREPRISE se r\u00e9serve le droit de v\u00e9rifier votre identit\u00e9 avant de vous r\u00e9pondre.<\/span><\/p>\n<p><span style=\"color: #000000;\">Dans votre demande ;<\/span><\/p>\n<ol>\n<li><span style=\"color: #000000;\">Votre nom, votre pr\u00e9nom et, si la demande est \u00e9crite, votre signature, votre num\u00e9ro d&rsquo;identification turc pour les citoyens de la R\u00e9publique de Turquie, votre nationalit\u00e9, votre num\u00e9ro de passeport ou votre num\u00e9ro d&rsquo;identification, le cas \u00e9ch\u00e9ant, si vous \u00eates \u00e9tranger,<\/span><\/li>\n<li><span style=\"color: #000000;\">L&rsquo;adresse de votre domicile ou de votre lieu de travail pour la notification,<\/span><\/li>\n<li><span style=\"color: #000000;\">Votre adresse \u00e9lectronique, vos num\u00e9ros de t\u00e9l\u00e9phone et de t\u00e9l\u00e9copie, le cas \u00e9ch\u00e9ant,<\/span><\/li>\n<li><span style=\"color: #000000;\">Sujet de votre demande,<\/span><\/li>\n<\/ol>\n<p><span style=\"color: #000000;\">Les informations et les documents relatifs au sujet, le cas \u00e9ch\u00e9ant, doivent \u00e9galement \u00eatre joints \u00e0 la demande.<\/span><\/p>\n<p><span style=\"color: #000000;\">Vous pouvez soumettre vos demandes par \u00e9crit \u00e0 notre soci\u00e9t\u00e9 en tant que responsable du traitement des donn\u00e9es en joignant les documents n\u00e9cessaires.<strong><em>  Kemalpasa OSB Mah. \u0130zmir-Ankara Asfalt\u0131 Cad. No : 39 Kemalpasa 35730 Izmir \/ Turquie  <\/em><\/strong>\u00e0 votre adresse.<\/span><\/p>\n<p><span style=\"color: #000000;\">Vous pouvez envoyer vos candidatures par courrier \u00e9lectronique \u00e0 l&rsquo;adresse <a style=\"color: #000000;\" href=\"mailto:info@billas.com.tr\">info@billas.com.tr<\/a>.<\/span><\/p>\n<p><span style=\"color: #000000;\">En fonction de la nature de votre demande, les informations et documents permettant l&rsquo;identification doivent nous \u00eatre fournis de mani\u00e8re compl\u00e8te et pr\u00e9cise. Dans le cas o\u00f9 les informations et documents demand\u00e9s ne sont pas fournis comme requis, il peut y avoir des probl\u00e8mes dans l&rsquo;ex\u00e9cution compl\u00e8te et qualifi\u00e9e des enqu\u00eates \u00e0 effectuer par la SOCIETE sur la base de votre demande. Dans ce cas, l&rsquo;ENTREPRISE d\u00e9clare qu&rsquo;elle r\u00e9serve ses droits l\u00e9gaux. C&rsquo;est pourquoi votre demande doit \u00eatre envoy\u00e9e de mani\u00e8re compl\u00e8te et contenir les informations et documents requis en fonction de la nature de votre demande.<\/span><\/p>\n<p>&nbsp;<\/p>\n<p>[\/vc_column_text][\/vc_column][\/vc_row]<\/p>\n","protected":false},"excerpt":{"rendered":"<p>[vc_row disable_background_image=\u00a0\u00bb\u00a0\u00bb css=\u00a0\u00bb.vc_custom_1701010202501{padding-left: 50px !important;}\u00a0\u00bb][vc_column][vc_custom_heading text=\u00a0\u00bbTEXTE DE CLARIFICATION SUR LA LOI SUR LA PROTECTION DES DONN\u00c9ES PERSONNELLES\u00a0\u00bb][\/vc_column][\/vc_row][vc_row disable_background_image=\u00a0\u00bb\u00a0\u00bb css=\u00a0\u00bb.vc_custom_1701010271241{padding-right: 50px !important;padding-left: 50px !important;}\u00a0\u00bb][vc_column][vc_column_text]B\u0130LLAS LAST\u0130K A.\u015e. p rend les mesures de s\u00e9curit\u00e9 les plus \u00e9lev\u00e9es possibles pour s&rsquo;assurer que vos donn\u00e9es [&hellip;]<\/p>\n","protected":false},"author":1,"featured_media":0,"parent":0,"menu_order":0,"comment_status":"closed","ping_status":"closed","template":"","meta":{"footnotes":""},"aioseo_notices":[],"_links":{"self":[{"href":"https:\/\/billas.com.tr\/fr\/wp-json\/wp\/v2\/pages\/14234"}],"collection":[{"href":"https:\/\/billas.com.tr\/fr\/wp-json\/wp\/v2\/pages"}],"about":[{"href":"https:\/\/billas.com.tr\/fr\/wp-json\/wp\/v2\/types\/page"}],"author":[{"embeddable":true,"href":"https:\/\/billas.com.tr\/fr\/wp-json\/wp\/v2\/users\/1"}],"replies":[{"embeddable":true,"href":"https:\/\/billas.com.tr\/fr\/wp-json\/wp\/v2\/comments?post=14234"}],"version-history":[{"count":7,"href":"https:\/\/billas.com.tr\/fr\/wp-json\/wp\/v2\/pages\/14234\/revisions"}],"predecessor-version":[{"id":14246,"href":"https:\/\/billas.com.tr\/fr\/wp-json\/wp\/v2\/pages\/14234\/revisions\/14246"}],"wp:attachment":[{"href":"https:\/\/billas.com.tr\/fr\/wp-json\/wp\/v2\/media?parent=14234"}],"curies":[{"name":"wp","href":"https:\/\/api.w.org\/{rel}","templated":true}]}}