{"id":9863,"date":"2023-02-19T20:59:57","date_gmt":"2023-02-19T17:59:57","guid":{"rendered":"https:\/\/billas.com.tr\/refund-and-return-policy\/"},"modified":"2023-11-26T17:51:33","modified_gmt":"2023-11-26T14:51:33","slug":"refund-and-return-policy","status":"publish","type":"page","link":"https:\/\/billas.com.tr\/en\/refund-and-return-policy\/","title":{"rendered":"COOKIE POLICY"},"content":{"rendered":"<p>[vc_row disable_background_image=&#8221;&#8221; css=&#8221;.vc_custom_1701010202501{padding-left: 50px !important;}&#8221;][vc_column][vc_custom_heading text=&#8221;BI\u0307LLAS TIRE A.\u015e. COOKIE POLICY&#8221;][\/vc_column][\/vc_row][vc_row disable_background_image=&#8221;&#8221; css=&#8221;.vc_custom_1701010271241{padding-right: 50px !important;padding-left: 50px !important;}&#8221;][vc_column][vc_column_text]<span style=\"color: #000000;\">Within the scope of this policy, the term &#8220;Cookie&#8221; refers to cookies and products that serve a similar purpose.<\/span><\/p>\n<p><span style=\"color: #000000;\"><strong>What is a Cookie?<\/strong><\/span><\/p>\n<p><span style=\"color: #000000;\">A cookie is a small text file that the site saves on your computer or mobile device when you visit a site. Cookies are widely used for the operation of a website, to make it work more efficiently or to provide information to the owners of the website.<\/span><\/p>\n<p><span style=\"color: #000000;\"><strong>What is it used for?<\/strong><\/span><\/p>\n<p><span style=\"color: #000000;\">Cookies are used on computers, phones and other devices to collect and store information that identifies you and the movements you make while using the site, your usage habits, and to improve and personalize our website for you.<\/span><\/p>\n<p><span style=\"color: #000000;\">And we are <strong><br \/>\n  <em>BI\u0307LLAS TIRE A.\u015e. <\/em><br \/>\n<\/strong>we use various cookies on the <em>www.billas.com.tr <\/em> website to determine how you interact with the site content and to improve your user experience.<\/span><\/p>\n<p><span style=\"color: #000000;\"><strong>First Party and Third Party Cookies<\/strong><\/span><\/p>\n<p><span style=\"color: #000000;\">Both first-party and third-party cookies are used on the <em>www.billas.com.tr <\/em>website of <em>B\u0130LLAS LAST\u0130K A.\u015e.. <\/em><\/span><\/p>\n<p><span style=\"color: #000000;\">First-party cookies are cookies placed by our company on the kahvedunyasi.com domain and can only be read by B\u0130LLAS LAST\u0130K A.\u015e. These cookies are used to improve your user experience in the process of fulfilling basic site functions such as the user&#8217;s language and location preference.<\/span><\/p>\n<p><span style=\"color: #000000;\">Third party cookies are cookies belonging to and executed by third parties such as business partners or service providers of<em> B\u0130LLAS LAST\u0130K A.\u015e.<\/em> <\/span><\/p>\n<p><span style=\"color: #000000;\"><strong>Cookies Used on Our Website<\/strong><\/span><\/p>\n<p><span style=\"color: #000000;\"><strong>Authentication Cookies:<\/strong> These are cookies used to prevent our members from re-entering their passwords on each page. Similar cookies are also used for Facebook connect logins.<\/span><\/p>\n<p><span style=\"color: #000000;\"><strong>Advertising Cookies:<\/strong> These are cookies used to display behavioral and target-oriented advertisements to visitors.<\/span><\/p>\n<p><span style=\"color: #000000;\"><strong>Analytical Cookies:<\/strong> These are cookies used to analyze the usage habits of our members\/visitors and to determine application statistics. (For example: How many times our site has been opened, what hours our site is used, what are the most used sections within our site)<\/span><\/p>\n<p><span style=\"color: #000000;\"><strong>Technical Cookies:<\/strong> These are cookies used to monitor the proper functioning of the website.<\/span><\/p>\n<p><span style=\"color: #000000;\"><strong>Personalization Cookies:<\/strong> Cookies used to provide personalized content and experience according to user behavior and preferences.<\/span><\/p>\n<p><span style=\"color: #000000;\"><strong>How Can I Delete or Refuse Cookies?<\/strong><\/span><\/p>\n<p><span style=\"color: #000000;\"><strong><br \/>\n  <em>www.billas.com.tr<\/em><br \/>\n<\/strong> website, a number of mandatory cookies are used for our website to work actively and efficiently. These cookies cannot be disabled via the Privacy Preference Panel. You can use the &#8220;Privacy Preference Panel&#8221; for mandatory cookies used on our site.<\/span><\/p>\n<p><span style=\"color: #000000;\">On the other hand, all cookie groups other than mandatory cookies are automatically &#8220;Disabled&#8221;. Our users can reactivate these cookies in line with their wishes or deactivate the cookies they have activated later. However, it is important to note that disabling\/removing the cookies we use may affect your user experience on the www.billas.com.tr website. If non-essential cookies are not activated, you may continue to use the application and\/or the website, but you may not be able to access all functions of the application and\/or the website, or you may experience limited access. In order to take full advantage of the app and\/or the website, we recommend that you allow cookies.<\/span><\/p>\n<p><span style=\"color: #000000;\"><strong>Managing Cookies Outside the &#8220;Privacy Preference Panel&#8221;:<\/strong><\/span><\/p>\n<p><span style=\"color: #000000;\">The most efficient management of the cookies used on our site is provided through the &#8220;Privacy Preference Panel&#8221;. However, you, our valuable users, can also choose the following methods to manage cookies depending on your browser:<\/span><\/p>\n<p><span style=\"color: #000000;\"><strong>Safari:<\/strong> You can select the &#8220;safari&#8221; tab in the &#8220;Settings&#8221; section of your phone and manage all your cookies in the &#8220;Privacy and Security&#8221; section.<\/span><\/p>\n<p><span style=\"color: #000000;\"><strong>Other browsers:<\/strong> You can check the help or support pages of the respective browser or<\/span><\/p>\n<p><span style=\"color: #000000;\">You can get detailed information by visiting <a style=\"color: #000000;\" href=\"https:\/\/www.youronlinechoices.com\/tr\/\">www.youronlinechoices.eu\/tr\/<\/a>.<\/span><\/p>\n<p><span style=\"color: #000000;\">To view how many cookies you are being tracked instantly <a style=\"color: #000000;\" href=\"https:\/\/www.ghostery.com\/\"><br \/>\n  <strong><br \/>\n    <em>Ghostery<\/em><br \/>\n  <\/strong><br \/>\n<\/a> app or directly in the browser <a style=\"color: #000000;\" href=\"https:\/\/brave.com\/\"><br \/>\n  <strong><br \/>\n    <em>Brave<\/em><br \/>\n  <\/strong><br \/>\n<\/a> you can use it.<\/span><\/p>\n<p>[\/vc_column_text][\/vc_column][\/vc_row]<\/p>\n","protected":false},"excerpt":{"rendered":"<p>[vc_row disable_background_image=&#8221;&#8221; css=&#8221;.vc_custom_1701010202501{padding-left: 50px !important;}&#8221;][vc_column][vc_custom_heading text=&#8221;BI\u0307LLAS TIRE A.\u015e. COOKIE POLICY&#8221;][\/vc_column][\/vc_row][vc_row disable_background_image=&#8221;&#8221; css=&#8221;.vc_custom_1701010271241{padding-right: 50px !important;padding-left: 50px !important;}&#8221;][vc_column][vc_column_text]Within the scope of this policy, the term &#8220;Cookie&#8221; refers to cookies and products that serve a similar purpose. What is a Cookie? A cookie [&hellip;]<\/p>\n","protected":false},"author":1,"featured_media":0,"parent":0,"menu_order":0,"comment_status":"closed","ping_status":"closed","template":"","meta":{"footnotes":""},"aioseo_notices":[],"_links":{"self":[{"href":"https:\/\/billas.com.tr\/en\/wp-json\/wp\/v2\/pages\/9863"}],"collection":[{"href":"https:\/\/billas.com.tr\/en\/wp-json\/wp\/v2\/pages"}],"about":[{"href":"https:\/\/billas.com.tr\/en\/wp-json\/wp\/v2\/types\/page"}],"author":[{"embeddable":true,"href":"https:\/\/billas.com.tr\/en\/wp-json\/wp\/v2\/users\/1"}],"replies":[{"embeddable":true,"href":"https:\/\/billas.com.tr\/en\/wp-json\/wp\/v2\/comments?post=9863"}],"version-history":[{"count":5,"href":"https:\/\/billas.com.tr\/en\/wp-json\/wp\/v2\/pages\/9863\/revisions"}],"predecessor-version":[{"id":14212,"href":"https:\/\/billas.com.tr\/en\/wp-json\/wp\/v2\/pages\/9863\/revisions\/14212"}],"wp:attachment":[{"href":"https:\/\/billas.com.tr\/en\/wp-json\/wp\/v2\/media?parent=9863"}],"curies":[{"name":"wp","href":"https:\/\/api.w.org\/{rel}","templated":true}]}}