{"id":9856,"date":"2019-09-12T10:07:16","date_gmt":"2019-09-12T07:07:16","guid":{"rendered":"https:\/\/billas.com.tr\/about-us\/"},"modified":"2023-03-29T17:40:42","modified_gmt":"2023-03-29T14:40:42","slug":"about-us","status":"publish","type":"page","link":"https:\/\/billas.com.tr\/en\/about-us\/","title":{"rendered":"ABOUT US"},"content":{"rendered":"<p>[vc_row disable_background_image=&#8221;&#8221; css=&#8221;.vc_custom_1668700329654{background-image: url(https:\/\/billas.com.tr\/wp-content\/uploads\/2022\/11\/back.png?id=4002) !important;background-position: center !important;background-repeat: no-repeat !important;background-size: cover !important;}&#8221;][vc_column]<div class=\"mkdf-preview-slider\" data-autoplay=\"yes\">\n\t<div class=\"mkdf-ps-text-holder\">\n\t\t<div class=\"mkdf-ps-tagline\">B\u0130LLAS lastik a.s.<\/div>\n\t\t<h1 class=\"mkdf-ps-title\">NEW LOGO, NEW GOALS!<\/h1>\n\t<\/div>\n\t<div class=\"mkdf-ps-images-holder\">\n\t\t<div class=\"mkdf-ps-images-holder-inner\">\n\t\t\t<div class=\"mkdf-ps-laptop-holder\">\n\t\t\t\t<img decoding=\"async\" src=\"https:\/\/billas.com.tr\/wp-content\/plugins\/grandprix-core\/assets\/img\/laptop.png\" class=\"mkdf-ps-laptop-frame\" alt=\"laptop\"\/>\n\t\t\t\t<div class=\"mkdf-ps-laptop-slider\">\n\t\t\t\t\t<div class=\"mkdf-ps-laptop-images mkdf-preview-slider-element\">\n\t\t\t\t\t\t\t\t\t\t\t\t\t<div class=\"mkdf-ps-laptop-image\"><img loading=\"lazy\" decoding=\"async\" width=\"800\" height=\"510\" src=\"https:\/\/billas.com.tr\/wp-content\/uploads\/2022\/11\/laptop_2.jpg\" class=\"attachment-full size-full\" alt=\"\" srcset=\"https:\/\/billas.com.tr\/wp-content\/uploads\/2022\/11\/laptop_2.jpg 800w, https:\/\/billas.com.tr\/wp-content\/uploads\/2022\/11\/laptop_2-300x191.jpg 300w, https:\/\/billas.com.tr\/wp-content\/uploads\/2022\/11\/laptop_2-768x490.jpg 768w\" sizes=\"(max-width: 800px) 100vw, 800px\" \/><\/div>\n\t\t\t\t\t\t\t\t\t\t\t\t\t<div class=\"mkdf-ps-laptop-image\"><img loading=\"lazy\" decoding=\"async\" width=\"800\" height=\"510\" src=\"https:\/\/billas.com.tr\/wp-content\/uploads\/2022\/11\/laptop_4.jpg\" class=\"attachment-full size-full\" alt=\"\" srcset=\"https:\/\/billas.com.tr\/wp-content\/uploads\/2022\/11\/laptop_4.jpg 800w, https:\/\/billas.com.tr\/wp-content\/uploads\/2022\/11\/laptop_4-300x191.jpg 300w, https:\/\/billas.com.tr\/wp-content\/uploads\/2022\/11\/laptop_4-768x490.jpg 768w\" sizes=\"(max-width: 800px) 100vw, 800px\" \/><\/div>\n\t\t\t\t\t\t\t\t\t\t\t\t\t<div class=\"mkdf-ps-laptop-image\"><img loading=\"lazy\" decoding=\"async\" width=\"800\" height=\"510\" src=\"https:\/\/billas.com.tr\/wp-content\/uploads\/2022\/11\/laptop_5.jpg\" class=\"attachment-full size-full\" alt=\"\" srcset=\"https:\/\/billas.com.tr\/wp-content\/uploads\/2022\/11\/laptop_5.jpg 800w, https:\/\/billas.com.tr\/wp-content\/uploads\/2022\/11\/laptop_5-300x191.jpg 300w, https:\/\/billas.com.tr\/wp-content\/uploads\/2022\/11\/laptop_5-768x490.jpg 768w\" sizes=\"(max-width: 800px) 100vw, 800px\" \/><\/div>\n\t\t\t\t\t\t\t\t\t\t\t\t\t<div class=\"mkdf-ps-laptop-image\"><img loading=\"lazy\" decoding=\"async\" width=\"800\" height=\"510\" src=\"https:\/\/billas.com.tr\/wp-content\/uploads\/2022\/11\/laptop_6.jpg\" class=\"attachment-full size-full\" alt=\"\" srcset=\"https:\/\/billas.com.tr\/wp-content\/uploads\/2022\/11\/laptop_6.jpg 800w, https:\/\/billas.com.tr\/wp-content\/uploads\/2022\/11\/laptop_6-300x191.jpg 300w, https:\/\/billas.com.tr\/wp-content\/uploads\/2022\/11\/laptop_6-768x490.jpg 768w\" sizes=\"(max-width: 800px) 100vw, 800px\" \/><\/div>\n\t\t\t\t\t\t\t\t\t\t\t<\/div>\n\t\t\t\t<\/div>\n\t\t\t<\/div>\n\t\t\t<div class=\"mkdf-ps-tablet-holder\">\n\t\t\t\t<img decoding=\"async\" src=\"https:\/\/billas.com.tr\/wp-content\/plugins\/grandprix-core\/assets\/img\/tablet.png\" class=\"mkdf-ps-tablet-frame\"  alt=\"tablet\"\/>\n\t\t\t\t<div class=\"mkdf-ps-tablet-slider\">\n\t\t\t\t\t\t<div class=\"mkdf-ps-tablet-images  mkdf-preview-slider-element\">\n\t\t\t\t\t\t\t\t\t\t\t\t\t\t\t<img loading=\"lazy\" decoding=\"async\" width=\"800\" height=\"510\" src=\"https:\/\/billas.com.tr\/wp-content\/uploads\/2022\/11\/laptop_2.jpg\" class=\"attachment-full size-full\" alt=\"\" srcset=\"https:\/\/billas.com.tr\/wp-content\/uploads\/2022\/11\/laptop_2.jpg 800w, https:\/\/billas.com.tr\/wp-content\/uploads\/2022\/11\/laptop_2-300x191.jpg 300w, https:\/\/billas.com.tr\/wp-content\/uploads\/2022\/11\/laptop_2-768x490.jpg 768w\" sizes=\"(max-width: 800px) 100vw, 800px\" \/>\t\t\t\t\t\t\t\t\t\t\t\t\t\t\t<img loading=\"lazy\" decoding=\"async\" width=\"800\" height=\"510\" src=\"https:\/\/billas.com.tr\/wp-content\/uploads\/2022\/11\/laptop_4.jpg\" class=\"attachment-full size-full\" alt=\"\" srcset=\"https:\/\/billas.com.tr\/wp-content\/uploads\/2022\/11\/laptop_4.jpg 800w, https:\/\/billas.com.tr\/wp-content\/uploads\/2022\/11\/laptop_4-300x191.jpg 300w, https:\/\/billas.com.tr\/wp-content\/uploads\/2022\/11\/laptop_4-768x490.jpg 768w\" sizes=\"(max-width: 800px) 100vw, 800px\" \/>\t\t\t\t\t\t\t\t\t\t\t\t\t\t\t<img loading=\"lazy\" decoding=\"async\" width=\"800\" height=\"510\" src=\"https:\/\/billas.com.tr\/wp-content\/uploads\/2022\/11\/laptop_5.jpg\" class=\"attachment-full size-full\" alt=\"\" srcset=\"https:\/\/billas.com.tr\/wp-content\/uploads\/2022\/11\/laptop_5.jpg 800w, https:\/\/billas.com.tr\/wp-content\/uploads\/2022\/11\/laptop_5-300x191.jpg 300w, https:\/\/billas.com.tr\/wp-content\/uploads\/2022\/11\/laptop_5-768x490.jpg 768w\" sizes=\"(max-width: 800px) 100vw, 800px\" \/>\t\t\t\t\t\t\t\t\t\t\t\t\t\t\t<img loading=\"lazy\" decoding=\"async\" width=\"800\" height=\"510\" src=\"https:\/\/billas.com.tr\/wp-content\/uploads\/2022\/11\/laptop_6.jpg\" class=\"attachment-full size-full\" alt=\"\" srcset=\"https:\/\/billas.com.tr\/wp-content\/uploads\/2022\/11\/laptop_6.jpg 800w, https:\/\/billas.com.tr\/wp-content\/uploads\/2022\/11\/laptop_6-300x191.jpg 300w, https:\/\/billas.com.tr\/wp-content\/uploads\/2022\/11\/laptop_6-768x490.jpg 768w\" sizes=\"(max-width: 800px) 100vw, 800px\" \/>\t\t\t\t\t\t\t\t\t\t\t\t\t<\/div>\n\t\t\t\t<\/div>\n\t\t\t<\/div>\n\t\t\t<div class=\"mkdf-ps-mobile-holder\">\n\t\t\t\t<img decoding=\"async\" src=\"https:\/\/billas.com.tr\/wp-content\/plugins\/grandprix-core\/assets\/img\/phone.png\" class=\"mkdf-ps-phone-frame\"  alt=\"phone\"\/>\n\t\t\t\t<div class=\"mkdf-ps-mobile-slider\">\n\t\t\t\t\t<div class=\"mkdf-ps-mobile-images  mkdf-preview-slider-element\">\n\t\t\t\t\t\t\t\t\t\t\t\t\t<img loading=\"lazy\" decoding=\"async\" width=\"150\" height=\"300\" src=\"https:\/\/billas.com.tr\/wp-content\/uploads\/2022\/11\/mobil_2.jpg\" class=\"attachment-full size-full\" alt=\"\" \/>\t\t\t\t\t\t\t\t\t\t\t\t\t<img loading=\"lazy\" decoding=\"async\" width=\"150\" height=\"300\" src=\"https:\/\/billas.com.tr\/wp-content\/uploads\/2022\/11\/mobil_3.jpg\" class=\"attachment-full size-full\" alt=\"\" \/>\t\t\t\t\t\t\t\t\t\t\t\t\t<img loading=\"lazy\" decoding=\"async\" width=\"150\" height=\"300\" src=\"https:\/\/billas.com.tr\/wp-content\/uploads\/2022\/11\/mobil_4.jpg\" class=\"attachment-full size-full\" alt=\"\" \/>\t\t\t\t\t\t\t\t\t\t\t\t\t<img loading=\"lazy\" decoding=\"async\" width=\"150\" height=\"300\" src=\"https:\/\/billas.com.tr\/wp-content\/uploads\/2022\/11\/mobil_5.jpg\" class=\"attachment-full size-full\" alt=\"\" \/>\t\t\t\t\t\t\t\t\t\t\t<\/div>\n\t\t\t\t<\/div>\n\t\t\t<\/div>\n\t\t<\/div>\n\t<\/div>\n\t<div class=\"mkdf-ps-dots-holder\">\n\t\t<div class=\"mkdf-ps-additional-text\">Choose Your<\/div>\n\t\t<div class=\"mkdf-ps-dots-holder-inner mkdf-preview-slider\" data-autoplay=\"yes\">\n\t\t\t\t\t\t\t<div class=\"mkdf-ps-dot\" style=\"background-color: #ed1d24\"><\/div>\n\t\t\t\t\t\t\t<div class=\"mkdf-ps-dot\" style=\"background-color: #ed1d24\"><\/div>\n\t\t\t\t\t\t\t<div class=\"mkdf-ps-dot\" style=\"background-color: #488932\"><\/div>\n\t\t\t\t\t\t\t<div class=\"mkdf-ps-dot\" style=\"background-color: #64665d\"><\/div>\n\t\t\t\t\t<\/div>\n\t\t<div class=\"mkdf-ps-additional-text\">Color Style<\/div>\n\t<\/div>\n\t<div class=\"mkdf-background-holder\"><\/div>\n<\/div>[\/vc_column][\/vc_row][vc_row row_content_width=&#8221;grid&#8221; disable_background_image=&#8221;1024&#8243; vertical_lines=&#8221;yes&#8221; animated_text_position=&#8221;right&#8221; disable_animated_text=&#8221;&#8221; animated_text=&#8221;Tyres&#8221; animated_text_color=&#8221;#f5f5f5&#8243; css=&#8221;.vc_custom_1668128228272{padding-top: 130px !important;padding-bottom: 125px !important;}&#8221; animated_text_overlay_image=&#8221;2059&#8243;][vc_column css=&#8221;.vc_custom_1569240237669{padding-top: 0px !important;padding-bottom: 5px !important;}&#8221;][vc_row_inner][vc_column_inner width=&#8221;1\/2&#8243;][vc_column_text]<\/p>\n<h6 style=\"text-align: justify;\">ESTABLISHED WITH ITS DEEP KNOWLEDGE AND EXPERIENCE IN THE TIRE INDUSTRY FROM 1976 TO THE PRESENT, BILLAS STARTED PRODUCTION IN 2011 IN ITS FACTORY IN B\u0130LEC\u0130K 1st ORGANIZED INDUSTRIAL ZONE.<br \/>\nOUR FACTORY IS ESTABLISHED ON A TOTAL 93.000 M2 AREA, WITH AN ANNUAL PRODUCTION CAPACITY OF 3 MILLION TIRES AND 6 MILLION UNDER TIRES, OUR MODERN MACHINERY AND EQUIPMENT, BY OUR EXPERT STAFF, BICYCLE, MOTORCYCLE, SCOOTER AND IMPLEMENT. WE ALSO MANUFACTURE CONVEYOR BELT WITH COATING AND COLD BACK RUBBER.<br \/>\nAS BILLAS, OUR PRIORITY OBJECTIVE IS TO MAKE ENVIRONMENTALLY RESPONSIBLE PRODUCTION WITHOUT COMPROMISE ON QUALITY, AND TO ENSURE THE ABSOLUTE SATISFACTION OF OUR CUSTOMERS, BY OFFERING NOT ONLY QUALITY PRODUCTS, BUT ALSO QUALITY SERVICE.<\/h6>\n<p>[\/vc_column_text][\/vc_column_inner][vc_column_inner width=&#8221;1\/2&#8243;][vc_empty_space height=&#8221;80px&#8221;][vc_single_image image=&#8221;2880&#8243; img_size=&#8221;full&#8221; alignment=&#8221;center&#8221;][\/vc_column_inner][\/vc_row_inner][\/vc_column][\/vc_row][vc_row disable_background_image=&#8221;&#8221;][vc_column]<div class=\"mkdf-video-button-holder  mkdf-vb-has-img  mkdf-vb-tat-position-right\">\n\t\t\t<div class=\"mkdf-video-button-image\">\n\t\t\t<img loading=\"lazy\" decoding=\"async\" width=\"1920\" height=\"750\" src=\"https:\/\/billas.com.tr\/wp-content\/uploads\/2022\/11\/BILLAS_HAKKIMIZDA_1.jpg\" class=\"attachment-full size-full\" alt=\"\" srcset=\"https:\/\/billas.com.tr\/wp-content\/uploads\/2022\/11\/BILLAS_HAKKIMIZDA_1.jpg 1920w, https:\/\/billas.com.tr\/wp-content\/uploads\/2022\/11\/BILLAS_HAKKIMIZDA_1-300x117.jpg 300w, https:\/\/billas.com.tr\/wp-content\/uploads\/2022\/11\/BILLAS_HAKKIMIZDA_1-1024x400.jpg 1024w, https:\/\/billas.com.tr\/wp-content\/uploads\/2022\/11\/BILLAS_HAKKIMIZDA_1-768x300.jpg 768w, https:\/\/billas.com.tr\/wp-content\/uploads\/2022\/11\/BILLAS_HAKKIMIZDA_1-1536x600.jpg 1536w\" sizes=\"(max-width: 1920px) 100vw, 1920px\" \/>\t\t<\/div>\n\t\t\t\t<span class=\"mkdf-video-button-play\" >\n\t\t\t<span class=\"mkdf-video-button-play-inner\">\n\t\t\t\t<span class=\"mkdf-video-button-play-holder\">\n\t\t\t\t\t<span class=\"mkdf-video-button-play-text\">\n\t\t\t            <span class=\"mkdf-btn-line-hidden\"><\/span>\n\t\t\t            <span class=\"mkdf-btn-text\">Play<\/span>\n\t\t\t\t        <span class=\"mkdf-btn-line\"><\/span>\n\t\t\t            <i class=\"mkdf-icon-ion-icon ion-ios-play \"><\/i>\n\t\t\t        <\/span>\n\t\t\t        <span class=\"mkdf-video-button-svg\">\n\t\t\t\t\t\t<svg x=\"0px\" y=\"0px\" width=\"78px\" height=\"80px\" viewBox=\"0 0 78 80\" style=\"enable-background:new 0 0 78 80;\">\n\t\t\t\t\t\t\t<path fill=\"CurrentColor\" d=\"M38.2,0C20.1,0,4.8,12.3,0,29h1C5.8,12.8,20.7,1,38.2,1C59.6,1,77,18.5,77,40c0,21.5-17.4,39-38.8,39\n\t\tC21,79,6.4,67.6,1.3,52H0.3c5.1,16.2,20.1,28,37.9,28C60.2,80,78,62.1,78,40C78,17.9,60.2,0,38.2,0z\"><\/path>\n\t\t\t\t\t\t<\/svg>\n\t\t\t\t\t<\/span>\n\t\t\t\t\t\t\t\t\t\t\t<a class=\"mkdf-video-button-link\" href=\"https:\/\/vimeo.com\/769528350\" data-rel=\"prettyPhoto[video_button_pretty_photo_878]\"><\/a>\n\t\t\t\t\t\t\t\t\t<\/span>\n\t\t\t<\/span>\n\t\t<\/span>\n\t\t\t\t<div class=\"mkdf-video-button-outer mkdf-content-in-grid\">\n\t\t\t<div class=\"mkdf-video-button-inner mkdf-grid\">\n\t\t\t\t<div class=\"mkdf-vb-tat-holder\">\n\t\t\t\t\t\t\t\t\t\t\t<span class=\"mkdf-vb-tagline\" >\n\t\t\t\t\t\t\tBillas A.\u015e.\t\t\t\t\t\t<\/span>\n\t\t\t\t\t\t\t\t\t\t\t\t\t\t\t\t<h1 class=\"mkdf-vb-title\" >\n\t\t\t\t\t\tWATCH THE<br \/> TRAILER<br \/>\t\t\t\t\t<\/h1>\n\t\t\t\t\t\t\t\t\t<\/div>\n\t\t\t<\/div>\n\t\t<\/div>\n\t<\/div>[\/vc_column][\/vc_row][vc_row row_content_width=&#8221;grid&#8221; disable_background_image=&#8221;&#8221; simple_background_color=&#8221;#ed1d24&#8243;][vc_column css=&#8221;.vc_custom_1569240665386{padding-top: 100px !important;padding-right: 0px !important;padding-bottom: 100px !important;padding-left: 0px !important;}&#8221;]<div class=\"mkdf-clients-grid-holder mkdf-grid-list mkdf-disable-bottom-space mkdf-six-columns mkdf-small-space  mkdf-cc-hover-roll-over\">\n\t<div class=\"mkdf-cg-inner mkdf-outer-space\">\n\t\t<div class=\"mkdf-cc-item mkdf-item-space mkdf-cci-no-link\">\n\t\t\t\t\t\t<img decoding=\"async\" itemprop=\"image\" class=\"mkdf-cc-image\" src=\"https:\/\/billas.com.tr\/wp-content\/uploads\/2022\/11\/1-scaled.jpg\" alt=\"\" \/>\n\t\t\t\t\t\t\t<img decoding=\"async\" itemprop=\"image\" class=\"mkdf-cc-hover-image\" src=\"https:\/\/billas.com.tr\/wp-content\/uploads\/2022\/11\/1-scaled.jpg\" alt=\"\" \/>\n\t\t\t<\/div><div class=\"mkdf-cc-item mkdf-item-space mkdf-cci-no-link\">\n\t\t\t\t\t\t<img decoding=\"async\" itemprop=\"image\" class=\"mkdf-cc-image\" src=\"https:\/\/billas.com.tr\/wp-content\/uploads\/2022\/11\/2-scaled.jpg\" alt=\"\" \/>\n\t\t\t\t\t\t\t<img decoding=\"async\" itemprop=\"image\" class=\"mkdf-cc-hover-image\" src=\"https:\/\/billas.com.tr\/wp-content\/uploads\/2022\/11\/2-scaled.jpg\" alt=\"\" \/>\n\t\t\t<\/div><div class=\"mkdf-cc-item mkdf-item-space mkdf-cci-no-link\">\n\t\t\t\t\t\t<img decoding=\"async\" itemprop=\"image\" class=\"mkdf-cc-image\" src=\"https:\/\/billas.com.tr\/wp-content\/uploads\/2022\/11\/3-scaled.jpg\" alt=\"\" \/>\n\t\t\t\t\t\t\t<img decoding=\"async\" itemprop=\"image\" class=\"mkdf-cc-hover-image\" src=\"https:\/\/billas.com.tr\/wp-content\/uploads\/2022\/11\/3-scaled.jpg\" alt=\"\" \/>\n\t\t\t<\/div><div class=\"mkdf-cc-item mkdf-item-space mkdf-cci-no-link\">\n\t\t\t\t\t\t<img decoding=\"async\" itemprop=\"image\" class=\"mkdf-cc-image\" src=\"https:\/\/billas.com.tr\/wp-content\/uploads\/2022\/11\/4-scaled.jpg\" alt=\"\" \/>\n\t\t\t\t\t\t\t<img decoding=\"async\" itemprop=\"image\" class=\"mkdf-cc-hover-image\" src=\"https:\/\/billas.com.tr\/wp-content\/uploads\/2022\/11\/4-scaled.jpg\" alt=\"\" \/>\n\t\t\t<\/div><div class=\"mkdf-cc-item mkdf-item-space mkdf-cci-no-link\">\n\t\t\t\t\t\t<img decoding=\"async\" itemprop=\"image\" class=\"mkdf-cc-image\" src=\"https:\/\/billas.com.tr\/wp-content\/uploads\/2022\/11\/5-scaled.jpg\" alt=\"\" \/>\n\t\t\t\t\t\t\t<img decoding=\"async\" itemprop=\"image\" class=\"mkdf-cc-hover-image\" src=\"https:\/\/billas.com.tr\/wp-content\/uploads\/2022\/11\/5-scaled.jpg\" alt=\"\" \/>\n\t\t\t<\/div><div class=\"mkdf-cc-item mkdf-item-space mkdf-cci-no-link\">\n\t\t\t\t\t\t<img decoding=\"async\" itemprop=\"image\" class=\"mkdf-cc-image\" src=\"https:\/\/billas.com.tr\/wp-content\/uploads\/2022\/11\/6-scaled.jpg\" alt=\"\" \/>\n\t\t\t\t\t\t\t<img decoding=\"async\" itemprop=\"image\" class=\"mkdf-cc-hover-image\" src=\"https:\/\/billas.com.tr\/wp-content\/uploads\/2022\/11\/6-scaled.jpg\" alt=\"\" \/>\n\t\t\t<\/div>\t<\/div>\n<\/div>[\/vc_column][\/vc_row][vc_row row_content_width=&#8221;grid&#8221; disable_background_image=&#8221;1024&#8243; vertical_lines=&#8221;yes&#8221; disable_animated_text=&#8221;&#8221; css=&#8221;.vc_custom_1678149126177{padding-top: 130px !important;padding-bottom: 125px !important;}&#8221;][vc_column css=&#8221;.vc_custom_1569240237669{padding-top: 0px !important;padding-bottom: 5px !important;}&#8221;][vc_custom_heading text=&#8221;REFERENCES&#8221; font_container=&#8221;tag:h2|text_align:center|color:%23161616&#8243; use_theme_fonts=&#8221;yes&#8221;][vc_row_inner][vc_column_inner width=&#8221;1\/2&#8243;][vc_single_image image=&#8221;10893&#8243; img_size=&#8221;full&#8221; alignment=&#8221;center&#8221;][vc_custom_heading text=&#8221;S\u0130M MOTO OTOMOT\u0130V LTD.\u015eT\u0130.&#8221; font_container=&#8221;tag:h4|text_align:center|color:%23161616&#8243; use_theme_fonts=&#8221;yes&#8221;][\/vc_column_inner][vc_column_inner width=&#8221;1\/2&#8243;][vc_single_image image=&#8221;10897&#8243; img_size=&#8221;full&#8221; alignment=&#8221;center&#8221;][vc_custom_heading text=&#8221;Volta Motor San. ve Tic. A.\u015e.&#8221; font_container=&#8221;tag:h4|text_align:center|color:%23161616&#8243; use_theme_fonts=&#8221;yes&#8221;][\/vc_column_inner][\/vc_row_inner][\/vc_column][\/vc_row]<\/p>\n","protected":false},"excerpt":{"rendered":"<p>[vc_row disable_background_image=&#8221;&#8221; css=&#8221;.vc_custom_1668700329654{background-image: url(https:\/\/billas.com.tr\/wp-content\/uploads\/2022\/11\/back.png?id=4002) !important;background-position: center !important;background-repeat: no-repeat !important;background-size: cover !important;}&#8221;][vc_column][\/vc_column][\/vc_row][vc_row row_content_width=&#8221;grid&#8221; disable_background_image=&#8221;1024&#8243; vertical_lines=&#8221;yes&#8221; animated_text_position=&#8221;right&#8221; disable_animated_text=&#8221;&#8221; animated_text=&#8221;Tyres&#8221; animated_text_color=&#8221;#f5f5f5&#8243; css=&#8221;.vc_custom_1668128228272{padding-top: 130px !important;padding-bottom: 125px !important;}&#8221; animated_text_overlay_image=&#8221;2059&#8243;][vc_column css=&#8221;.vc_custom_1569240237669{padding-top: 0px !important;padding-bottom: 5px !important;}&#8221;][vc_row_inner][vc_column_inner width=&#8221;1\/2&#8243;][vc_column_text] ESTABLISHED WITH ITS DEEP KNOWLEDGE AND EXPERIENCE IN THE TIRE [&hellip;]<\/p>\n","protected":false},"author":1,"featured_media":0,"parent":0,"menu_order":0,"comment_status":"closed","ping_status":"closed","template":"full-width.php","meta":{"footnotes":""},"aioseo_notices":[],"_links":{"self":[{"href":"https:\/\/billas.com.tr\/en\/wp-json\/wp\/v2\/pages\/9856"}],"collection":[{"href":"https:\/\/billas.com.tr\/en\/wp-json\/wp\/v2\/pages"}],"about":[{"href":"https:\/\/billas.com.tr\/en\/wp-json\/wp\/v2\/types\/page"}],"author":[{"embeddable":true,"href":"https:\/\/billas.com.tr\/en\/wp-json\/wp\/v2\/users\/1"}],"replies":[{"embeddable":true,"href":"https:\/\/billas.com.tr\/en\/wp-json\/wp\/v2\/comments?post=9856"}],"version-history":[{"count":7,"href":"https:\/\/billas.com.tr\/en\/wp-json\/wp\/v2\/pages\/9856\/revisions"}],"predecessor-version":[{"id":11357,"href":"https:\/\/billas.com.tr\/en\/wp-json\/wp\/v2\/pages\/9856\/revisions\/11357"}],"wp:attachment":[{"href":"https:\/\/billas.com.tr\/en\/wp-json\/wp\/v2\/media?parent=9856"}],"curies":[{"name":"wp","href":"https:\/\/api.w.org\/{rel}","templated":true}]}}