{"id":9854,"date":"2019-09-13T11:54:46","date_gmt":"2019-09-13T08:54:46","guid":{"rendered":"https:\/\/billas.com.tr\/contact-us\/"},"modified":"2023-02-19T23:57:32","modified_gmt":"2023-02-19T20:57:32","slug":"contact-us","status":"publish","type":"page","link":"https:\/\/billas.com.tr\/en\/contact-us\/","title":{"rendered":"CONTACT US"},"content":{"rendered":"<p>[vc_row row_content_width=&#8221;grid&#8221; disable_background_image=&#8221;&#8221; css=&#8221;.vc_custom_1676839586153{margin-top: -100px !important;}&#8221;][vc_column offset=&#8221;vc_hidden-sm vc_hidden-xs&#8221;]\n\t\t\t<!-- START iletisim REVOLUTION SLIDER 6.5.19 --><p class=\"rs-p-wp-fix\"><\/p>\n\t\t\t<rs-module-wrap id=\"rev_slider_12_1_wrapper\" data-source=\"gallery\" style=\"visibility:hidden;background:#000000;padding:0;margin:0px auto;margin-top:0;margin-bottom:0;\">\n\t\t\t\t<rs-module id=\"rev_slider_12_1\" style=\"\" data-version=\"6.5.19\">\n\t\t\t\t\t<rs-slides>\n\t\t\t\t\t\t<rs-slide style=\"position: absolute;\" data-key=\"rs-101\" data-title=\"Rapid\" data-in=\"o:0;\" data-out=\"a:false;\">\n\t\t\t\t\t\t\t<img decoding=\"async\" src=\"\/\/billas.com.tr\/wp-content\/plugins\/revslider\/public\/assets\/assets\/dummy.png\" alt=\"Rapid\" title=\"CONTACT US\" class=\"rev-slidebg tp-rs-img rs-lazyload\" data-lazyload=\"\/\/billas.com.tr\/wp-content\/plugins\/revslider\/public\/assets\/assets\/transparent.png\" data-no-retina>\n<!--\n\t\t\t\t\t\t\t--><rs-layer\n\t\t\t\t\t\t\t\tid=\"slider-12-slide-101-layer-2\" \n\t\t\t\t\t\t\t\tdata-type=\"text\"\n\t\t\t\t\t\t\t\tdata-color=\"#e0e0e0\"\n\t\t\t\t\t\t\t\tdata-xy=\"x:c;xo:0,0,0,-499px;y:m;yo:0,-16px,-31px,-148px;\"\n\t\t\t\t\t\t\t\tdata-text=\"w:normal;s:100,280,200,100;l:125,50,50,45;ls:0,-20px,-10px,-5px;fw:700;a:center;\"\n\t\t\t\t\t\t\t\tdata-dim=\"w:626,626,626,342px;\"\n\t\t\t\t\t\t\t\tdata-vbility=\"t,t,t,f\"\n\t\t\t\t\t\t\t\tdata-rsp_o=\"off\"\n\t\t\t\t\t\t\t\tdata-rsp_bd=\"off\"\n\t\t\t\t\t\t\t\tdata-frame_0=\"o:1;\"\n\t\t\t\t\t\t\t\tdata-frame_0_chars=\"d:5;y:-7px;sY:0.6;o:0;rX:90deg;oZ:-50;\"\n\t\t\t\t\t\t\t\tdata-frame_1=\"e:power4.inOut;st:500;sp:900;sR:500;\"\n\t\t\t\t\t\t\t\tdata-frame_1_chars=\"e:power3.inOut;d:9;oZ:-50;\"\n\t\t\t\t\t\t\t\tdata-frame_999=\"o:0;st:w;sR:7150;\"\n\t\t\t\t\t\t\t\tstyle=\"z-index:12;font-family:'Rajdhani';text-transform:uppercase;\"\n\t\t\t\t\t\t\t>CONTACT US \n\t\t\t\t\t\t\t<\/rs-layer><!--\n\n\t\t\t\t\t\t\t--><rs-layer\n\t\t\t\t\t\t\t\tid=\"slider-12-slide-101-layer-13\" \n\t\t\t\t\t\t\t\tdata-type=\"image\"\n\t\t\t\t\t\t\t\tdata-xy=\"xo:-298px,0,0,0;yo:-11px,-11px,-60px,-60px;\"\n\t\t\t\t\t\t\t\tdata-text=\"w:normal;\"\n\t\t\t\t\t\t\t\tdata-dim=\"w:1646px,1151px,1151px,1151px;h:1143px,799px,799px,799px;\"\n\t\t\t\t\t\t\t\tdata-basealign=\"slide\"\n\t\t\t\t\t\t\t\tdata-rsp_o=\"off\"\n\t\t\t\t\t\t\t\tdata-rsp_bd=\"off\"\n\t\t\t\t\t\t\t\tdata-frame_0=\"x:-50;\"\n\t\t\t\t\t\t\t\tdata-frame_1=\"sp:500;\"\n\t\t\t\t\t\t\t\tdata-frame_999=\"o:0;st:w;sR:4500;\"\n\t\t\t\t\t\t\t\tstyle=\"z-index:13;\"\n\t\t\t\t\t\t\t><img loading=\"lazy\" decoding=\"async\" src=\"\/\/billas.com.tr\/wp-content\/plugins\/revslider\/public\/assets\/assets\/dummy.png\" alt=\"a\" class=\"tp-rs-img rs-lazyload\" width=\"1646\" height=\"1143\" data-lazyload=\"\/\/billas.com.tr\/wp-content\/uploads\/2019\/09\/h3-slider-img-1.png\" data-no-retina> \n\t\t\t\t\t\t\t<\/rs-layer><!--\n\n\t\t\t\t\t\t\t--><rs-layer\n\t\t\t\t\t\t\t\tid=\"slider-12-slide-101-layer-14\" \n\t\t\t\t\t\t\t\tdata-type=\"image\"\n\t\t\t\t\t\t\t\tdata-xy=\"x:c;y:m;yo:50px,-26px,-26px,-26px;\"\n\t\t\t\t\t\t\t\tdata-text=\"w:normal;\"\n\t\t\t\t\t\t\t\tdata-dim=\"w:1920px,1700px,1700px,1700px;h:893px,680px,680px,680px;\"\n\t\t\t\t\t\t\t\tdata-rsp_o=\"off\"\n\t\t\t\t\t\t\t\tdata-rsp_bd=\"off\"\n\t\t\t\t\t\t\t\tdata-frame_999=\"o:0;st:w;sR:4700;\"\n\t\t\t\t\t\t\t\tstyle=\"z-index:11;\"\n\t\t\t\t\t\t\t><img loading=\"lazy\" decoding=\"async\" src=\"\/\/billas.com.tr\/wp-content\/plugins\/revslider\/public\/assets\/assets\/dummy.png\" alt=\"\" class=\"tp-rs-img rs-lazyload\" width=\"1920\" height=\"938\" data-lazyload=\"\/\/billas.com.tr\/wp-content\/uploads\/revslider\/product-showcase\/h3-bck-img-41.png\" data-no-retina> \n\t\t\t\t\t\t\t<\/rs-layer><!--\n\n\t\t\t\t\t\t\t--><rs-layer\n\t\t\t\t\t\t\t\tid=\"slider-12-slide-101-layer-15\" \n\t\t\t\t\t\t\t\tdata-type=\"image\"\n\t\t\t\t\t\t\t\tdata-xy=\"x:c;xo:0,-250px,-250px,-250px;y:m;yo:0,83px,83px,83px;\"\n\t\t\t\t\t\t\t\tdata-text=\"w:normal;\"\n\t\t\t\t\t\t\t\tdata-dim=\"w:1920px,602px,602px,602px;h:750px,502px,502px,502px;\"\n\t\t\t\t\t\t\t\tdata-vbility=\"t,t,f,f\"\n\t\t\t\t\t\t\t\tdata-rsp_o=\"off\"\n\t\t\t\t\t\t\t\tdata-rsp_bd=\"off\"\n\t\t\t\t\t\t\t\tdata-frame_0=\"x:-50;\"\n\t\t\t\t\t\t\t\tdata-frame_1=\"e:power4.inOut;st:600;sp:500;sR:600;\"\n\t\t\t\t\t\t\t\tdata-frame_999=\"o:0;st:w;sR:3900;\"\n\t\t\t\t\t\t\t\tstyle=\"z-index:5;\"\n\t\t\t\t\t\t\t><img loading=\"lazy\" decoding=\"async\" src=\"\/\/billas.com.tr\/wp-content\/plugins\/revslider\/public\/assets\/assets\/dummy.png\" alt=\"\" class=\"tp-rs-img rs-lazyload\" width=\"1920\" height=\"750\" data-lazyload=\"\/\/billas.com.tr\/wp-content\/uploads\/2022\/11\/billas_iletisim_slide.jpg\" data-no-retina> \n\t\t\t\t\t\t\t<\/rs-layer><!--\n\n\t\t\t\t\t\t\t--><rs-layer\n\t\t\t\t\t\t\t\tid=\"slider-12-slide-101-layer-31\" \n\t\t\t\t\t\t\t\tdata-type=\"text\"\n\t\t\t\t\t\t\t\tdata-xy=\"x:c;xo:2px,77px,77px,77px;y:m;yo:-82px,-91px,-91px,-91px;\"\n\t\t\t\t\t\t\t\tdata-dim=\"w:1920px;\"\n\t\t\t\t\t\t\t\tdata-vbility=\"f,f,f,f\"\n\t\t\t\t\t\t\t\tdata-rsp_o=\"off\"\n\t\t\t\t\t\t\t\tdata-rsp_bd=\"off\"\n\t\t\t\t\t\t\t\tdata-frame_0=\"o:1;\"\n\t\t\t\t\t\t\t\tdata-frame_999=\"o:0;st:w;sR:4700;\"\n\t\t\t\t\t\t\t\tstyle=\"z-index:10;font-family:'Roboto';\"\n\t\t\t\t\t\t\t><div class=\"mkdf-animated-background-svg\"><svg xmlns=\"http:\/\/www.w3.org\/2000\/svg\" xmlns:xlink=\"http:\/\/www.w3.org\/1999\/xlink\" x=\"0px\" y=\"0px\" viewBox=\"0 0 1920 700\" enable-background=\"new 0 0 1920 700\" xml:space=\"preserve\">\n<path style=\"fill:none;stroke:red;stroke-miterlimit:10\" d=\"M1920,352.4c-66.9,14.6-136.8,32.5-207.3,55.4c-44.3,14.4-80.2,27.7-113.1,42c-20.2,8.8-38.3,17.4-55.5,26.4  c-32.2,17.1-64.3,37.1-95.3,56.4c-31.7,19.7-64.4,40.1-97.4,57.6c-65.6,34.4-164.3,72.5-262.4,58.5  c-80.6-11.6-143.5-53.4-199.5-96.8c-1.9-1.5-3.8-3-5.8-4.5c-30.2-23.4-61.4-47.6-93.6-81.4c-4.8-5-9.6-10.2-14.3-15.5  c-15.7-17.6-30.7-36.4-45.4-54.6C712,372.8,692.8,349,673,328.2C596.6,247.6,497.7,196.7,394.4,185c-46.1-5.2-92.6-2.1-138.3,9.5  c-54.4,13.7-104.3,39-148.5,75.2c-38.4,31.4-71.9,71.7-97,116.3c-3.7,6.6-7.2,13.3-10.5,20\"\/>\n<\/svg><\/div> \n\t\t\t\t\t\t\t<\/rs-layer><!--\n\n\t\t\t\t\t\t\t--><rs-layer\n\t\t\t\t\t\t\t\tid=\"slider-12-slide-101-layer-34\" \n\t\t\t\t\t\t\t\tdata-type=\"text\"\n\t\t\t\t\t\t\t\tdata-xy=\"x:c;xo:2px,105px,105px,105px;y:m;yo:-82px,104px,104px,104px;\"\n\t\t\t\t\t\t\t\tdata-text=\"ls:10px;\"\n\t\t\t\t\t\t\t\tdata-dim=\"w:1920px;\"\n\t\t\t\t\t\t\t\tdata-vbility=\"f,t,t,f\"\n\t\t\t\t\t\t\t\tdata-rsp_o=\"off\"\n\t\t\t\t\t\t\t\tdata-rsp_bd=\"off\"\n\t\t\t\t\t\t\t\tdata-frame_0=\"o:1;\"\n\t\t\t\t\t\t\t\tdata-frame_999=\"o:0;st:w;sR:4700;\"\n\t\t\t\t\t\t\t\tstyle=\"z-index:15;font-family:'Roboto';\"\n\t\t\t\t\t\t\t><div class=\"mkdf-animated-background-svg\"><svg xmlns=\"http:\/\/www.w3.org\/2000\/svg\" xmlns:xlink=\"http:\/\/www.w3.org\/1999\/xlink\" x=\"0px\" y=\"0px\" viewBox=\"0 0 1920 938\" enable-background=\"new 0 0 1920 938\"\nxml:space=\"preserve\">\n<path style=\"fill:none;stroke:red;stroke-miterlimit:10\" d=\"M0,272.2c1.4-2.3,2.9-4.5,4.4-6.8c22.6-33.7,53.1-64.1,88.1-88c40.3-27.5,86-46.9,135.9-57.6 c41.9-9,84.7-11.8,127.1-8.2c95.1,8,186.6,45.3,257.6,105.1c18.4,15.4,36.3,33.2,53.6,50.3c17.8,17.6,36.1,35.8,55.5,52.1 c30,25.1,58.9,42.9,86.9,60.2c1.8,1.1,3.6,2.2,5.4,3.3c51.9,32.1,110.2,62.9,184.5,71c90.3,9.7,180.8-19.7,240.7-46 c30.2-13.3,60.1-28.9,89-43.9c28.3-14.8,57.7-30,87.1-43.1c15.7-6.9,32.3-13.5,50.7-20.3c30.1-11,63-21.3,103.6-32.4 c43.7-12,87.2-22.3,129.8-31.2\"\/>\n<\/svg><\/div> \n\t\t\t\t\t\t\t<\/rs-layer><!--\n\n\t\t\t\t\t\t\t--><rs-layer\n\t\t\t\t\t\t\t\tid=\"slider-12-slide-101-layer-47\" \n\t\t\t\t\t\t\t\tdata-type=\"text\"\n\t\t\t\t\t\t\t\tdata-xy=\"x:c;xo:-5px,77px,63px,63px;y:m;yo:-51px,-91px,-58px,-58px;\"\n\t\t\t\t\t\t\t\tdata-dim=\"w:1920px;\"\n\t\t\t\t\t\t\t\tdata-vbility=\"t,f,f,f\"\n\t\t\t\t\t\t\t\tdata-rsp_o=\"off\"\n\t\t\t\t\t\t\t\tdata-rsp_bd=\"off\"\n\t\t\t\t\t\t\t\tdata-frame_0=\"o:1;\"\n\t\t\t\t\t\t\t\tdata-frame_999=\"o:0;st:w;sR:4700;\"\n\t\t\t\t\t\t\t\tstyle=\"z-index:9;font-family:'Roboto';\"\n\t\t\t\t\t\t\t><div class=\"mkdf-animated-background-svg\"><svg xmlns=\"http:\/\/www.w3.org\/2000\/svg\" xmlns:xlink=\"http:\/\/www.w3.org\/1999\/xlink\" x=\"0px\" y=\"0px\" viewBox=\"0 0 1920 700\" enable-background=\"new 0 0 1920 700\" xml:space=\"preserve\">\n<path style=\"fill:none;stroke:red;stroke-miterlimit:10\" d=\"M0,375.9c1.63-3.15,3.3-6.29,5.01-9.41c25.56-46.68,59.97-88.83,99.5-121.92\n\tc45.51-38.09,97.13-64.94,153.44-79.81c47.35-12.51,95.67-16.34,143.6-11.41c107.38,11.06,210.71,62.77,290.97,145.6 c20.82,21.39,41,45.95,60.51,69.71c20.05,24.41,40.78,49.64,62.73,72.18c33.83,34.74,66.53,59.51,98.16,83.47 c2.02,1.53,4.04,3.06,6.05,4.59c58.63,44.48,124.45,87.18,208.33,98.33c101.98,13.46,204.14-27.23,271.89-63.73 c34.1-18.47,67.87-40.03,100.53-60.87c32.01-20.44,65.12-41.57,98.39-59.69c17.71-9.56,36.45-18.75,57.31-28.09 c33.97-15.21,71.14-29.47,116.98-44.89c49.4-16.61,98.53-30.86,146.6-43.25\"\/>\n<\/svg><\/div> \n\t\t\t\t\t\t\t<\/rs-layer><!--\n-->\t\t\t\t\t\t<\/rs-slide>\n\t\t\t\t\t<\/rs-slides>\n\t\t\t\t\t<rs-static-layers class=\"rs-stl-back \"><!--\n\n\t\t\t\t\t\t\t--><rs-layer\n\t\t\t\t\t\t\t\tid=\"slider-12-slide-12-layer-51\" \n\t\t\t\t\t\t\t\tclass=\"rs-layer-static\"\n\t\t\t\t\t\t\t\tdata-type=\"text\"\n\t\t\t\t\t\t\t\tdata-xy=\"x:c;xo:2px,105px,105px,105px;y:m;yo:-82px,104px,104px,104px;\"\n\t\t\t\t\t\t\t\tdata-dim=\"w:1920px;\"\n\t\t\t\t\t\t\t\tdata-vbility=\"f,f,f,f\"\n\t\t\t\t\t\t\t\tdata-rsp_o=\"off\"\n\t\t\t\t\t\t\t\tdata-rsp_bd=\"off\"\n\t\t\t\t\t\t\t\tdata-onslides=\"s:1;\"\n\t\t\t\t\t\t\t\tdata-frame_0=\"o:1;\"\n\t\t\t\t\t\t\t\tdata-frame_999=\"o:0;st:w;sR:8700;\"\n\t\t\t\t\t\t\t\tstyle=\"z-index:8;font-family:'Roboto';\"\n\t\t\t\t\t\t\t><div class=\"mkdf-animated-background-svg\"><svg xmlns=\"http:\/\/www.w3.org\/2000\/svg\" xmlns:xlink=\"http:\/\/www.w3.org\/1999\/xlink\" x=\"0px\" y=\"0px\" viewBox=\"0 0 1920 938\" enable-background=\"new 0 0 1920 938\"\nxml:space=\"preserve\">\n<path style=\"fill:none;stroke:red;stroke-miterlimit:10\" d=\"M0,272.2c1.4-2.3,2.9-4.5,4.4-6.8c22.6-33.7,53.1-64.1,88.1-88c40.3-27.5,86-46.9,135.9-57.6 c41.9-9,84.7-11.8,127.1-8.2c95.1,8,186.6,45.3,257.6,105.1c18.4,15.4,36.3,33.2,53.6,50.3c17.8,17.6,36.1,35.8,55.5,52.1 c30,25.1,58.9,42.9,86.9,60.2c1.8,1.1,3.6,2.2,5.4,3.3c51.9,32.1,110.2,62.9,184.5,71c90.3,9.7,180.8-19.7,240.7-46 c30.2-13.3,60.1-28.9,89-43.9c28.3-14.8,57.7-30,87.1-43.1c15.7-6.9,32.3-13.5,50.7-20.3c30.1-11,63-21.3,103.6-32.4 c43.7-12,87.2-22.3,129.8-31.2\"\/>\n<\/svg><\/div> \n\t\t\t\t\t\t\t<\/rs-layer><!--\n\n\t\t\t\t\t\t\t--><rs-layer\n\t\t\t\t\t\t\t\tid=\"slider-12-slide-12-layer-52\" \n\t\t\t\t\t\t\t\tclass=\"rs-layer-static\"\n\t\t\t\t\t\t\t\tdata-type=\"text\"\n\t\t\t\t\t\t\t\tdata-xy=\"x:c;xo:-5px,77px,63px,63px;y:m;yo:-51px,-91px,-58px,-58px;\"\n\t\t\t\t\t\t\t\tdata-dim=\"w:1920px;\"\n\t\t\t\t\t\t\t\tdata-vbility=\"f,f,f,f\"\n\t\t\t\t\t\t\t\tdata-rsp_o=\"off\"\n\t\t\t\t\t\t\t\tdata-rsp_bd=\"off\"\n\t\t\t\t\t\t\t\tdata-onslides=\"s:1;\"\n\t\t\t\t\t\t\t\tdata-frame_0=\"o:1;\"\n\t\t\t\t\t\t\t\tdata-frame_999=\"o:0;st:w;sR:8700;\"\n\t\t\t\t\t\t\t\tstyle=\"z-index:9;font-family:'Roboto';\"\n\t\t\t\t\t\t\t><div class=\"mkdf-animated-background-svg\"><svg xmlns=\"http:\/\/www.w3.org\/2000\/svg\" xmlns:xlink=\"http:\/\/www.w3.org\/1999\/xlink\" x=\"0px\" y=\"0px\" viewBox=\"0 0 1920 700\" enable-background=\"new 0 0 1920 700\" xml:space=\"preserve\">\n<path style=\"fill:none;stroke:red;stroke-miterlimit:10\" d=\"M0,375.9c1.63-3.15,3.3-6.29,5.01-9.41c25.56-46.68,59.97-88.83,99.5-121.92\n\tc45.51-38.09,97.13-64.94,153.44-79.81c47.35-12.51,95.67-16.34,143.6-11.41c107.38,11.06,210.71,62.77,290.97,145.6\n\tc20.82,21.39,41,45.95,60.51,69.71c20.05,24.41,40.78,49.64,62.73,72.18c33.83,34.74,66.53,59.51,98.16,83.47\n\tc2.02,1.53,4.04,3.06,6.05,4.59c58.63,44.48,124.45,87.18,208.33,98.33c101.98,13.46,204.14-27.23,271.89-63.73\n\tc34.1-18.47,67.87-40.03,100.53-60.87c32.01-20.44,65.12-41.57,98.39-59.69c17.71-9.56,36.45-18.75,57.31-28.09\n\tc33.97-15.21,71.14-29.47,116.98-44.89c49.4-16.61,98.53-30.86,146.6-43.25\"\/>\n<\/svg><\/div> \n\t\t\t\t\t\t\t<\/rs-layer><!--\n\t\t\t\t\t--><\/rs-static-layers>\n\t\t\t\t<\/rs-module>\n\t\t\t\t<script>\n\t\t\t\t\tsetREVStartSize({c: 'rev_slider_12_1',rl:[1240,1024,778,480],el:[750,850,800,500],gw:[1920,1100,600,300],gh:[750,850,800,500],type:'standard',justify:'',layout:'fullwidth',mh:\"0\"});if (window.RS_MODULES!==undefined && window.RS_MODULES.modules!==undefined && window.RS_MODULES.modules[\"revslider121\"]!==undefined) {window.RS_MODULES.modules[\"revslider121\"].once = false;window.revapi12 = undefined;if (window.RS_MODULES.checkMinimal!==undefined) window.RS_MODULES.checkMinimal()}\n\t\t\t\t<\/script>\n\t\t\t<\/rs-module-wrap>\n\t\t\t<!-- END REVOLUTION SLIDER -->\n[\/vc_column][\/vc_row][vc_row row_content_width=&#8221;grid&#8221; disable_background_image=&#8221;&#8221;][vc_column][vc_empty_space height=&#8221;14px&#8221;][vc_column_text]<\/p>\n<h2>CONTACT INFORMATION<\/h2>\n<p>[\/vc_column_text][\/vc_column][\/vc_row][vc_row row_content_width=&#8221;grid&#8221; disable_background_image=&#8221;&#8221;][vc_column width=&#8221;1\/2&#8243;][vc_column_text]<\/p>\n<h4>HEAD OFFICE<\/h4>\n<p>[\/vc_column_text][vc_empty_space height=&#8221;18&#8243;]<div class=\"mkdf-iwt clearfix  mkdf-iwt-icon-left mkdf-iwt-icon-tiny mkdf-has-appear-animation\">\n\t\t\t\t\t\t<div class=\"mkdf-iwt-icon\">\n\t\t\t\t\t\t\t\t\t\t\t\t\t\t\t    <span class=\"mkdf-icon-shortcode mkdf-normal   mkdf-icon-tiny\"  data-color=\"#ed1d24\">\n                    <span aria-hidden=\"true\" class=\"mkdf-icon-font-elegant icon_pin_alt mkdf-icon-element\" style=\"color: #ed1d24\" ><\/span>            <\/span>\n\t\t\t\t\t\t\t\t<\/div>\n\t\t\t<div class=\"mkdf-iwt-content\" style=\"padding-left: 16px\">\n\t\t\t\t\t\t\t\t\t\t\t<p class=\"mkdf-iwt-text\" style=\"margin-top: 0px\">Kemalpa\u015fa OSB Mah. \u0130zmir-Ankara Asfalt\u0131 Cad. No: 39 Kemalpa\u015fa 35730 \u0130zmir \/ T\u00fcrkiye<\/p>\n\t\t\t\t\t<\/div>\n\t\t\t<\/div>\n[vc_empty_space height=&#8221;14px&#8221;]<div class=\"mkdf-iwt clearfix  mkdf-iwt-icon-left mkdf-iwt-icon-tiny mkdf-has-appear-animation\">\n\t\t\t<a itemprop=\"url\" href=\"tel:+902328770738\" target=\"_self\" >\n\t\t\t\t\t\t<div class=\"mkdf-iwt-icon\">\n\t\t\t\t\t\t\t\t\t\t\t\t\t\t\t    <span class=\"mkdf-icon-shortcode mkdf-normal   mkdf-icon-tiny\"  data-color=\"#ed1d24\">\n                    <i class=\"mkdf-icon-simple-line-icon icon-phone mkdf-icon-element\" style=\"color: #ed1d24\" ><\/i>            <\/span>\n\t\t\t\t\t\t\t\t<\/div>\n\t\t\t<div class=\"mkdf-iwt-content\" style=\"padding-left: 16px\">\n\t\t\t\t\t\t\t\t\t\t\t<p class=\"mkdf-iwt-text\" style=\"margin-top: 0px\">+90 (232) 877 07 38<\/p>\n\t\t\t\t\t<\/div>\n\t\t\t\t\t<\/a>\n<\/div>\n[vc_empty_space height=&#8221;4px&#8221;]<div class=\"mkdf-iwt clearfix  mkdf-iwt-icon-left mkdf-iwt-icon-tiny mkdf-has-appear-animation\">\n\t\t\t<a itemprop=\"url\" href=\"mailto:billas@billas.com.tr\" target=\"_self\" >\n\t\t\t\t\t\t<div class=\"mkdf-iwt-icon\">\n\t\t\t\t\t\t\t\t\t\t\t\t\t\t\t    <span class=\"mkdf-icon-shortcode mkdf-normal   mkdf-icon-tiny\"  data-color=\"#ed1d24\">\n                    <span aria-hidden=\"true\" class=\"mkdf-icon-font-elegant icon_mail_alt mkdf-icon-element\" style=\"color: #ed1d24\" ><\/span>            <\/span>\n\t\t\t\t\t\t\t\t<\/div>\n\t\t\t<div class=\"mkdf-iwt-content\" style=\"padding-left: 16px\">\n\t\t\t\t\t\t\t\t\t\t\t<p class=\"mkdf-iwt-text\" style=\"margin-top: 4px\">billas@billas.com.tr<\/p>\n\t\t\t\t\t<\/div>\n\t\t\t\t\t<\/a>\n<\/div>\n[vc_empty_space height=&#8221;40&#8243;]<a itemprop=\"url\" href=\"https:\/\/www.google.com\/maps\/place\/Pirelli+Lastikleri+-+Ovakent+Lastik+Kaplama\/@38.463826,27.348155,16z\/data=!4m5!3m4!1s0x0:0x27971950109a477d!8m2!3d38.4637532!4d27.3484153?hl=tr-TR\" target=\"_blank\"  class=\"mkdf-btn mkdf-btn-medium mkdf-btn-predefined\"  >\n            <span class=\"mkdf-btn-predefined-line-holder\">\n            <span class=\"mkdf-btn-line-hidden\"><\/span>\n            <span class=\"mkdf-btn-text\">View on Map<\/span>\n\t        <span class=\"mkdf-btn-line\"><\/span>\n            <i class=\"mkdf-btn-predefined-icon mkdf-icon-ion-icon ion-ios-play \"><\/i>\n        <\/span>\n    <\/a>[\/vc_column][vc_column width=&#8221;1\/2&#8243;][vc_column_text]<\/p>\n<h4>FACTORY<\/h4>\n<p>[\/vc_column_text][vc_empty_space height=&#8221;18&#8243;]<div class=\"mkdf-iwt clearfix  mkdf-iwt-icon-left mkdf-iwt-icon-tiny mkdf-has-appear-animation\">\n\t\t\t\t\t\t<div class=\"mkdf-iwt-icon\">\n\t\t\t\t\t\t\t\t\t\t\t\t\t\t\t    <span class=\"mkdf-icon-shortcode mkdf-normal   mkdf-icon-tiny\"  data-color=\"#ed1d24\">\n                    <span aria-hidden=\"true\" class=\"mkdf-icon-font-elegant icon_pin_alt mkdf-icon-element\" style=\"color: #ed1d24\" ><\/span>            <\/span>\n\t\t\t\t\t\t\t\t<\/div>\n\t\t\t<div class=\"mkdf-iwt-content\" style=\"padding-left: 16px\">\n\t\t\t\t\t\t\t\t\t\t\t<p class=\"mkdf-iwt-text\" style=\"margin-top: 0px\">H\u00fcrriyet Mah. Bilecik 1. OSB Ata Bulvar\u0131 No: 1 Merkez 11000 Bilecik \/ T\u00fcrkiye<\/p>\n\t\t\t\t\t<\/div>\n\t\t\t<\/div>\n[vc_empty_space height=&#8221;14px&#8221;]<div class=\"mkdf-iwt clearfix  mkdf-iwt-icon-left mkdf-iwt-icon-tiny mkdf-has-appear-animation\">\n\t\t\t<a itemprop=\"url\" href=\"tel:+902282170035\" target=\"_self\" >\n\t\t\t\t\t\t<div class=\"mkdf-iwt-icon\">\n\t\t\t\t\t\t\t\t\t\t\t\t\t\t\t    <span class=\"mkdf-icon-shortcode mkdf-normal   mkdf-icon-tiny\"  data-color=\"#ed1d24\">\n                    <i class=\"mkdf-icon-simple-line-icon icon-phone mkdf-icon-element\" style=\"color: #ed1d24\" ><\/i>            <\/span>\n\t\t\t\t\t\t\t\t<\/div>\n\t\t\t<div class=\"mkdf-iwt-content\" style=\"padding-left: 16px\">\n\t\t\t\t\t\t\t\t\t\t\t<p class=\"mkdf-iwt-text\" style=\"margin-top: 0px\">+90 (228) 217 00 35<\/p>\n\t\t\t\t\t<\/div>\n\t\t\t\t\t<\/a>\n<\/div>\n[vc_empty_space height=&#8221;4px&#8221;]<div class=\"mkdf-iwt clearfix  mkdf-iwt-icon-left mkdf-iwt-icon-tiny mkdf-has-appear-animation\">\n\t\t\t<a itemprop=\"url\" href=\"mailto:billas@billas.com.tr\" target=\"_self\" >\n\t\t\t\t\t\t<div class=\"mkdf-iwt-icon\">\n\t\t\t\t\t\t\t\t\t\t\t\t\t\t\t    <span class=\"mkdf-icon-shortcode mkdf-normal   mkdf-icon-tiny\"  data-color=\"#ed1d24\">\n                    <span aria-hidden=\"true\" class=\"mkdf-icon-font-elegant icon_mail_alt mkdf-icon-element\" style=\"color: #ed1d24\" ><\/span>            <\/span>\n\t\t\t\t\t\t\t\t<\/div>\n\t\t\t<div class=\"mkdf-iwt-content\" style=\"padding-left: 16px\">\n\t\t\t\t\t\t\t\t\t\t\t<p class=\"mkdf-iwt-text\" style=\"margin-top: 4px\">billas@billas.com.tr<\/p>\n\t\t\t\t\t<\/div>\n\t\t\t\t\t<\/a>\n<\/div>\n[vc_empty_space height=&#8221;40&#8243;]<a itemprop=\"url\" href=\"https:\/\/www.google.com\/maps\/place\/Billas+Lastik+ve+Kau%C3%A7uk+San.+Tic+A.%C5%9E\/@40.1702494,29.9788238,17z\/data=!4m12!1m6!3m5!1s0x14cb854949b47543:0x53a2e3778224d8c7!2sBillas+Lastik+ve+Kau%C3%A7uk+San.+Tic+A.%C5%9E!8m2!3d40.1702453!4d29.9810125!3m4!1s0x14cb854949b47543:0x53a2e3778224d8c7!8m2!3d40.1702453!4d29.9810125?hl=tr-TR\" target=\"_blank\"  class=\"mkdf-btn mkdf-btn-medium mkdf-btn-predefined\"  >\n            <span class=\"mkdf-btn-predefined-line-holder\">\n            <span class=\"mkdf-btn-line-hidden\"><\/span>\n            <span class=\"mkdf-btn-text\">View on Map<\/span>\n\t        <span class=\"mkdf-btn-line\"><\/span>\n            <i class=\"mkdf-btn-predefined-icon mkdf-icon-ion-icon ion-ios-play \"><\/i>\n        <\/span>\n    <\/a>[\/vc_column][\/vc_row][vc_row row_content_width=&#8221;grid&#8221; disable_background_image=&#8221;&#8221;][vc_column width=&#8221;1\/4&#8243;][\/vc_column][vc_column width=&#8221;1\/2&#8243;][vc_empty_space height=&#8221;70&#8243;][vc_column_text]<\/p>\n<h4>CONTACT FORM<\/h4>\n<p>[\/vc_column_text][vc_empty_space height=&#8221;72&#8243;]\n<div class=\"wpcf7 no-js\" id=\"wpcf7-f10718-o1\" lang=\"en-US\" dir=\"ltr\">\n<div class=\"screen-reader-response\"><p role=\"status\" aria-live=\"polite\" aria-atomic=\"true\"><\/p> <ul><\/ul><\/div>\n<form action=\"\/en\/wp-json\/wp\/v2\/pages\/9854#wpcf7-f10718-o1\" method=\"post\" class=\"wpcf7-form init\" aria-label=\"Contact form\" novalidate=\"novalidate\" data-status=\"init\">\n<div style=\"display: none;\">\n<input type=\"hidden\" name=\"_wpcf7\" value=\"10718\" \/>\n<input type=\"hidden\" name=\"_wpcf7_version\" value=\"5.9.3\" \/>\n<input type=\"hidden\" name=\"_wpcf7_locale\" value=\"en_US\" \/>\n<input type=\"hidden\" name=\"_wpcf7_unit_tag\" value=\"wpcf7-f10718-o1\" \/>\n<input type=\"hidden\" name=\"_wpcf7_container_post\" value=\"0\" \/>\n<input type=\"hidden\" name=\"_wpcf7_posted_data_hash\" value=\"\" \/>\n<\/div>\n<div class=\"mkdf-cf7-custom-style\">\n\t<p><label> Your Name<br \/>\n<span class=\"wpcf7-form-control-wrap\" data-name=\"your-name\"><input size=\"40\" class=\"wpcf7-form-control wpcf7-text wpcf7-validates-as-required\" aria-required=\"true\" aria-invalid=\"false\" value=\"\" type=\"text\" name=\"your-name\" \/><\/span> <\/label><br \/>\n<label> Your e-mail<br \/>\n<span class=\"wpcf7-form-control-wrap\" data-name=\"your-email\"><input size=\"40\" class=\"wpcf7-form-control wpcf7-email wpcf7-validates-as-required wpcf7-text wpcf7-validates-as-email\" aria-required=\"true\" aria-invalid=\"false\" value=\"\" type=\"email\" name=\"your-email\" \/><\/span> <\/label><br \/>\n<label> Your message<br \/>\n<span class=\"wpcf7-form-control-wrap\" data-name=\"your-message\"><textarea cols=\"40\" rows=\"5\" class=\"wpcf7-form-control wpcf7-textarea\" aria-invalid=\"false\" name=\"your-message\"><\/textarea><\/span> <\/label><button class=\"wpcf7-form-control wpcf7-submit mkdf-btn mkdf-btn-medium mkdf-btn-solid\" type=\"submit\"><span class=\"mkdf-btn-text\">Send<\/span><\/button>\n\t<\/p>\n<\/div><div class=\"wpcf7-response-output\" aria-hidden=\"true\"><\/div>\n<\/form>\n<\/div>\n[vc_empty_space height=&#8221;70&#8243;][\/vc_column][vc_column width=&#8221;1\/4&#8243;][\/vc_column][\/vc_row]<\/p>\n","protected":false},"excerpt":{"rendered":"<p>[vc_row row_content_width=&#8221;grid&#8221; disable_background_image=&#8221;&#8221; css=&#8221;.vc_custom_1676839586153{margin-top: -100px !important;}&#8221;][vc_column offset=&#8221;vc_hidden-sm vc_hidden-xs&#8221;][\/vc_column][\/vc_row][vc_row row_content_width=&#8221;grid&#8221; disable_background_image=&#8221;&#8221;][vc_column][vc_empty_space height=&#8221;14px&#8221;][vc_column_text] CONTACT INFORMATION [\/vc_column_text][\/vc_column][\/vc_row][vc_row row_content_width=&#8221;grid&#8221; disable_background_image=&#8221;&#8221;][vc_column width=&#8221;1\/2&#8243;][vc_column_text] HEAD OFFICE [\/vc_column_text][vc_empty_space height=&#8221;18&#8243;][vc_empty_space height=&#8221;14px&#8221;][vc_empty_space height=&#8221;4px&#8221;][vc_empty_space height=&#8221;40&#8243;][\/vc_column][vc_column width=&#8221;1\/2&#8243;][vc_column_text] FACTORY [\/vc_column_text][vc_empty_space height=&#8221;18&#8243;][vc_empty_space height=&#8221;14px&#8221;][vc_empty_space height=&#8221;4px&#8221;][vc_empty_space height=&#8221;40&#8243;][\/vc_column][\/vc_row][vc_row row_content_width=&#8221;grid&#8221; disable_background_image=&#8221;&#8221;][vc_column width=&#8221;1\/4&#8243;][\/vc_column][vc_column width=&#8221;1\/2&#8243;][vc_empty_space height=&#8221;70&#8243;][vc_column_text] CONTACT FORM [\/vc_column_text][vc_empty_space height=&#8221;72&#8243;][vc_empty_space [&hellip;]<\/p>\n","protected":false},"author":1,"featured_media":0,"parent":0,"menu_order":0,"comment_status":"closed","ping_status":"closed","template":"full-width.php","meta":{"footnotes":""},"aioseo_notices":[],"_links":{"self":[{"href":"https:\/\/billas.com.tr\/en\/wp-json\/wp\/v2\/pages\/9854"}],"collection":[{"href":"https:\/\/billas.com.tr\/en\/wp-json\/wp\/v2\/pages"}],"about":[{"href":"https:\/\/billas.com.tr\/en\/wp-json\/wp\/v2\/types\/page"}],"author":[{"embeddable":true,"href":"https:\/\/billas.com.tr\/en\/wp-json\/wp\/v2\/users\/1"}],"replies":[{"embeddable":true,"href":"https:\/\/billas.com.tr\/en\/wp-json\/wp\/v2\/comments?post=9854"}],"version-history":[{"count":0,"href":"https:\/\/billas.com.tr\/en\/wp-json\/wp\/v2\/pages\/9854\/revisions"}],"wp:attachment":[{"href":"https:\/\/billas.com.tr\/en\/wp-json\/wp\/v2\/media?parent=9854"}],"curies":[{"name":"wp","href":"https:\/\/api.w.org\/{rel}","templated":true}]}}