{"id":10348,"date":"2019-09-05T12:02:59","date_gmt":"2019-09-05T09:02:59","guid":{"rendered":"https:\/\/billas.com.tr\/billas-lastik-a-s\/"},"modified":"2026-04-14T10:06:01","modified_gmt":"2026-04-14T07:06:01","slug":"billas-lastik-a-s","status":"publish","type":"page","link":"https:\/\/billas.com.tr\/en\/","title":{"rendered":"Billas Lastik A.S."},"content":{"rendered":"<p>[vc_row row_content_width=&#8221;grid&#8221; disable_background_image=&#8221;&#8221; css=&#8221;.vc_custom_1776149139931{padding-bottom: 130px !important;}&#8221;][vc_column][vc_empty_space height=&#8221;50px&#8221;]<div class=\"mkdf-section-title-holder    mkdf-has-appear-animation\" style=\"text-align: center\">\n\t<div class=\"mkdf-st-inner\">\n\t\t\t\t\t\t<h2 class=\"mkdf-st-title\" >\n\t\t\t\t\t\t\t\t\tNEWS\t\t\t\t\t\t\t<\/h2>\n\t\t\t\t\t\t\t<\/div>\n<\/div>[vc_empty_space height=&#8221;40px&#8221;]<div class=\"mkdf-blog-list-holder mkdf-grid-list mkdf-bl-standard mkdf-four-columns mkdf-disable-bottom-space mkdf-normal-space mkdf-bl-pag-no-pagination\"  data-type=standard data-number-of-posts=4 data-number-of-columns=four data-space-between-items=normal data-category=billas data-orderby=date data-order=DESC data-image-size=grandprix_mikado_image_portrait data-title-tag=h4 data-excerpt-length=0 data-post-info-section=no data-post-info-image=yes data-post-info-author=no data-post-info-date=yes data-post-info-category=no data-post-info-comments=no data-post-info-like=no data-pagination-type=no-pagination data-max-num-pages=4 data-next-page=2>\n\t<div class=\"mkdf-bl-wrapper mkdf-outer-space\">\n\t\t<ul class=\"mkdf-blog-list\">\n\t\t\t\n<li class=\"mkdf-bl-item mkdf-item-space\">\n\t<div class=\"mkdf-bli-inner\">\n\t\t\n\t<div class=\"mkdf-post-image\">\n\t\t\t\t\t<a itemprop=\"url\" href=\"https:\/\/billas.com.tr\/en\/2024-eicma-milano-fair\/\" title=\"2024 EICMA Milano Fair\">\n\t\t\t\t\t<img loading=\"lazy\" decoding=\"async\" width=\"650\" height=\"1080\" src=\"https:\/\/billas.com.tr\/wp-content\/uploads\/2024\/11\/EICMA-650x1080.jpg\" class=\"attachment-grandprix_mikado_image_portrait size-grandprix_mikado_image_portrait wp-post-image\" alt=\"\" \/>\t\t\t\t\t<\/a>\n\t\t\t\t\t<\/div>\n        <div class=\"mkdf-bli-content\">\n            \t\n\t        \n<h4 itemprop=\"name\" class=\"entry-title mkdf-post-title\" >\n            <a itemprop=\"url\" href=\"https:\/\/billas.com.tr\/en\/2024-eicma-milano-fair\/\" title=\"2024 EICMA Milano Fair\">\n            2024 EICMA Milano Fair            <\/a>\n    <\/h4>\t\n\t        <div class=\"mkdf-bli-excerpt\">\n\t\t        \t\t        \t<div class=\"mkdf-post-read-more-button\">\n\t\t<a itemprop=\"url\" href=\"https:\/\/billas.com.tr\/en\/2024-eicma-milano-fair\/\" target=\"_self\"  class=\"mkdf-btn mkdf-btn-medium mkdf-btn-simple-predefined mkdf-blog-list-button\"  >            <span class=\"mkdf-btn-predefined-line-holder\">            <span class=\"mkdf-btn-line-hidden\"><\/span>            <span class=\"mkdf-btn-text\">Read More<\/span>\t        <span class=\"mkdf-btn-line\"><\/span>            <i class=\"mkdf-btn-predefined-icon mkdf-icon-ion-icon ion-ios-play \"><\/i>        <\/span>    <\/a>\t<\/div>\n\t        <\/div>\n\t        \n\t        \t\n\t                <\/div>\n\t<\/div>\n<\/li>\n<li class=\"mkdf-bl-item mkdf-item-space\">\n\t<div class=\"mkdf-bli-inner\">\n\t\t\n\t<div class=\"mkdf-post-image\">\n\t\t\t\t\t<a itemprop=\"url\" href=\"https:\/\/billas.com.tr\/en\/konya-agriculture-fair-starts\/\" title=\"2024 Konya Agriculture Fair Starts\">\n\t\t\t\t\t<img loading=\"lazy\" decoding=\"async\" width=\"650\" height=\"1080\" src=\"https:\/\/billas.com.tr\/wp-content\/uploads\/2024\/02\/425848170_914569693793466_4860326324774667329_n-650x1080.jpg\" class=\"attachment-grandprix_mikado_image_portrait size-grandprix_mikado_image_portrait wp-post-image\" alt=\"\" \/>\t\t\t\t\t<\/a>\n\t\t\t\t\t<\/div>\n        <div class=\"mkdf-bli-content\">\n            \t\n\t        \n<h4 itemprop=\"name\" class=\"entry-title mkdf-post-title\" >\n            <a itemprop=\"url\" href=\"https:\/\/billas.com.tr\/en\/konya-agriculture-fair-starts\/\" title=\"2024 Konya Agriculture Fair Starts\">\n            2024 Konya Agriculture Fair Starts            <\/a>\n    <\/h4>\t\n\t        <div class=\"mkdf-bli-excerpt\">\n\t\t        \t\t        \t<div class=\"mkdf-post-read-more-button\">\n\t\t<a itemprop=\"url\" href=\"https:\/\/billas.com.tr\/en\/konya-agriculture-fair-starts\/\" target=\"_self\"  class=\"mkdf-btn mkdf-btn-medium mkdf-btn-simple-predefined mkdf-blog-list-button\"  >            <span class=\"mkdf-btn-predefined-line-holder\">            <span class=\"mkdf-btn-line-hidden\"><\/span>            <span class=\"mkdf-btn-text\">Read More<\/span>\t        <span class=\"mkdf-btn-line\"><\/span>            <i class=\"mkdf-btn-predefined-icon mkdf-icon-ion-icon ion-ios-play \"><\/i>        <\/span>    <\/a>\t<\/div>\n\t        <\/div>\n\t        \n\t        \t\n\t                <\/div>\n\t<\/div>\n<\/li>\n<li class=\"mkdf-bl-item mkdf-item-space\">\n\t<div class=\"mkdf-bli-inner\">\n\t\t\n\t<div class=\"mkdf-post-image\">\n\t\t\t\t\t<a itemprop=\"url\" href=\"https:\/\/billas.com.tr\/en\/billas-a-s-november-27-2023-antalya-dealer-meeting\/\" title=\"Billas A.S. | November 27, 2023 Antalya Dealer Meeting\">\n\t\t\t\t\t<img loading=\"lazy\" decoding=\"async\" width=\"650\" height=\"1080\" src=\"https:\/\/billas.com.tr\/wp-content\/uploads\/2023\/12\/billas_27112023_antalya_bayi_toplanti_23-650x1080.jpg\" class=\"attachment-grandprix_mikado_image_portrait size-grandprix_mikado_image_portrait wp-post-image\" alt=\"\" \/>\t\t\t\t\t<\/a>\n\t\t\t\t\t<\/div>\n        <div class=\"mkdf-bli-content\">\n            \t\n\t        \n<h4 itemprop=\"name\" class=\"entry-title mkdf-post-title\" >\n            <a itemprop=\"url\" href=\"https:\/\/billas.com.tr\/en\/billas-a-s-november-27-2023-antalya-dealer-meeting\/\" title=\"Billas A.S. | November 27, 2023 Antalya Dealer Meeting\">\n            Billas A.S. | November 27, 2023 Antalya Dealer Meeting            <\/a>\n    <\/h4>\t\n\t        <div class=\"mkdf-bli-excerpt\">\n\t\t        \t\t        \t<div class=\"mkdf-post-read-more-button\">\n\t\t<a itemprop=\"url\" href=\"https:\/\/billas.com.tr\/en\/billas-a-s-november-27-2023-antalya-dealer-meeting\/\" target=\"_self\"  class=\"mkdf-btn mkdf-btn-medium mkdf-btn-simple-predefined mkdf-blog-list-button\"  >            <span class=\"mkdf-btn-predefined-line-holder\">            <span class=\"mkdf-btn-line-hidden\"><\/span>            <span class=\"mkdf-btn-text\">Read More<\/span>\t        <span class=\"mkdf-btn-line\"><\/span>            <i class=\"mkdf-btn-predefined-icon mkdf-icon-ion-icon ion-ios-play \"><\/i>        <\/span>    <\/a>\t<\/div>\n\t        <\/div>\n\t        \n\t        \t\n\t                <\/div>\n\t<\/div>\n<\/li>\n<li class=\"mkdf-bl-item mkdf-item-space\">\n\t<div class=\"mkdf-bli-inner\">\n\t\t\n\t<div class=\"mkdf-post-image\">\n\t\t\t\t\t<a itemprop=\"url\" href=\"https:\/\/billas.com.tr\/en\/motobike-2023\/\" title=\"Motobike 2023\">\n\t\t\t\t\t<img loading=\"lazy\" decoding=\"async\" width=\"650\" height=\"1080\" src=\"https:\/\/billas.com.tr\/wp-content\/uploads\/2023\/04\/youtube-kapak-650x1080.png\" class=\"attachment-grandprix_mikado_image_portrait size-grandprix_mikado_image_portrait\" alt=\"\" \/>\t\t\t\t\t<\/a>\n\t\t\t\t\t<\/div>\n        <div class=\"mkdf-bli-content\">\n            \t\n\t        \n<h4 itemprop=\"name\" class=\"entry-title mkdf-post-title\" >\n            <a itemprop=\"url\" href=\"https:\/\/billas.com.tr\/en\/motobike-2023\/\" title=\"Motobike 2023\">\n            Motobike 2023            <\/a>\n    <\/h4>\t\n\t        <div class=\"mkdf-bli-excerpt\">\n\t\t        \t\t        \t<div class=\"mkdf-post-read-more-button\">\n\t\t<a itemprop=\"url\" href=\"https:\/\/billas.com.tr\/en\/motobike-2023\/\" target=\"_self\"  class=\"mkdf-btn mkdf-btn-medium mkdf-btn-simple-predefined mkdf-blog-list-button\"  >            <span class=\"mkdf-btn-predefined-line-holder\">            <span class=\"mkdf-btn-line-hidden\"><\/span>            <span class=\"mkdf-btn-text\">Read More<\/span>\t        <span class=\"mkdf-btn-line\"><\/span>            <i class=\"mkdf-btn-predefined-icon mkdf-icon-ion-icon ion-ios-play \"><\/i>        <\/span>    <\/a>\t<\/div>\n\t        <\/div>\n\t        \n\t        \t\n\t                <\/div>\n\t<\/div>\n<\/li>\t\t<\/ul>\n\t<\/div>\n\t<\/div>[\/vc_column][\/vc_row][vc_row gap=&#8221;3&#8243; row_content_width=&#8221;grid&#8221; disable_background_image=&#8221;1024&#8243; animated_text_position=&#8221;right&#8221; animated_text_vertical_position=&#8221;middle&#8221; disable_animated_text=&#8221;&#8221; animated_text=&#8221;B\u0130LLAS&#8221; animated_text_color=&#8221;#f5f5f5&#8243; css=&#8221;.vc_custom_1776149642645{padding-top: 95px !important;padding-bottom: 68px !important;}&#8221; animated_text_overlay_image=&#8221;2059&#8243; simple_background_color=&#8221;#eaeaea&#8221;][vc_column css=&#8221;.vc_custom_1569490126087{padding-top: 0px !important;padding-bottom: 36px !important;}&#8221;]<div class=\"mkdf-dual-image-carousel swiper-container full-page\"  >\n    <div class=\"swiper-wrapper\">\n                    <div class=\"swiper-slide\" data-swiper-title='B\u0130LLAS \u0130LE \u00d6ZG\u00dcRL\u00dcK'>\n                                    <div class=\"mkdf-slide-background-image-holder\">\n                        <div class=\"mkdf-slide-background-image\">\n                            <img loading=\"lazy\" decoding=\"async\" width=\"1080\" height=\"600\" src=\"https:\/\/billas.com.tr\/wp-content\/uploads\/2022\/11\/5back_ozgurluk_4.jpg\" class=\"attachment-full size-full\" alt=\"\" srcset=\"https:\/\/billas.com.tr\/wp-content\/uploads\/2022\/11\/5back_ozgurluk_4.jpg 1080w, https:\/\/billas.com.tr\/wp-content\/uploads\/2022\/11\/5back_ozgurluk_4-300x167.jpg 300w, https:\/\/billas.com.tr\/wp-content\/uploads\/2022\/11\/5back_ozgurluk_4-1024x569.jpg 1024w, https:\/\/billas.com.tr\/wp-content\/uploads\/2022\/11\/5back_ozgurluk_4-768x427.jpg 768w\" sizes=\"(max-width: 1080px) 100vw, 1080px\" \/>\t                        <div class=\"mkdf-slide-info-holder\">\n\t\t                        \t\t                            <span class=\"mkdf-slide-custom-mark\"><span class=\"mkdf-split-character\">B<\/span> <span class=\"mkdf-split-character\">2<\/span> <span class=\"mkdf-split-character\">5<\/span><\/span>\n\t\t                        \t\t                        <div class=\"mkdf-slide-info\">\n\t\t\t                        \t\t                            <h4 class=\"mkdf-slide-title\">\n\t\t\t                            <a href=\"https:\/\/billas.com.tr\/lastikler\/motosiklet-lastikleri\/\" target=\"_self\">\n\t\t\t\t                            \t\t\t                                    B\u0130LLAS \u0130LE \u00d6ZG\u00dcRL\u00dcK\t\t\t\t                            \t\t\t                            <\/a>\n\t\t                            <\/h4>\n\t\t\t                        <a itemprop=\"url\" href=\"https:\/\/billas.com.tr\/lastikler\/motosiklet-lastikleri\/\" target=\"_self\"  class=\"mkdf-btn mkdf-btn-medium mkdf-btn-simple-predefined\"  >            <span class=\"mkdf-btn-predefined-line-holder\">            <span class=\"mkdf-btn-line-hidden\"><\/span>            <span class=\"mkdf-btn-text\">Motosiklet Lastikleri<\/span>\t        <span class=\"mkdf-btn-line\"><\/span>            <i class=\"mkdf-btn-predefined-icon mkdf-icon-ion-icon ion-ios-play \"><\/i>        <\/span>    <\/a>\t\t                        <\/div>\n\t                        <\/div>\n                        <\/div>\n                    <\/div>\n                                            <\/div>\n                    <div class=\"swiper-slide\" data-swiper-title='HER KO\u015eULDA G\u00dcVEN'>\n                                    <div class=\"mkdf-slide-background-image-holder\">\n                        <div class=\"mkdf-slide-background-image\">\n                            <img loading=\"lazy\" decoding=\"async\" width=\"1080\" height=\"600\" src=\"https:\/\/billas.com.tr\/wp-content\/uploads\/2022\/11\/back_ozgurluk.jpg\" class=\"attachment-full size-full\" alt=\"\" srcset=\"https:\/\/billas.com.tr\/wp-content\/uploads\/2022\/11\/back_ozgurluk.jpg 1080w, https:\/\/billas.com.tr\/wp-content\/uploads\/2022\/11\/back_ozgurluk-300x167.jpg 300w, https:\/\/billas.com.tr\/wp-content\/uploads\/2022\/11\/back_ozgurluk-1024x569.jpg 1024w, https:\/\/billas.com.tr\/wp-content\/uploads\/2022\/11\/back_ozgurluk-768x427.jpg 768w\" sizes=\"(max-width: 1080px) 100vw, 1080px\" \/>\t                        <div class=\"mkdf-slide-info-holder\">\n\t\t                        \t\t                            <span class=\"mkdf-slide-custom-mark\"><span class=\"mkdf-split-character\">B<\/span> <span class=\"mkdf-split-character\">L<\/span> <span class=\"mkdf-split-character\">7<\/span> <span class=\"mkdf-split-character\">5<\/span><\/span>\n\t\t                        \t\t                        <div class=\"mkdf-slide-info\">\n\t\t\t                        \t\t                            <h4 class=\"mkdf-slide-title\">\n\t\t\t                            <a href=\"https:\/\/billas.com.tr\/lastikler\/motosiklet-lastikleri\/\" target=\"_self\">\n\t\t\t\t                            \t\t\t                                    HER KO\u015eULDA G\u00dcVEN\t\t\t\t                            \t\t\t                            <\/a>\n\t\t                            <\/h4>\n\t\t\t                        <a itemprop=\"url\" href=\"https:\/\/billas.com.tr\/lastikler\/motosiklet-lastikleri\/\" target=\"_self\"  class=\"mkdf-btn mkdf-btn-medium mkdf-btn-simple-predefined\"  >            <span class=\"mkdf-btn-predefined-line-holder\">            <span class=\"mkdf-btn-line-hidden\"><\/span>            <span class=\"mkdf-btn-text\">ATV ve Golf Lastikleri<\/span>\t        <span class=\"mkdf-btn-line\"><\/span>            <i class=\"mkdf-btn-predefined-icon mkdf-icon-ion-icon ion-ios-play \"><\/i>        <\/span>    <\/a>\t\t                        <\/div>\n\t                        <\/div>\n                        <\/div>\n                    <\/div>\n                                            <\/div>\n                    <div class=\"swiper-slide\" data-swiper-title='\u015eEH\u0130R \u0130\u00c7\u0130NDE \u00d6ZG\u00dcRL\u00dcK'>\n                                    <div class=\"mkdf-slide-background-image-holder\">\n                        <div class=\"mkdf-slide-background-image\">\n                            <img loading=\"lazy\" decoding=\"async\" width=\"1080\" height=\"600\" src=\"https:\/\/billas.com.tr\/wp-content\/uploads\/2022\/11\/back_scooter_3.jpg\" class=\"attachment-full size-full\" alt=\"\" srcset=\"https:\/\/billas.com.tr\/wp-content\/uploads\/2022\/11\/back_scooter_3.jpg 1080w, https:\/\/billas.com.tr\/wp-content\/uploads\/2022\/11\/back_scooter_3-300x167.jpg 300w, https:\/\/billas.com.tr\/wp-content\/uploads\/2022\/11\/back_scooter_3-1024x569.jpg 1024w, https:\/\/billas.com.tr\/wp-content\/uploads\/2022\/11\/back_scooter_3-768x427.jpg 768w\" sizes=\"(max-width: 1080px) 100vw, 1080px\" \/>\t                        <div class=\"mkdf-slide-info-holder\">\n\t\t                        \t\t                            <span class=\"mkdf-slide-custom-mark\"><span class=\"mkdf-split-character\">B<\/span> <span class=\"mkdf-split-character\">L<\/span> <span class=\"mkdf-split-character\">5<\/span> <span class=\"mkdf-split-character\">0<\/span><\/span>\n\t\t                        \t\t                        <div class=\"mkdf-slide-info\">\n\t\t\t                        \t\t                            <h4 class=\"mkdf-slide-title\">\n\t\t\t                            <a href=\"https:\/\/billas.com.tr\/lastikler\/scooter-lastikleri\/\" target=\"_self\">\n\t\t\t\t                            \t\t\t                                    \u015eEH\u0130R \u0130\u00c7\u0130NDE \u00d6ZG\u00dcRL\u00dcK\t\t\t\t                            \t\t\t                            <\/a>\n\t\t                            <\/h4>\n\t\t\t                        <a itemprop=\"url\" href=\"https:\/\/billas.com.tr\/lastikler\/scooter-lastikleri\/\" target=\"_self\"  class=\"mkdf-btn mkdf-btn-medium mkdf-btn-simple-predefined\"  >            <span class=\"mkdf-btn-predefined-line-holder\">            <span class=\"mkdf-btn-line-hidden\"><\/span>            <span class=\"mkdf-btn-text\">Scooter Lastikleri<\/span>\t        <span class=\"mkdf-btn-line\"><\/span>            <i class=\"mkdf-btn-predefined-icon mkdf-icon-ion-icon ion-ios-play \"><\/i>        <\/span>    <\/a>\t\t                        <\/div>\n\t                        <\/div>\n                        <\/div>\n                    <\/div>\n                                            <\/div>\n            <\/div>\n\t<div class=\"mkdf-custom-pagination\">\n\t\t<div class=\"swiper-pagination\"><\/div>\n\t\t<div class=\"mkdf-pagination-line-holder\">\n\t\t\t<span class=\"mkdf-pagination-line\"><\/span>\n\t\t<\/div>\n\t<\/div>\n<\/div>[\/vc_column][\/vc_row][vc_row gap=&#8221;3&#8243; row_content_width=&#8221;grid&#8221; disable_background_image=&#8221;1024&#8243; animated_text_position=&#8221;right&#8221; animated_text_vertical_position=&#8221;middle&#8221; disable_animated_text=&#8221;&#8221; animated_text=&#8221;B\u0130LLAS&#8221; animated_text_color=&#8221;#f5f5f5&#8243; css=&#8221;.vc_custom_1776149633305{padding-top: 95px !important;padding-bottom: 68px !important;}&#8221; animated_text_overlay_image=&#8221;2059&#8243; simple_background_color=&#8221;#eaeaea&#8221;][vc_column css=&#8221;.vc_custom_1569490126087{padding-top: 0px !important;padding-bottom: 36px !important;}&#8221;]<div class=\"mkdf-item-showcase-specific-holder  mkdf-iss-text-left  mkdf-has-appear-animation\">\n\t<div class=\"mkdf-iss-content\">\n\t\t<div class=\"mkdf-iss-info-section\">\n\t\t\t\t\t\t\t<span class=\"mkdf-iss-tagline\" >Billas A.\u015e.<\/span>\n\t\t\t\t\t\t\t\t\t\t<h2 class=\"mkdf-iss-title\" >\n\t\t\t\t\tABOUT US\t\t\t\t<\/h2>\n\t\t\t\t\t\t\t\t\t\t<p class=\"mkdf-is-text\" style=\"color: #1e1e1e\">Billas, which was established with deep knowledge and experience in the tire sector since 1976, started production in its factory in Bilecik 1st Organized Industrial Zone in 2011.<\/p>\n\t\t\t\t\t\t\t\t\t\t<div class=\"mkdf-iss-button\">\n\t\t\t\t\t<a itemprop=\"url\" href=\"https:\/\/billas.com.tr\/hakkimizda\/\" target=\"_self\"  class=\"mkdf-btn mkdf-btn-medium mkdf-btn-simple-predefined\"  >            <span class=\"mkdf-btn-predefined-line-holder\">            <span class=\"mkdf-btn-line-hidden\"><\/span>            <span class=\"mkdf-btn-text\">KURUMSAL<\/span>\t        <span class=\"mkdf-btn-line\"><\/span>            <i class=\"mkdf-btn-predefined-icon mkdf-icon-ion-icon ion-ios-play \"><\/i>        <\/span>    <\/a>\t\t\t\t<\/div>\n\t\t\t\t\t\t\t<\/div>\n\t\t<div class=\"mkdf-iss-media-section\">\n\t\t\t<div class=\"mkdf-iss-al-and-si-holder\">\n\t\t\t\t<div class=\"mkdf-iss-additional-link-holder\">\n\t\t\t\t\t\t\t\t\t\t\t<a class=\"mkdf-iss-additional-link\" href=\"#\" target=\"_self\">BL 075\t\t\t\t\t\t\t<span class=\"ion-ios-play\"><\/span>\n\t\t\t\t\t\t<\/a>\n\t\t\t\t\t\t\t\t\t<\/div>\n\t\t\t\t<div class=\"mkdf-iss-second-image-holder\">\n\t\t\t\t\t\t\t\t\t\t\t<div class=\"mkdf-iss-second-image\" style=\"top: -83px\">\n\t\t\t\t\t\t\t<img loading=\"lazy\" decoding=\"async\" width=\"822\" height=\"686\" src=\"https:\/\/billas.com.tr\/wp-content\/uploads\/2022\/11\/BL-075.png\" class=\"attachment-full size-full\" alt=\"\" srcset=\"https:\/\/billas.com.tr\/wp-content\/uploads\/2022\/11\/BL-075.png 822w, https:\/\/billas.com.tr\/wp-content\/uploads\/2022\/11\/BL-075-600x501.png 600w, https:\/\/billas.com.tr\/wp-content\/uploads\/2022\/11\/BL-075-300x250.png 300w, https:\/\/billas.com.tr\/wp-content\/uploads\/2022\/11\/BL-075-768x641.png 768w\" sizes=\"(max-width: 822px) 100vw, 822px\" \/>\t\t\t\t\t\t\t<span class=\"mkdf-angle one\"><\/span>\n\t\t\t\t\t\t\t<span class=\"mkdf-angle two\"><\/span>\n\t\t\t\t\t\t\t<span class=\"mkdf-angle three\"><\/span>\n\t\t\t\t\t\t\t<span class=\"mkdf-angle four\"><\/span>\n\t\t\t\t\t\t<\/div>\n\t\t\t\t\t\t\t\t\t<\/div>\n\t\t\t<\/div>\n\t\t\t<div class=\"mkdf-iss-main-image-holder\">\n\t\t\t\t<img loading=\"lazy\" decoding=\"async\" width=\"1000\" height=\"667\" src=\"https:\/\/billas.com.tr\/wp-content\/uploads\/2022\/11\/billas_foto_1.jpg\" class=\"attachment-full size-full\" alt=\"\" style=\"transform: scale(1.08)\" srcset=\"https:\/\/billas.com.tr\/wp-content\/uploads\/2022\/11\/billas_foto_1.jpg 1000w, https:\/\/billas.com.tr\/wp-content\/uploads\/2022\/11\/billas_foto_1-600x400.jpg 600w, https:\/\/billas.com.tr\/wp-content\/uploads\/2022\/11\/billas_foto_1-300x200.jpg 300w, https:\/\/billas.com.tr\/wp-content\/uploads\/2022\/11\/billas_foto_1-768x512.jpg 768w\" sizes=\"(max-width: 1000px) 100vw, 1000px\" \/>\t\t\t<\/div>\n\t\t\t<div class=\"mkdf-iss-icon-holder\">\n\t\t\t\t\t\t\t<\/div>\n\t\t<\/div>\n\t<\/div>\n<\/div>[\/vc_column][\/vc_row]<\/p>\n","protected":false},"excerpt":{"rendered":"<p>[vc_row row_content_width=&#8221;grid&#8221; disable_background_image=&#8221;&#8221; css=&#8221;.vc_custom_1776149139931{padding-bottom: 130px !important;}&#8221;][vc_column][vc_empty_space height=&#8221;50px&#8221;][vc_empty_space height=&#8221;40px&#8221;][\/vc_column][\/vc_row][vc_row gap=&#8221;3&#8243; row_content_width=&#8221;grid&#8221; disable_background_image=&#8221;1024&#8243; animated_text_position=&#8221;right&#8221; animated_text_vertical_position=&#8221;middle&#8221; disable_animated_text=&#8221;&#8221; animated_text=&#8221;B\u0130LLAS&#8221; animated_text_color=&#8221;#f5f5f5&#8243; css=&#8221;.vc_custom_1776149642645{padding-top: 95px !important;padding-bottom: 68px !important;}&#8221; animated_text_overlay_image=&#8221;2059&#8243; simple_background_color=&#8221;#eaeaea&#8221;][vc_column css=&#8221;.vc_custom_1569490126087{padding-top: 0px !important;padding-bottom: 36px !important;}&#8221;][\/vc_column][\/vc_row][vc_row gap=&#8221;3&#8243; row_content_width=&#8221;grid&#8221; disable_background_image=&#8221;1024&#8243; animated_text_position=&#8221;right&#8221; animated_text_vertical_position=&#8221;middle&#8221; disable_animated_text=&#8221;&#8221; animated_text=&#8221;B\u0130LLAS&#8221; animated_text_color=&#8221;#f5f5f5&#8243; css=&#8221;.vc_custom_1776149633305{padding-top: 95px !important;padding-bottom: 68px [&hellip;]<\/p>\n","protected":false},"author":1,"featured_media":0,"parent":0,"menu_order":0,"comment_status":"closed","ping_status":"closed","template":"full-width.php","meta":{"footnotes":""},"aioseo_notices":[],"_links":{"self":[{"href":"https:\/\/billas.com.tr\/en\/wp-json\/wp\/v2\/pages\/10348"}],"collection":[{"href":"https:\/\/billas.com.tr\/en\/wp-json\/wp\/v2\/pages"}],"about":[{"href":"https:\/\/billas.com.tr\/en\/wp-json\/wp\/v2\/types\/page"}],"author":[{"embeddable":true,"href":"https:\/\/billas.com.tr\/en\/wp-json\/wp\/v2\/users\/1"}],"replies":[{"embeddable":true,"href":"https:\/\/billas.com.tr\/en\/wp-json\/wp\/v2\/comments?post=10348"}],"version-history":[{"count":28,"href":"https:\/\/billas.com.tr\/en\/wp-json\/wp\/v2\/pages\/10348\/revisions"}],"predecessor-version":[{"id":14842,"href":"https:\/\/billas.com.tr\/en\/wp-json\/wp\/v2\/pages\/10348\/revisions\/14842"}],"wp:attachment":[{"href":"https:\/\/billas.com.tr\/en\/wp-json\/wp\/v2\/media?parent=10348"}],"curies":[{"name":"wp","href":"https:\/\/api.w.org\/{rel}","templated":true}]}}